{"id":103,"date":"2022-01-05T17:07:10","date_gmt":"2022-01-05T17:07:10","guid":{"rendered":"https:\/\/cubipod.ohla-group.com\/?page_id=103"},"modified":"2022-01-19T11:02:23","modified_gmt":"2022-01-19T11:02:23","slug":"quienes-somos","status":"publish","type":"page","link":"https:\/\/www.cubipod.com\/es\/servicios\/quienes-somos\/","title":{"rendered":"Qui\u00e9nes somos"},"content":{"rendered":"\n<div class=\"wp-block-image\"><figure class=\"alignleft size-medium is-resized\"><img fetchpriority=\"high\" decoding=\"async\" src=\"https:\/\/www.cubipod.com\/wp-content\/uploads\/sites\/5\/2022\/01\/21-Quienes-somos-1-300x276.jpeg\" alt=\"\" class=\"wp-image-804\" width=\"348\" height=\"320\" srcset=\"https:\/\/www.cubipod.com\/wp-content\/uploads\/sites\/5\/2022\/01\/21-Quienes-somos-1-300x276.jpeg 300w, https:\/\/www.cubipod.com\/wp-content\/uploads\/sites\/5\/2022\/01\/21-Quienes-somos-1-1024x941.jpeg 1024w, https:\/\/www.cubipod.com\/wp-content\/uploads\/sites\/5\/2022\/01\/21-Quienes-somos-1-768x706.jpeg 768w, https:\/\/www.cubipod.com\/wp-content\/uploads\/sites\/5\/2022\/01\/21-Quienes-somos-1-120x110.jpeg 120w, https:\/\/www.cubipod.com\/wp-content\/uploads\/sites\/5\/2022\/01\/21-Quienes-somos-1.jpeg 1416w\" sizes=\"(max-width: 348px) 100vw, 348px\" \/><\/figure><\/div>\n\n\n\n<p>SATO (Sociedad An\u00f3nima Trabajos y Obras) ha sido una de las empresas l\u00edderes en Espa\u00f1a en la ejecuci\u00f3n de obras mar\u00edtimas desde 1927, con una exitosa trayectoria creciente en los \u00faltimos a\u00f1os como desarrollador y proveedor de tecnolog\u00eda asociada a las actividades de construcci\u00f3n. La empresa est\u00e1 integrada en OHLA, grupo de concesiones y construcci\u00f3n con m\u00e1s de 100 a\u00f1os de historia, presente en m\u00e1s de 30 pa\u00edses de los 5 continentes.<\/p>\n\n\n\n<p>SATO posee desde 2007 la licencia en exclusiva de la patente internacional Cubipod por parte de la Universidad Polit\u00e9cnica de Valencia (UPV), entidad con la que mantiene desde entonces una alianza estrat\u00e9gica para el desarrollo e implantaci\u00f3n de esta tecnolog\u00eda. Asimismo, es titular, con car\u00e1cter internacional, de la patente de los moldes utilizados para su construcci\u00f3n, as\u00ed como de todas las marcas asociadas.<\/p>\n\n\n\n<p>Cubipod es fruto de la excelencia investigadora de la UPV y de la experiencia de SATO y OHLA en la construcci\u00f3n de m\u00e1s de 30 Km de diques de abrigo, 30 Km de muelles, o 20 millones de m<sup>3<\/sup>&nbsp;de hormig\u00f3n en cajones, bloques y superestructuras en puertos.<\/p>\n","protected":false},"excerpt":{"rendered":"<p>SATO (Sociedad An\u00f3nima Trabajos y Obras) ha sido una de las empresas l\u00edderes en Espa\u00f1a en la ejecuci\u00f3n de obras mar\u00edtimas desde 1927, con una exitosa trayectoria creciente en los \u00faltimos a\u00f1os como desarrollador y proveedor de tecnolog\u00eda asociada a [&hellip;]<\/p>\n","protected":false},"author":21,"featured_media":0,"parent":101,"menu_order":1,"comment_status":"closed","ping_status":"closed","template":"","meta":{"_acf_changed":false,"footnotes":"","_links_to":"","_links_to_target":""},"class_list":["post-103","page","type-page","status-publish","hentry"],"acf":[],"_links":{"self":[{"href":"https:\/\/www.cubipod.com\/es\/wp-json\/wp\/v2\/pages\/103","targetHints":{"allow":["GET"]}}],"collection":[{"href":"https:\/\/www.cubipod.com\/es\/wp-json\/wp\/v2\/pages"}],"about":[{"href":"https:\/\/www.cubipod.com\/es\/wp-json\/wp\/v2\/types\/page"}],"author":[{"embeddable":true,"href":"https:\/\/www.cubipod.com\/es\/wp-json\/wp\/v2\/users\/21"}],"replies":[{"embeddable":true,"href":"https:\/\/www.cubipod.com\/es\/wp-json\/wp\/v2\/comments?post=103"}],"version-history":[{"count":6,"href":"https:\/\/www.cubipod.com\/es\/wp-json\/wp\/v2\/pages\/103\/revisions"}],"predecessor-version":[{"id":1014,"href":"https:\/\/www.cubipod.com\/es\/wp-json\/wp\/v2\/pages\/103\/revisions\/1014"}],"up":[{"embeddable":true,"href":"https:\/\/www.cubipod.com\/es\/wp-json\/wp\/v2\/pages\/101"}],"wp:attachment":[{"href":"https:\/\/www.cubipod.com\/es\/wp-json\/wp\/v2\/media?parent=103"}],"curies":[{"name":"wp","href":"https:\/\/api.w.org\/{rel}","templated":true}]}}