{"id":109,"date":"2022-01-05T17:13:05","date_gmt":"2022-01-05T17:13:05","guid":{"rendered":"https:\/\/cubipod.ohla-group.com\/?page_id=109"},"modified":"2022-01-05T17:13:07","modified_gmt":"2022-01-05T17:13:07","slug":"pre-diseno","status":"publish","type":"page","link":"https:\/\/www.cubipod.com\/es\/servicios\/asistencia-tecnica\/pre-diseno\/","title":{"rendered":"Pre-Dise\u00f1o"},"content":{"rendered":"\n<p>La asistencia t\u00e9cnica de SATO empieza desde una etapa temprana de un proyecto, colaborando en los aspectos relativos al dise\u00f1o de alternativas y en el desarrollo de la soluci\u00f3n de Cubipods propuesta, con el fin de aunar esfuerzos para optimizar en la medida de lo posible un determinado proyecto.<\/p>\n","protected":false},"excerpt":{"rendered":"<p>La asistencia t\u00e9cnica de SATO empieza desde una etapa temprana de un proyecto, colaborando en los aspectos relativos al dise\u00f1o de alternativas y en el desarrollo de la soluci\u00f3n de Cubipods propuesta, con el fin de aunar esfuerzos para optimizar [&hellip;]<\/p>\n","protected":false},"author":21,"featured_media":110,"parent":106,"menu_order":1,"comment_status":"closed","ping_status":"closed","template":"","meta":{"_acf_changed":false,"footnotes":"","_links_to":"","_links_to_target":""},"class_list":["post-109","page","type-page","status-publish","has-post-thumbnail","hentry"],"acf":[],"_links":{"self":[{"href":"https:\/\/www.cubipod.com\/es\/wp-json\/wp\/v2\/pages\/109","targetHints":{"allow":["GET"]}}],"collection":[{"href":"https:\/\/www.cubipod.com\/es\/wp-json\/wp\/v2\/pages"}],"about":[{"href":"https:\/\/www.cubipod.com\/es\/wp-json\/wp\/v2\/types\/page"}],"author":[{"embeddable":true,"href":"https:\/\/www.cubipod.com\/es\/wp-json\/wp\/v2\/users\/21"}],"replies":[{"embeddable":true,"href":"https:\/\/www.cubipod.com\/es\/wp-json\/wp\/v2\/comments?post=109"}],"version-history":[{"count":1,"href":"https:\/\/www.cubipod.com\/es\/wp-json\/wp\/v2\/pages\/109\/revisions"}],"predecessor-version":[{"id":111,"href":"https:\/\/www.cubipod.com\/es\/wp-json\/wp\/v2\/pages\/109\/revisions\/111"}],"up":[{"embeddable":true,"href":"https:\/\/www.cubipod.com\/es\/wp-json\/wp\/v2\/pages\/106"}],"wp:featuredmedia":[{"embeddable":true,"href":"https:\/\/www.cubipod.com\/es\/wp-json\/wp\/v2\/media\/110"}],"wp:attachment":[{"href":"https:\/\/www.cubipod.com\/es\/wp-json\/wp\/v2\/media?parent=109"}],"curies":[{"name":"wp","href":"https:\/\/api.w.org\/{rel}","templated":true}]}}