{"id":112,"date":"2022-01-05T17:14:20","date_gmt":"2022-01-05T17:14:20","guid":{"rendered":"https:\/\/cubipod.ohla-group.com\/?page_id=112"},"modified":"2022-01-05T17:14:54","modified_gmt":"2022-01-05T17:14:54","slug":"asistencia-a-ensayos","status":"publish","type":"page","link":"https:\/\/www.cubipod.com\/es\/servicios\/asistencia-tecnica\/asistencia-a-ensayos\/","title":{"rendered":"Asistencia a ensayos"},"content":{"rendered":"\n<p>En la mayor\u00eda de proyectos de obras mar\u00edtimas es necesario realizar ensayos de laboratorio a escala para confirmar u optimizar las soluciones propuestas. El equipo t\u00e9cnico de SATO ofrece asistencia en la preparaci\u00f3n, elaboraci\u00f3n y an\u00e1lisis de los ensayos a escala reducida que empleen el Cubipod en su manto principal. Para ello cuenta con estrechas relaciones con diversos laboratorios especializados en este tipo de ensayos.<\/p>\n","protected":false},"excerpt":{"rendered":"<p>En la mayor\u00eda de proyectos de obras mar\u00edtimas es necesario realizar ensayos de laboratorio a escala para confirmar u optimizar las soluciones propuestas. El equipo t\u00e9cnico de SATO ofrece asistencia en la preparaci\u00f3n, elaboraci\u00f3n y an\u00e1lisis de los ensayos a [&hellip;]<\/p>\n","protected":false},"author":21,"featured_media":113,"parent":106,"menu_order":2,"comment_status":"closed","ping_status":"closed","template":"","meta":{"_acf_changed":false,"footnotes":"","_links_to":"","_links_to_target":""},"class_list":["post-112","page","type-page","status-publish","has-post-thumbnail","hentry"],"acf":[],"_links":{"self":[{"href":"https:\/\/www.cubipod.com\/es\/wp-json\/wp\/v2\/pages\/112","targetHints":{"allow":["GET"]}}],"collection":[{"href":"https:\/\/www.cubipod.com\/es\/wp-json\/wp\/v2\/pages"}],"about":[{"href":"https:\/\/www.cubipod.com\/es\/wp-json\/wp\/v2\/types\/page"}],"author":[{"embeddable":true,"href":"https:\/\/www.cubipod.com\/es\/wp-json\/wp\/v2\/users\/21"}],"replies":[{"embeddable":true,"href":"https:\/\/www.cubipod.com\/es\/wp-json\/wp\/v2\/comments?post=112"}],"version-history":[{"count":2,"href":"https:\/\/www.cubipod.com\/es\/wp-json\/wp\/v2\/pages\/112\/revisions"}],"predecessor-version":[{"id":115,"href":"https:\/\/www.cubipod.com\/es\/wp-json\/wp\/v2\/pages\/112\/revisions\/115"}],"up":[{"embeddable":true,"href":"https:\/\/www.cubipod.com\/es\/wp-json\/wp\/v2\/pages\/106"}],"wp:featuredmedia":[{"embeddable":true,"href":"https:\/\/www.cubipod.com\/es\/wp-json\/wp\/v2\/media\/113"}],"wp:attachment":[{"href":"https:\/\/www.cubipod.com\/es\/wp-json\/wp\/v2\/media?parent=112"}],"curies":[{"name":"wp","href":"https:\/\/api.w.org\/{rel}","templated":true}]}}