{"id":116,"date":"2022-01-05T17:16:36","date_gmt":"2022-01-05T17:16:36","guid":{"rendered":"https:\/\/cubipod.ohla-group.com\/?page_id=116"},"modified":"2022-01-17T16:20:58","modified_gmt":"2022-01-17T16:20:58","slug":"planificacion-obra","status":"publish","type":"page","link":"https:\/\/www.cubipod.com\/es\/servicios\/asistencia-tecnica\/planificacion-obra\/","title":{"rendered":"Planificaci\u00f3n obra"},"content":{"rendered":"\n<div class=\"wp-block-columns is-layout-flex wp-container-core-columns-is-layout-9d6595d7 wp-block-columns-is-layout-flex\">\n<div class=\"wp-block-column is-layout-flow wp-block-column-is-layout-flow\">\n<figure class=\"wp-block-image size-large\"><img fetchpriority=\"high\" decoding=\"async\" width=\"744\" height=\"444\" src=\"https:\/\/www.cubipod.com\/wp-content\/uploads\/sites\/5\/2022\/01\/4-3-acopio-5.jpeg\" alt=\"\" class=\"wp-image-431\" srcset=\"https:\/\/www.cubipod.com\/wp-content\/uploads\/sites\/5\/2022\/01\/4-3-acopio-5.jpeg 744w, https:\/\/www.cubipod.com\/wp-content\/uploads\/sites\/5\/2022\/01\/4-3-acopio-5-300x179.jpeg 300w, https:\/\/www.cubipod.com\/wp-content\/uploads\/sites\/5\/2022\/01\/4-3-acopio-5-120x72.jpeg 120w\" sizes=\"(max-width: 744px) 100vw, 744px\" \/><\/figure>\n<\/div>\n\n\n\n<div class=\"wp-block-column is-layout-flow wp-block-column-is-layout-flow\">\n<figure class=\"wp-block-image size-large\"><img decoding=\"async\" width=\"744\" height=\"444\" src=\"https:\/\/www.cubipod.com\/wp-content\/uploads\/sites\/5\/2022\/01\/4-3-acopio-4.jpeg\" alt=\"\" class=\"wp-image-430\" srcset=\"https:\/\/www.cubipod.com\/wp-content\/uploads\/sites\/5\/2022\/01\/4-3-acopio-4.jpeg 744w, https:\/\/www.cubipod.com\/wp-content\/uploads\/sites\/5\/2022\/01\/4-3-acopio-4-300x179.jpeg 300w, https:\/\/www.cubipod.com\/wp-content\/uploads\/sites\/5\/2022\/01\/4-3-acopio-4-120x72.jpeg 120w\" sizes=\"(max-width: 744px) 100vw, 744px\" \/><\/figure>\n<\/div>\n<\/div>\n\n\n\n<p>Una parte fundamental en todo proyecto de construcci\u00f3n es la planificaci\u00f3n previa de la obra. Por ello, antes del arranque de la misma, el equipo t\u00e9cnico de SATO aconseja al equipo de obra sobre los procedimientos de fabricaci\u00f3n, acopio, transporte y colocaci\u00f3n de Cubipods. Colaborando entre otros en el dise\u00f1o del parque de fabricaci\u00f3n y acopio, en los m\u00e9todos de manipulaci\u00f3n y transporte, y en la definici\u00f3n del hormig\u00f3n a emplear durante la fabricaci\u00f3n.<\/p>\n\n\n\n<p>SATO incluye la elaboraci\u00f3n de los planos de los encofrados y pinzas de manipulaci\u00f3n de los Cubipods a fabricar, as\u00ed como las mallas de colocaci\u00f3n de los Cubipods sobre el talud.<\/p>\n","protected":false},"excerpt":{"rendered":"<p>Una parte fundamental en todo proyecto de construcci\u00f3n es la planificaci\u00f3n previa de la obra. Por ello, antes del arranque de la misma, el equipo t\u00e9cnico de SATO aconseja al equipo de obra sobre los procedimientos de fabricaci\u00f3n, acopio, transporte [&hellip;]<\/p>\n","protected":false},"author":21,"featured_media":0,"parent":106,"menu_order":3,"comment_status":"closed","ping_status":"closed","template":"","meta":{"_acf_changed":false,"footnotes":"","_links_to":"","_links_to_target":""},"class_list":["post-116","page","type-page","status-publish","hentry"],"acf":[],"_links":{"self":[{"href":"https:\/\/www.cubipod.com\/es\/wp-json\/wp\/v2\/pages\/116","targetHints":{"allow":["GET"]}}],"collection":[{"href":"https:\/\/www.cubipod.com\/es\/wp-json\/wp\/v2\/pages"}],"about":[{"href":"https:\/\/www.cubipod.com\/es\/wp-json\/wp\/v2\/types\/page"}],"author":[{"embeddable":true,"href":"https:\/\/www.cubipod.com\/es\/wp-json\/wp\/v2\/users\/21"}],"replies":[{"embeddable":true,"href":"https:\/\/www.cubipod.com\/es\/wp-json\/wp\/v2\/comments?post=116"}],"version-history":[{"count":3,"href":"https:\/\/www.cubipod.com\/es\/wp-json\/wp\/v2\/pages\/116\/revisions"}],"predecessor-version":[{"id":811,"href":"https:\/\/www.cubipod.com\/es\/wp-json\/wp\/v2\/pages\/116\/revisions\/811"}],"up":[{"embeddable":true,"href":"https:\/\/www.cubipod.com\/es\/wp-json\/wp\/v2\/pages\/106"}],"wp:attachment":[{"href":"https:\/\/www.cubipod.com\/es\/wp-json\/wp\/v2\/media?parent=116"}],"curies":[{"name":"wp","href":"https:\/\/api.w.org\/{rel}","templated":true}]}}