{"id":121,"date":"2022-01-05T17:18:39","date_gmt":"2022-01-05T17:18:39","guid":{"rendered":"https:\/\/cubipod.ohla-group.com\/?page_id=121"},"modified":"2022-01-05T17:18:41","modified_gmt":"2022-01-05T17:18:41","slug":"construccion","status":"publish","type":"page","link":"https:\/\/www.cubipod.com\/es\/servicios\/asistencia-tecnica\/construccion\/","title":{"rendered":"Construcci\u00f3n"},"content":{"rendered":"\n<p>Durante la construcci\u00f3n de un dique de Cubipods, el equipo t\u00e9cnico de SATO da soporte a la obra en cuestiones relativas a la fabricaci\u00f3n, acopio y colocaci\u00f3n de Cubipods. Se incluyen visitas peri\u00f3dicas a obra por parte de los t\u00e9cnicos de SATO y conexi\u00f3n directa con ellos para solventar cualquier tipo de duda que se plantee durante la construcci\u00f3n.<\/p>\n","protected":false},"excerpt":{"rendered":"<p>Durante la construcci\u00f3n de un dique de Cubipods, el equipo t\u00e9cnico de SATO da soporte a la obra en cuestiones relativas a la fabricaci\u00f3n, acopio y colocaci\u00f3n de Cubipods. Se incluyen visitas peri\u00f3dicas a obra por parte de los t\u00e9cnicos [&hellip;]<\/p>\n","protected":false},"author":21,"featured_media":122,"parent":106,"menu_order":4,"comment_status":"closed","ping_status":"closed","template":"","meta":{"_acf_changed":false,"footnotes":"","_links_to":"","_links_to_target":""},"class_list":["post-121","page","type-page","status-publish","has-post-thumbnail","hentry"],"acf":[],"_links":{"self":[{"href":"https:\/\/www.cubipod.com\/es\/wp-json\/wp\/v2\/pages\/121","targetHints":{"allow":["GET"]}}],"collection":[{"href":"https:\/\/www.cubipod.com\/es\/wp-json\/wp\/v2\/pages"}],"about":[{"href":"https:\/\/www.cubipod.com\/es\/wp-json\/wp\/v2\/types\/page"}],"author":[{"embeddable":true,"href":"https:\/\/www.cubipod.com\/es\/wp-json\/wp\/v2\/users\/21"}],"replies":[{"embeddable":true,"href":"https:\/\/www.cubipod.com\/es\/wp-json\/wp\/v2\/comments?post=121"}],"version-history":[{"count":1,"href":"https:\/\/www.cubipod.com\/es\/wp-json\/wp\/v2\/pages\/121\/revisions"}],"predecessor-version":[{"id":123,"href":"https:\/\/www.cubipod.com\/es\/wp-json\/wp\/v2\/pages\/121\/revisions\/123"}],"up":[{"embeddable":true,"href":"https:\/\/www.cubipod.com\/es\/wp-json\/wp\/v2\/pages\/106"}],"wp:featuredmedia":[{"embeddable":true,"href":"https:\/\/www.cubipod.com\/es\/wp-json\/wp\/v2\/media\/122"}],"wp:attachment":[{"href":"https:\/\/www.cubipod.com\/es\/wp-json\/wp\/v2\/media?parent=121"}],"curies":[{"name":"wp","href":"https:\/\/api.w.org\/{rel}","templated":true}]}}