{"id":194,"date":"2022-01-05T17:39:55","date_gmt":"2022-01-05T17:39:55","guid":{"rendered":"https:\/\/cubipod.ohla-group.com\/?page_id=194"},"modified":"2022-01-05T17:41:14","modified_gmt":"2022-01-05T17:41:14","slug":"diseno-de-diques-en-talud","status":"publish","type":"page","link":"https:\/\/www.cubipod.com\/es\/diseno\/diseno-de-diques-en-talud\/","title":{"rendered":"Dise\u00f1o de diques en talud"},"content":{"rendered":"\n<p>El factor de dise\u00f1o b\u00e1sico para diques en talud es el c\u00e1lculo del peso de los elementos del manto principal. Este factor condiciona en gran medida el dise\u00f1o y el coste final de la obra, puesto que repercute directamente en el tama\u00f1o y espesor de todas las capas del dique (manto, filtros y n\u00facleo), y por lo tanto en el volumen total de materiales Como un pre-dise\u00f1o es habitual utilizar la f\u00f3rmula de Hudson, la cual fue popularizada por el Shore Protection Manual:<\/p>\n\n\n\n<div class=\"math\"><em>W<\/em>=\n<div class=\"fraction\"><span class=\"fup\">1<\/span> <span class=\"bar\">\/<\/span> <span class=\"fdn\"><em>K<sub>D<\/sub><\/em><\/span><\/div>\n*\n<div class=\"fraction\"><span class=\"fup\"><em>H<\/em><sup>3<\/sup><\/span> <span class=\"bar\">\/<\/span> <span class=\"fdn\">(w<sub>r<\/sub> \/ w<sub>w<\/sub> &#8211; 1)<sup>3<\/sup><\/span><\/div>\n*\n<div class=\"fraction\"><span class=\"fup\">w<sub>r<\/sub><\/span> <span class=\"bar\">\/<\/span> <span class=\"fdn\">cot \u03b1<\/span><\/div>\n<\/div>\n\n\n\n<p>donde,&nbsp;<strong>W<\/strong>&nbsp;es el peso de las piezas que forman el manto principal;&nbsp;<strong>wr<\/strong>&nbsp; y&nbsp;<strong>ww<\/strong>&nbsp;son los pesos espec\u00edficos del hormig\u00f3n y del agua respectivamente;&nbsp;<strong>H<\/strong>&nbsp;es la altura de ola de c\u00e1lculo;&nbsp;<strong>\u03b1<\/strong>&nbsp;es el \u00e1ngulo del talud de la estructura con respecto a la horizontal; y&nbsp;<strong>K<sub>D<\/sub><\/strong>&nbsp;es el coeficiente de estabilidad, que depende de la forma de las piezas del manto principal, de su rugosidad, la trabaz\u00f3n entre ellas y de la zona del dique a dise\u00f1ar (tronco o morro)<\/p>\n","protected":false},"excerpt":{"rendered":"<p>El factor de dise\u00f1o b\u00e1sico para diques en talud es el c\u00e1lculo del peso de los elementos del manto principal. Este factor condiciona en gran medida el dise\u00f1o y el coste final de la obra, puesto que repercute directamente en [&hellip;]<\/p>\n","protected":false},"author":21,"featured_media":195,"parent":192,"menu_order":1,"comment_status":"closed","ping_status":"closed","template":"","meta":{"_acf_changed":false,"footnotes":"","_links_to":"","_links_to_target":""},"class_list":["post-194","page","type-page","status-publish","has-post-thumbnail","hentry"],"acf":[],"_links":{"self":[{"href":"https:\/\/www.cubipod.com\/es\/wp-json\/wp\/v2\/pages\/194","targetHints":{"allow":["GET"]}}],"collection":[{"href":"https:\/\/www.cubipod.com\/es\/wp-json\/wp\/v2\/pages"}],"about":[{"href":"https:\/\/www.cubipod.com\/es\/wp-json\/wp\/v2\/types\/page"}],"author":[{"embeddable":true,"href":"https:\/\/www.cubipod.com\/es\/wp-json\/wp\/v2\/users\/21"}],"replies":[{"embeddable":true,"href":"https:\/\/www.cubipod.com\/es\/wp-json\/wp\/v2\/comments?post=194"}],"version-history":[{"count":2,"href":"https:\/\/www.cubipod.com\/es\/wp-json\/wp\/v2\/pages\/194\/revisions"}],"predecessor-version":[{"id":197,"href":"https:\/\/www.cubipod.com\/es\/wp-json\/wp\/v2\/pages\/194\/revisions\/197"}],"up":[{"embeddable":true,"href":"https:\/\/www.cubipod.com\/es\/wp-json\/wp\/v2\/pages\/192"}],"wp:featuredmedia":[{"embeddable":true,"href":"https:\/\/www.cubipod.com\/es\/wp-json\/wp\/v2\/media\/195"}],"wp:attachment":[{"href":"https:\/\/www.cubipod.com\/es\/wp-json\/wp\/v2\/media?parent=194"}],"curies":[{"name":"wp","href":"https:\/\/api.w.org\/{rel}","templated":true}]}}