{"id":198,"date":"2022-01-05T17:44:16","date_gmt":"2022-01-05T17:44:16","guid":{"rendered":"https:\/\/cubipod.ohla-group.com\/?page_id=198"},"modified":"2022-01-05T17:44:21","modified_gmt":"2022-01-05T17:44:21","slug":"rebase","status":"publish","type":"page","link":"https:\/\/www.cubipod.com\/es\/diseno\/rebase\/","title":{"rendered":"Rebase"},"content":{"rendered":"\n<p>El rebase de un dique en talud est\u00e1 condicionado por la cota de coronaci\u00f3n de la estructura, el talud expuesto al oleaje, por el tipo de pieza que forma el manto principal y la porosidad del mismo.<\/p>\n\n\n\n<p>A trav\u00e9s de ensayos espec\u00edficos de rebase se han obtenido los coeficientes de rugosidad de los mantos de Cubipods: &nbsp;<\/p>\n\n\n\n<p><strong>Y<sub>f<\/sub><\/strong>= 0.46 para los monocapa &nbsp;<\/p>\n\n\n\n<p><strong>Y<sub>f<\/sub><\/strong>= 0.44 para los bicapa<\/p>\n\n\n\n<p>Cuanto menor es el valor del coeficiente de rugosidad menor es el rebase, efecto que tambi\u00e9n implica unas menores fuerzas sobre los espaldones.<\/p>\n\n\n\n<p>En el dise\u00f1o de la coronaci\u00f3n de un dique de Cubipods puede emplearse la siguiente formulaci\u00f3n para el c\u00e1lculo del rebase:<\/p>\n\n\n\n<div class=\"math centrarTexto\"><em>Q<\/em> =\n<div class=\"fraction\"><span class=\"fup\">1<\/span> <span class=\"bar\">\/<\/span> <span class=\"fdn\">\u221a<span solid=\"\"><em>gH<sup>3<\/sup><sub>m0<\/sub><\/em><\/span><\/span><\/div>\n= 0.2 x exp<span class=\"parentesis\">(<\/span> 0.53 x lrp &#8211; 3.27 x\n<div class=\"fraction\"><span class=\"fup\"><em>Ac<\/em><\/span> <span class=\"bar\">\/<\/span> <span class=\"fdn\">Rc<\/span><\/div>\n&#8211;\n<div class=\"fraction\"><span class=\"fup\"><em>2.16<\/em><\/span> <span class=\"bar\">\/<\/span> <span class=\"fdn\">Y<sub>f<\/sub><\/span><\/div>\nx\n<div class=\"fraction\"><span class=\"fup\">Rc<\/span> <span class=\"bar\">\/<\/span> <span class=\"fdn\">H<sub>m0<\/sub><\/span><\/div>\n<span class=\"parentesis\">)<\/span><\/div>\n\n\n\n<p>donde&nbsp;<strong>Q<\/strong>&nbsp;es el caudal adimensional de rebase,&nbsp;<strong>Rc\/H<sub>m0<\/sub><\/strong>&nbsp;es el francobordo adimensional,&nbsp;<strong>q [m<sup>3<\/sup>\/s\/m]<\/strong>&nbsp;es el caudal unitario de rebase,&nbsp;<strong>H<sub>m0<\/sub><\/strong>&nbsp;es la altura de ola significante,&nbsp;<strong>Irp= (2T<sub>p<\/sub>\/3)\/(2\u03c0H<sub>m0<\/sub>\/g)<sup>0.5<\/sup><\/strong>&nbsp;es el n\u00famero de Iribarren utilizando H<sub>m0<\/sub>&nbsp;y el periodo de pico (T<sub>p<\/sub>&nbsp;=1\/f<sub>p<\/sub>&nbsp;),<strong>&nbsp;Rc<\/strong>&nbsp;y&nbsp;<strong>Ac<\/strong>&nbsp;son las cotas de coronaci\u00f3n del espald\u00f3n y el manto, y&nbsp;<strong>\u03b3<sub>f<\/sub><\/strong>&nbsp;es el factor de rugosidad. Esta formulaci\u00f3n es v\u00e1lida en el rango 0.40&lt;Ac\/Rc&lt;0.65 para mantos monocapa de Cubipods, 0.58&lt;Ac\/Rc&lt;0.80 para mantos bicapa de Cubipods y rebase 10-6&lt;Q&lt;10-3.<\/p>\n","protected":false},"excerpt":{"rendered":"<p>El rebase de un dique en talud est\u00e1 condicionado por la cota de coronaci\u00f3n de la estructura, el talud expuesto al oleaje, por el tipo de pieza que forma el manto principal y la porosidad del mismo. A trav\u00e9s de [&hellip;]<\/p>\n","protected":false},"author":21,"featured_media":199,"parent":192,"menu_order":2,"comment_status":"closed","ping_status":"closed","template":"","meta":{"_acf_changed":false,"footnotes":"","_links_to":"","_links_to_target":""},"class_list":["post-198","page","type-page","status-publish","has-post-thumbnail","hentry"],"acf":[],"_links":{"self":[{"href":"https:\/\/www.cubipod.com\/es\/wp-json\/wp\/v2\/pages\/198","targetHints":{"allow":["GET"]}}],"collection":[{"href":"https:\/\/www.cubipod.com\/es\/wp-json\/wp\/v2\/pages"}],"about":[{"href":"https:\/\/www.cubipod.com\/es\/wp-json\/wp\/v2\/types\/page"}],"author":[{"embeddable":true,"href":"https:\/\/www.cubipod.com\/es\/wp-json\/wp\/v2\/users\/21"}],"replies":[{"embeddable":true,"href":"https:\/\/www.cubipod.com\/es\/wp-json\/wp\/v2\/comments?post=198"}],"version-history":[{"count":1,"href":"https:\/\/www.cubipod.com\/es\/wp-json\/wp\/v2\/pages\/198\/revisions"}],"predecessor-version":[{"id":200,"href":"https:\/\/www.cubipod.com\/es\/wp-json\/wp\/v2\/pages\/198\/revisions\/200"}],"up":[{"embeddable":true,"href":"https:\/\/www.cubipod.com\/es\/wp-json\/wp\/v2\/pages\/192"}],"wp:featuredmedia":[{"embeddable":true,"href":"https:\/\/www.cubipod.com\/es\/wp-json\/wp\/v2\/media\/199"}],"wp:attachment":[{"href":"https:\/\/www.cubipod.com\/es\/wp-json\/wp\/v2\/media?parent=198"}],"curies":[{"name":"wp","href":"https:\/\/api.w.org\/{rel}","templated":true}]}}