{"id":201,"date":"2022-01-05T17:47:33","date_gmt":"2022-01-05T17:47:33","guid":{"rendered":"https:\/\/cubipod.ohla-group.com\/?page_id=201"},"modified":"2022-01-05T17:47:35","modified_gmt":"2022-01-05T17:47:35","slug":"fuerzas-sobre-el-espaldon","status":"publish","type":"page","link":"https:\/\/www.cubipod.com\/es\/diseno\/fuerzas-sobre-el-espaldon\/","title":{"rendered":"Fuerzas sobre el Espald\u00f3n"},"content":{"rendered":"\n<p>Para el dise\u00f1o del espald\u00f3n de un dique de Cubipod, se cuenta con la siguiente formulaci\u00f3n, obtenida a partir de ensayos espec\u00edficos de laboratorio, para estimar la fuerza horizontal m\u00e1xima (<strong>Fh<\/strong>) y la fuerza vertical (subpresiones) correspondiente a la ola que ha generado la fuerza horizontal m\u00e1xima (<strong>Fv(Fh)<\/strong>). Estas acciones, aunque separadas en el tiempo, se han considerado que se dan en el mismo instante (supuesto del lado de la seguridad).\u00a0<\/p>\n\n\n\n<div class=\"math centrarTexto\" style=\"font-size: 1.3em;\"><em>Fh<\/em> = \u03c1<sub>w<\/sub> * g * h<sub>f<\/sub><sup>2<\/sup> * 0.5 * <span class=\"parentesis\">(<\/span> -1.25 + 1.80 *\n<div class=\"fraction\"><span class=\"fup\"> \u03b3<sub>f<\/sub> * R<sub>u<\/sub> <\/span> <span class=\"bar\"><\/span> <span class=\"fdn\"> R<sub>c<\/sub> <\/span><\/div>\n+ 0.82 * <span class=\"parentesis\">(<\/span>\n<div class=\"fraction\"><span class=\"fup\"> R<sub>c<\/sub> &#8211; A<sub>c<\/sub> <\/span> <span class=\"bar\"><\/span> <span class=\"fdn\"> h<sub>f<\/sub> <\/span><\/div>\n<span class=\"parentesis\">)<\/span> + 0.16 * \u221a <span solid=\"\"> L<sub>01<\/sub> \/ B<sub>a<\/sub> <\/span> <span class=\"parentesis\">)<\/span> <sup>2<\/sup><\/div>\n\n\n\n<div class=\"math centrarTexto\" style=\"font-size: 1.3em;\"><em> F<sub>v<\/sub> (F<sub>h<\/sub>) <\/em> = \u03c1<sub>w<\/sub> * g * h<sub>f<\/sub> * B<sub>e<\/sub> * 0.5 * <span class=\"parentesis\">(<\/span> -0.6 + 0.40 *\n<div class=\"fraction\"><span class=\"fup\"> \u03b3<sub>f<\/sub> * R<sub>u<\/sub> <\/span> <span class=\"bar\"><\/span> <span class=\"fdn\"> R<sub>c<\/sub> <\/span><\/div>\n+ 0.27 * <span class=\"parentesis\">(<\/span>\n<div class=\"fraction\"><span class=\"fup\"> R<sub>c<\/sub> &#8211; A<sub>c<\/sub> <\/span> <span class=\"bar\"><\/span> <span class=\"fdn\"> h<sub>f<\/sub> <\/span><\/div>\n<span class=\"parentesis\">)<\/span> + 0.16 * \u221a <span solid=\"\"> L<sub>01<\/sub> \/ B<sub>a<\/sub> <\/span> &#8211; 1.03 *\n<div class=\"fraction\"><span class=\"fup\"> w<sub>c<\/sub> <\/span> <span class=\"bar\"><\/span> <span class=\"fdn\"> h<sub>f<\/sub> <\/span><\/div>\n<span class=\"parentesis\">)<\/span> <sup>2<\/sup><\/div>\n\n\n\n<div class=\"math centrarTexto\" style=\"font-size: 1.3em;\">2.48H<sub>s<\/sub> &gt; R<sub>u<\/sub> = R<sub>u0.1%<\/sub> = <span class=\"parentesis\">{<\/span>\n<div class=\"fraction\"><span class=\"fup\"> 1.12 H<sub>s<\/sub> \u03be<sub>m<\/sub> &nbsp; &nbsp;&nbsp;&nbsp; &nbsp;&nbsp;&nbsp;\u03be<sub>m<\/sub> &lt;=1.5 <\/span> <span> 1.34 H<sub>s<\/sub> \u03be<sub>m<\/sub><sup>0.55<\/sup>&nbsp;&nbsp; \u03be<sub>m<\/sub> &gt;1.5 <\/span><\/div>\ncon \u03be<sub>m<\/sub> = tan \u03b1 \/ \u221a <span solid=\"\"> H<sub>s<\/sub> \/ L<sub>01<\/sub> <\/span><\/div>\n\n\n\n<p>Donde&nbsp;<strong>R<sub>c<\/sub><\/strong>&nbsp;es el francobordo de la estructura,&nbsp;<strong>A<sub>c<\/sub><\/strong>&nbsp;el francobordo de la berma superior del manto,&nbsp;<strong>Y<sub>f<\/sub><\/strong>&nbsp;es el factor de rugosidad (0.46 para Cubipod monocapa y 0.44 para Cubipod bicapa),&nbsp;<strong>B<sub>a<\/sub><\/strong>&nbsp;es el ancho de la berma superior,&nbsp;<strong>H<sub>s<\/sub><\/strong>&nbsp;la altura de ola significante a pie de dique, tan\u03b1 es la pendiente del talud,&nbsp;<strong>w<sub>c<\/sub><\/strong>&nbsp;la cota de cimentaci\u00f3n del espald\u00f3n,&nbsp;<strong>B<sub>e<\/sub><\/strong>&nbsp;es la anchura de la base del espald\u00f3n,&nbsp;<strong>h<sub>f<\/sub><\/strong>&nbsp;la altura del espald\u00f3n,&nbsp;<strong>\u03c1<sub>w<\/sub><\/strong>&nbsp;la densidad del agua de mar (en kg\/m<sup>3<\/sup>&nbsp;para N\/m y dimensiones en metros),&nbsp;<strong>g<\/strong>&nbsp;la aceleraci\u00f3n de la gravedad y&nbsp;<strong>L01<\/strong>&nbsp;= (gT<sub>01<\/sub><sup>2<\/sup>\/2\u03c0) \u00b7 tanh(2\u03c0h<sub>s<\/sub>\/L<sub>01<\/sub>)<\/p>\n\n\n\n<p>Los rangos de validez de las variables de las ecuaciones anteriores son:<\/p>\n\n\n\n<ul class=\"wp-block-list\"><li>0.30 &lt; Y<sub>f<\/sub>(R<sub>u<\/sub>\/R<sub>c<\/sub>) &lt; 0.96,<\/li><li>0.066 &lt; (R<sub>c<\/sub>-A<sub>c<\/sub>)\/hf &lt; 0.589,<\/li><li>0.0127 &lt; w<sub>c<\/sub>&nbsp;\/ h<sub>f<\/sub>&nbsp;&lt; 0.266<\/li><li>3.13 &lt; (L<sub>01<\/sub>\/B<sub>a<\/sub>)<sup>0.5<\/sup>&nbsp;&lt; 6.59<\/li><\/ul>\n\n\n\n<p>Respecto del manto de cubos bicapa convencional, los mantos de Cubipod reducen significativamente las fuerzas sobre el espald\u00f3n, permitiendo reducir de este modo el peso del espald\u00f3n para resistir a deslizamiento (modo de fallo m\u00e1s usual).<\/p>\n","protected":false},"excerpt":{"rendered":"<p>Para el dise\u00f1o del espald\u00f3n de un dique de Cubipod, se cuenta con la siguiente formulaci\u00f3n, obtenida a partir de ensayos espec\u00edficos de laboratorio, para estimar la fuerza horizontal m\u00e1xima (Fh) y la fuerza vertical (subpresiones) correspondiente a la ola [&hellip;]<\/p>\n","protected":false},"author":21,"featured_media":202,"parent":192,"menu_order":3,"comment_status":"closed","ping_status":"closed","template":"","meta":{"_acf_changed":false,"footnotes":"","_links_to":"","_links_to_target":""},"class_list":["post-201","page","type-page","status-publish","has-post-thumbnail","hentry"],"acf":[],"_links":{"self":[{"href":"https:\/\/www.cubipod.com\/es\/wp-json\/wp\/v2\/pages\/201","targetHints":{"allow":["GET"]}}],"collection":[{"href":"https:\/\/www.cubipod.com\/es\/wp-json\/wp\/v2\/pages"}],"about":[{"href":"https:\/\/www.cubipod.com\/es\/wp-json\/wp\/v2\/types\/page"}],"author":[{"embeddable":true,"href":"https:\/\/www.cubipod.com\/es\/wp-json\/wp\/v2\/users\/21"}],"replies":[{"embeddable":true,"href":"https:\/\/www.cubipod.com\/es\/wp-json\/wp\/v2\/comments?post=201"}],"version-history":[{"count":1,"href":"https:\/\/www.cubipod.com\/es\/wp-json\/wp\/v2\/pages\/201\/revisions"}],"predecessor-version":[{"id":203,"href":"https:\/\/www.cubipod.com\/es\/wp-json\/wp\/v2\/pages\/201\/revisions\/203"}],"up":[{"embeddable":true,"href":"https:\/\/www.cubipod.com\/es\/wp-json\/wp\/v2\/pages\/192"}],"wp:featuredmedia":[{"embeddable":true,"href":"https:\/\/www.cubipod.com\/es\/wp-json\/wp\/v2\/media\/202"}],"wp:attachment":[{"href":"https:\/\/www.cubipod.com\/es\/wp-json\/wp\/v2\/media?parent=201"}],"curies":[{"name":"wp","href":"https:\/\/api.w.org\/{rel}","templated":true}]}}