{"id":204,"date":"2022-01-05T17:51:28","date_gmt":"2022-01-05T17:51:28","guid":{"rendered":"https:\/\/cubipod.ohla-group.com\/?page_id=204"},"modified":"2022-01-19T18:00:11","modified_gmt":"2022-01-19T18:00:11","slug":"calculadora-cubipod","status":"publish","type":"page","link":"https:\/\/www.cubipod.com\/es\/diseno\/calculadora-cubipod\/","title":{"rendered":"Calculadora Cubipod"},"content":{"rendered":"\n<p>La calculadora de Cubipods es una herramienta de ayuda y orientaci\u00f3n para la realizaci\u00f3n del dise\u00f1o de diques en talud de una forma aproximada. El objetivo es dar una aproximaci\u00f3n del tama\u00f1o de la pieza recomendable para las condiciones de dise\u00f1o establecidas por el usuario.<\/p>\n","protected":false},"excerpt":{"rendered":"<p>La calculadora de Cubipods es una herramienta de ayuda y orientaci\u00f3n para la realizaci\u00f3n del dise\u00f1o de diques en talud de una forma aproximada. El objetivo es dar una aproximaci\u00f3n del tama\u00f1o de la pieza recomendable para las condiciones de [&hellip;]<\/p>\n","protected":false},"author":21,"featured_media":211,"parent":192,"menu_order":4,"comment_status":"closed","ping_status":"closed","template":"page-calculadora.php","meta":{"_acf_changed":false,"footnotes":"","_links_to":"","_links_to_target":""},"class_list":["post-204","page","type-page","status-publish","has-post-thumbnail","hentry"],"acf":[],"_links":{"self":[{"href":"https:\/\/www.cubipod.com\/es\/wp-json\/wp\/v2\/pages\/204","targetHints":{"allow":["GET"]}}],"collection":[{"href":"https:\/\/www.cubipod.com\/es\/wp-json\/wp\/v2\/pages"}],"about":[{"href":"https:\/\/www.cubipod.com\/es\/wp-json\/wp\/v2\/types\/page"}],"author":[{"embeddable":true,"href":"https:\/\/www.cubipod.com\/es\/wp-json\/wp\/v2\/users\/21"}],"replies":[{"embeddable":true,"href":"https:\/\/www.cubipod.com\/es\/wp-json\/wp\/v2\/comments?post=204"}],"version-history":[{"count":3,"href":"https:\/\/www.cubipod.com\/es\/wp-json\/wp\/v2\/pages\/204\/revisions"}],"predecessor-version":[{"id":601,"href":"https:\/\/www.cubipod.com\/es\/wp-json\/wp\/v2\/pages\/204\/revisions\/601"}],"up":[{"embeddable":true,"href":"https:\/\/www.cubipod.com\/es\/wp-json\/wp\/v2\/pages\/192"}],"wp:featuredmedia":[{"embeddable":true,"href":"https:\/\/www.cubipod.com\/es\/wp-json\/wp\/v2\/media\/211"}],"wp:attachment":[{"href":"https:\/\/www.cubipod.com\/es\/wp-json\/wp\/v2\/media?parent=204"}],"curies":[{"name":"wp","href":"https:\/\/api.w.org\/{rel}","templated":true}]}}