{"id":215,"date":"2022-01-05T17:57:51","date_gmt":"2022-01-05T17:57:51","guid":{"rendered":"https:\/\/cubipod.ohla-group.com\/?page_id=215"},"modified":"2022-01-08T11:49:40","modified_gmt":"2022-01-08T11:49:40","slug":"encofrados","status":"publish","type":"page","link":"https:\/\/www.cubipod.com\/es\/construccion\/encofrados\/","title":{"rendered":"Encofrados"},"content":{"rendered":"\n<p>Los encofrados para la fabricaci\u00f3n de los cubipods se han dise\u00f1ado para optimizar su rendimiento siendo \u00e9stos de tipo flanera como los empleados en la fabricaci\u00f3n de bloques c\u00fabicos, lo cual permite desencofrar verticalmente a las 6 o 8 horas de hormigonar (de una a tres puestas\/d\u00eda).<\/p>\n\n\n\n<p>Los encofrados se fabrican con una ligera conicidad y con las aristas achaflanadas para facilitar el desencofrado de las piezas.<\/p>\n\n\n\n<p>Este tipo de encofrado exige menos espacio y son menos sensibles a los residuos de la obra y las irregularidades del terreno que los encofrados de apertura lateral t\u00edpicos de las piezas bulky. El encofrado del Cub\u00edpod ha sido dise\u00f1ado para aumentar el rendimiento de fabricaci\u00f3n, lo que se traduce en una reducci\u00f3n de costes y necesidades de espacio.<\/p>\n","protected":false},"excerpt":{"rendered":"<p>Los encofrados para la fabricaci\u00f3n de los cubipods se han dise\u00f1ado para optimizar su rendimiento siendo \u00e9stos de tipo flanera como los empleados en la fabricaci\u00f3n de bloques c\u00fabicos, lo cual permite desencofrar verticalmente a las 6 o 8 horas [&hellip;]<\/p>\n","protected":false},"author":21,"featured_media":216,"parent":213,"menu_order":1,"comment_status":"closed","ping_status":"closed","template":"","meta":{"_acf_changed":false,"footnotes":"","_links_to":"","_links_to_target":""},"class_list":["post-215","page","type-page","status-publish","has-post-thumbnail","hentry"],"acf":[],"_links":{"self":[{"href":"https:\/\/www.cubipod.com\/es\/wp-json\/wp\/v2\/pages\/215","targetHints":{"allow":["GET"]}}],"collection":[{"href":"https:\/\/www.cubipod.com\/es\/wp-json\/wp\/v2\/pages"}],"about":[{"href":"https:\/\/www.cubipod.com\/es\/wp-json\/wp\/v2\/types\/page"}],"author":[{"embeddable":true,"href":"https:\/\/www.cubipod.com\/es\/wp-json\/wp\/v2\/users\/21"}],"replies":[{"embeddable":true,"href":"https:\/\/www.cubipod.com\/es\/wp-json\/wp\/v2\/comments?post=215"}],"version-history":[{"count":3,"href":"https:\/\/www.cubipod.com\/es\/wp-json\/wp\/v2\/pages\/215\/revisions"}],"predecessor-version":[{"id":1580,"href":"https:\/\/www.cubipod.com\/es\/wp-json\/wp\/v2\/pages\/215\/revisions\/1580"}],"up":[{"embeddable":true,"href":"https:\/\/www.cubipod.com\/es\/wp-json\/wp\/v2\/pages\/213"}],"wp:featuredmedia":[{"embeddable":true,"href":"https:\/\/www.cubipod.com\/es\/wp-json\/wp\/v2\/media\/216"}],"wp:attachment":[{"href":"https:\/\/www.cubipod.com\/es\/wp-json\/wp\/v2\/media?parent=215"}],"curies":[{"name":"wp","href":"https:\/\/api.w.org\/{rel}","templated":true}]}}