{"id":218,"date":"2022-01-05T17:59:23","date_gmt":"2022-01-05T17:59:23","guid":{"rendered":"https:\/\/cubipod.ohla-group.com\/?page_id=218"},"modified":"2022-01-08T11:54:26","modified_gmt":"2022-01-08T11:54:26","slug":"fabricacion","status":"publish","type":"page","link":"https:\/\/www.cubipod.com\/es\/construccion\/fabricacion\/","title":{"rendered":"Fabricaci\u00f3n"},"content":{"rendered":"\n<p>La fabricaci\u00f3n de cubipods empleando encofrados verticales es muy sencilla y tiene un alto rendimiento de fabricaci\u00f3n (entre 1 a 3 puestas\/d\u00eda). Este tipo de encofrado permite trabajar con l\u00edneas de producci\u00f3n m\u00e1s compactas, optimizando espacio, con un menor n\u00famero de moldes y sin la necesidad de realizar las grandes losas de nivelaci\u00f3n necesarias para los encofrados de apertura lateral, lo que minimiza los costes y simplifica los procesos.<\/p>\n\n\n\n<p>Para la fabricaci\u00f3n, \u00fanicamente debe contarse con un carril elevado de hormigonado por el que pasan los camiones hormigoneras vertiendo directamente el hormig\u00f3n en los moldes colocados a ambos lados del mismo. Tras el vibrado y tiempo de fraguado pertinente se procede al desmoldado, para lo que se utilizan unas pinzas de desencofrado que izan el molde superior y cuya manipulaci\u00f3n es muy sencilla y segura.<\/p>\n\n\n\n<p>Respecto a la calidad del hormig\u00f3n, al ser Cubipod una pieza masiva, requiere una menor calidad del hormig\u00f3n empleado en su fabricaci\u00f3n que las piezas slender y bulky, por lo que se pueden emplear hormigones de menor resistencia.<\/p>\n\n\n\n<p>Si se compara su fabricaci\u00f3n con la de las piezas&nbsp;<em>bulky<\/em>&nbsp;(1 pieza\/d\u00eda\/molde), \u00e9ste requiere menos de la mitad de moldes y un \u00e1rea de producci\u00f3n mucho menor.<\/p>\n","protected":false},"excerpt":{"rendered":"<p>La fabricaci\u00f3n de cubipods empleando encofrados verticales es muy sencilla y tiene un alto rendimiento de fabricaci\u00f3n (entre 1 a 3 puestas\/d\u00eda). Este tipo de encofrado permite trabajar con l\u00edneas de producci\u00f3n m\u00e1s compactas, optimizando espacio, con un menor n\u00famero [&hellip;]<\/p>\n","protected":false},"author":21,"featured_media":220,"parent":213,"menu_order":2,"comment_status":"closed","ping_status":"closed","template":"","meta":{"_acf_changed":false,"footnotes":"","_links_to":"","_links_to_target":""},"class_list":["post-218","page","type-page","status-publish","has-post-thumbnail","hentry"],"acf":[],"_links":{"self":[{"href":"https:\/\/www.cubipod.com\/es\/wp-json\/wp\/v2\/pages\/218","targetHints":{"allow":["GET"]}}],"collection":[{"href":"https:\/\/www.cubipod.com\/es\/wp-json\/wp\/v2\/pages"}],"about":[{"href":"https:\/\/www.cubipod.com\/es\/wp-json\/wp\/v2\/types\/page"}],"author":[{"embeddable":true,"href":"https:\/\/www.cubipod.com\/es\/wp-json\/wp\/v2\/users\/21"}],"replies":[{"embeddable":true,"href":"https:\/\/www.cubipod.com\/es\/wp-json\/wp\/v2\/comments?post=218"}],"version-history":[{"count":2,"href":"https:\/\/www.cubipod.com\/es\/wp-json\/wp\/v2\/pages\/218\/revisions"}],"predecessor-version":[{"id":426,"href":"https:\/\/www.cubipod.com\/es\/wp-json\/wp\/v2\/pages\/218\/revisions\/426"}],"up":[{"embeddable":true,"href":"https:\/\/www.cubipod.com\/es\/wp-json\/wp\/v2\/pages\/213"}],"wp:featuredmedia":[{"embeddable":true,"href":"https:\/\/www.cubipod.com\/es\/wp-json\/wp\/v2\/media\/220"}],"wp:attachment":[{"href":"https:\/\/www.cubipod.com\/es\/wp-json\/wp\/v2\/media?parent=218"}],"curies":[{"name":"wp","href":"https:\/\/api.w.org\/{rel}","templated":true}]}}