{"id":221,"date":"2022-01-05T18:01:33","date_gmt":"2022-01-05T18:01:33","guid":{"rendered":"https:\/\/cubipod.ohla-group.com\/?page_id=221"},"modified":"2022-03-14T14:50:21","modified_gmt":"2022-03-14T14:50:21","slug":"acopio","status":"publish","type":"page","link":"https:\/\/www.cubipod.com\/es\/construccion\/acopio\/","title":{"rendered":"Acopio"},"content":{"rendered":"\n<p>El espacio necesario para el almacenamiento de piezas prefabricadas depende del tama\u00f1o de dique, del clima mar\u00edtimo (paradas de invernada) y del plazo de ejecuci\u00f3n de la obra. Una vez definidos los equipos de fabricaci\u00f3n y de colocaci\u00f3n en obra, se debe dise\u00f1ar un parque de fabricaci\u00f3n y acopio que permita almacenar las piezas necesarias para independizar el proceso de fabricaci\u00f3n del de colocaci\u00f3n sin cuellos de botella log\u00edsticos, reduciendo costes y maniobras.<\/p>\n\n\n\n<p>La forma c\u00fabica de Cubipod permite el dise\u00f1o de zonas de acopio muy compactas con hasta 5 alturas de piezas almacenadas (las piezas bulky s\u00f3lo se acopian en 1 o 2 alturas). Se podr\u00eda aumentar el n\u00famero de alturas en funci\u00f3n de la capacidad resistente del terreno. Como regla general, se tiende a sistemas de acopio con la m\u00ednima porosidad global; los parques de bloques c\u00fabicos pueden tener un 20% de porosidad global y los cubipods pueden acopiarse desde en un sistema cerrado con porosidad del 30% hasta en uno abierto con porosidad del 50%.<\/p>\n\n\n\n<p>Para comenzar con el acopio de cubipods, despu\u00e9s de nivelar ligeramente el terreno, basta con excavar en \u00e9l peque\u00f1os agujeros o surcos que alojar\u00e1n la protuberancia inferior de la primera altura de cubipods, de forma que sea la base del cubo central de los mismos la que contacte con el terreno.<\/p>\n\n\n\n<p>Los cubipods se manipulan y acopian con pinzas de presi\u00f3n dobles manipuladas por una gr\u00faa, un cami\u00f3n con pluma o un puente m\u00f3vil, en funci\u00f3n de los rendimientos necesarios y el tama\u00f1o de las piezas. Este \u00faltimo ser\u00eda recomendable si la producci\u00f3n es elevada debido a que proporciona una mayor rapidez, seguridad y flexibilidad de las operaciones<\/p>\n","protected":false},"excerpt":{"rendered":"<p>El espacio necesario para el almacenamiento de piezas prefabricadas depende del tama\u00f1o de dique, del clima mar\u00edtimo (paradas de invernada) y del plazo de ejecuci\u00f3n de la obra. Una vez definidos los equipos de fabricaci\u00f3n y de colocaci\u00f3n en obra, [&hellip;]<\/p>\n","protected":false},"author":21,"featured_media":222,"parent":213,"menu_order":3,"comment_status":"closed","ping_status":"closed","template":"","meta":{"_acf_changed":false,"footnotes":"","_links_to":"","_links_to_target":""},"class_list":["post-221","page","type-page","status-publish","has-post-thumbnail","hentry"],"acf":[],"_links":{"self":[{"href":"https:\/\/www.cubipod.com\/es\/wp-json\/wp\/v2\/pages\/221","targetHints":{"allow":["GET"]}}],"collection":[{"href":"https:\/\/www.cubipod.com\/es\/wp-json\/wp\/v2\/pages"}],"about":[{"href":"https:\/\/www.cubipod.com\/es\/wp-json\/wp\/v2\/types\/page"}],"author":[{"embeddable":true,"href":"https:\/\/www.cubipod.com\/es\/wp-json\/wp\/v2\/users\/21"}],"replies":[{"embeddable":true,"href":"https:\/\/www.cubipod.com\/es\/wp-json\/wp\/v2\/comments?post=221"}],"version-history":[{"count":2,"href":"https:\/\/www.cubipod.com\/es\/wp-json\/wp\/v2\/pages\/221\/revisions"}],"predecessor-version":[{"id":432,"href":"https:\/\/www.cubipod.com\/es\/wp-json\/wp\/v2\/pages\/221\/revisions\/432"}],"up":[{"embeddable":true,"href":"https:\/\/www.cubipod.com\/es\/wp-json\/wp\/v2\/pages\/213"}],"wp:featuredmedia":[{"embeddable":true,"href":"https:\/\/www.cubipod.com\/es\/wp-json\/wp\/v2\/media\/222"}],"wp:attachment":[{"href":"https:\/\/www.cubipod.com\/es\/wp-json\/wp\/v2\/media?parent=221"}],"curies":[{"name":"wp","href":"https:\/\/api.w.org\/{rel}","templated":true}]}}