{"id":225,"date":"2022-01-05T18:07:40","date_gmt":"2022-01-05T18:07:40","guid":{"rendered":"https:\/\/cubipod.ohla-group.com\/?page_id=225"},"modified":"2022-01-08T11:58:53","modified_gmt":"2022-01-08T11:58:53","slug":"manipulacion","status":"publish","type":"page","link":"https:\/\/www.cubipod.com\/es\/construccion\/manipulacion\/","title":{"rendered":"Manipulaci\u00f3n"},"content":{"rendered":"\n<p>Las pinzas de presi\u00f3n empleadas con los bloques c\u00fabicos han sido adaptadas para la manipulaci\u00f3n de Cubipod. Dentro del parque de fabricaci\u00f3n y acopio se recomienda la utilizaci\u00f3n de una pinza de presi\u00f3n doble para su manipulaci\u00f3n, mientras que para la colocaci\u00f3n de las piezas sobre el talud se ha dise\u00f1ado una pinza simple.<\/p>\n\n\n\n<p>La manipulaci\u00f3n con pinzas de presi\u00f3n es preferible a la manipulaci\u00f3n con eslingas. Se ahorran las operaciones manuales de colocaci\u00f3n de eslingas y se aumenta la seguridad f\u00edsica del personal. La manipulaci\u00f3n de piezas con pinzas de presi\u00f3n se considera un requisito fundamental para facilitar el manejo r\u00e1pido y seguro de piezas de hormig\u00f3n de gran volumen, es decir, permitiendo manipular las piezas desde la gr\u00faa, con menos personal y a mayor distancia.<\/p>\n","protected":false},"excerpt":{"rendered":"<p>Las pinzas de presi\u00f3n empleadas con los bloques c\u00fabicos han sido adaptadas para la manipulaci\u00f3n de Cubipod. Dentro del parque de fabricaci\u00f3n y acopio se recomienda la utilizaci\u00f3n de una pinza de presi\u00f3n doble para su manipulaci\u00f3n, mientras que para [&hellip;]<\/p>\n","protected":false},"author":21,"featured_media":226,"parent":213,"menu_order":4,"comment_status":"closed","ping_status":"closed","template":"","meta":{"_acf_changed":false,"footnotes":"","_links_to":"","_links_to_target":""},"class_list":["post-225","page","type-page","status-publish","has-post-thumbnail","hentry"],"acf":[],"_links":{"self":[{"href":"https:\/\/www.cubipod.com\/es\/wp-json\/wp\/v2\/pages\/225","targetHints":{"allow":["GET"]}}],"collection":[{"href":"https:\/\/www.cubipod.com\/es\/wp-json\/wp\/v2\/pages"}],"about":[{"href":"https:\/\/www.cubipod.com\/es\/wp-json\/wp\/v2\/types\/page"}],"author":[{"embeddable":true,"href":"https:\/\/www.cubipod.com\/es\/wp-json\/wp\/v2\/users\/21"}],"replies":[{"embeddable":true,"href":"https:\/\/www.cubipod.com\/es\/wp-json\/wp\/v2\/comments?post=225"}],"version-history":[{"count":2,"href":"https:\/\/www.cubipod.com\/es\/wp-json\/wp\/v2\/pages\/225\/revisions"}],"predecessor-version":[{"id":435,"href":"https:\/\/www.cubipod.com\/es\/wp-json\/wp\/v2\/pages\/225\/revisions\/435"}],"up":[{"embeddable":true,"href":"https:\/\/www.cubipod.com\/es\/wp-json\/wp\/v2\/pages\/213"}],"wp:featuredmedia":[{"embeddable":true,"href":"https:\/\/www.cubipod.com\/es\/wp-json\/wp\/v2\/media\/226"}],"wp:attachment":[{"href":"https:\/\/www.cubipod.com\/es\/wp-json\/wp\/v2\/media?parent=225"}],"curies":[{"name":"wp","href":"https:\/\/api.w.org\/{rel}","templated":true}]}}