{"id":231,"date":"2022-01-05T18:10:32","date_gmt":"2022-01-05T18:10:32","guid":{"rendered":"https:\/\/cubipod.ohla-group.com\/?page_id=231"},"modified":"2022-01-08T12:03:43","modified_gmt":"2022-01-08T12:03:43","slug":"colocacion","status":"publish","type":"page","link":"https:\/\/www.cubipod.com\/es\/construccion\/colocacion\/","title":{"rendered":"Colocaci\u00f3n"},"content":{"rendered":"\n<p>La colocaci\u00f3n en obra de piezas de hormig\u00f3n en masa suele ser el proceso cr\u00edtico de la construcci\u00f3n de los grandes diques en talud. Por un lado, los movimientos, tama\u00f1o de las piezas, traslado y colocaci\u00f3n exigen unas medidas de seguridad estrictas. Las pinzas de presi\u00f3n facilitan su cumplimiento. Por otro lado, una buena parte de la construcci\u00f3n se realiza bajo el agua, sin visibilidad y con una cierta acci\u00f3n del oleaje y el viento sobre la pieza colgada y la gr\u00faa que la sostiene.<\/p>\n\n\n\n<p>Cubipod se coloca de forma totalmente aleatoria, por lo que cada pieza no tiene que tener una orientaci\u00f3n relativa con respecto a las piezas de su alrededor, hecho que simplifica en gran medida su colocaci\u00f3n. Esto no ocurre en otras piezas tipo bulky.<\/p>\n\n\n\n<p>La colocaci\u00f3n de Cubipod se realiza de forma sencilla, \u00fanicamente con pinzas de presi\u00f3n y un sistema de posicionamiento GPS en la pluma de gr\u00faa, indicando al operador de la misma en qu\u00e9 lugar debe colocar cada pieza seg\u00fan una malla de colocaci\u00f3n dise\u00f1ada previamente. Por lo general se obtienen unos rendimientos de colocaci\u00f3n: 8-12 cubipods\/hora. No es necesario el empleo de buzos ni de mano de obra especializada como en las piezas tipo bulky.<\/p>\n","protected":false},"excerpt":{"rendered":"<p>La colocaci\u00f3n en obra de piezas de hormig\u00f3n en masa suele ser el proceso cr\u00edtico de la construcci\u00f3n de los grandes diques en talud. Por un lado, los movimientos, tama\u00f1o de las piezas, traslado y colocaci\u00f3n exigen unas medidas de [&hellip;]<\/p>\n","protected":false},"author":21,"featured_media":232,"parent":213,"menu_order":6,"comment_status":"closed","ping_status":"closed","template":"","meta":{"_acf_changed":false,"footnotes":"","_links_to":"","_links_to_target":""},"class_list":["post-231","page","type-page","status-publish","has-post-thumbnail","hentry"],"acf":[],"_links":{"self":[{"href":"https:\/\/www.cubipod.com\/es\/wp-json\/wp\/v2\/pages\/231","targetHints":{"allow":["GET"]}}],"collection":[{"href":"https:\/\/www.cubipod.com\/es\/wp-json\/wp\/v2\/pages"}],"about":[{"href":"https:\/\/www.cubipod.com\/es\/wp-json\/wp\/v2\/types\/page"}],"author":[{"embeddable":true,"href":"https:\/\/www.cubipod.com\/es\/wp-json\/wp\/v2\/users\/21"}],"replies":[{"embeddable":true,"href":"https:\/\/www.cubipod.com\/es\/wp-json\/wp\/v2\/comments?post=231"}],"version-history":[{"count":3,"href":"https:\/\/www.cubipod.com\/es\/wp-json\/wp\/v2\/pages\/231\/revisions"}],"predecessor-version":[{"id":444,"href":"https:\/\/www.cubipod.com\/es\/wp-json\/wp\/v2\/pages\/231\/revisions\/444"}],"up":[{"embeddable":true,"href":"https:\/\/www.cubipod.com\/es\/wp-json\/wp\/v2\/pages\/213"}],"wp:featuredmedia":[{"embeddable":true,"href":"https:\/\/www.cubipod.com\/es\/wp-json\/wp\/v2\/media\/232"}],"wp:attachment":[{"href":"https:\/\/www.cubipod.com\/es\/wp-json\/wp\/v2\/media?parent=231"}],"curies":[{"name":"wp","href":"https:\/\/api.w.org\/{rel}","templated":true}]}}