{"id":27,"date":"2022-01-05T15:40:53","date_gmt":"2022-01-05T15:40:53","guid":{"rendered":"https:\/\/cubipod.ohla-group.com\/?page_id=27"},"modified":"2024-06-27T08:23:33","modified_gmt":"2024-06-27T08:23:33","slug":"que-es-cubipod","status":"publish","type":"page","link":"https:\/\/www.cubipod.com\/es\/cubipod\/que-es-cubipod\/","title":{"rendered":"\u00bfQu\u00e9 es Cubipod?"},"content":{"rendered":"\t\t<div data-elementor-type=\"wp-page\" data-elementor-id=\"27\" class=\"elementor elementor-27\" data-elementor-settings=\"{&quot;ha_cmc_init_switcher&quot;:&quot;no&quot;}\" data-elementor-post-type=\"page\">\n\t\t\t\t\t\t<section class=\"elementor-section elementor-top-section elementor-element elementor-element-abde510 cubipod-tab elementor-section-boxed elementor-section-height-default elementor-section-height-default\" data-id=\"abde510\" data-element_type=\"section\" data-settings=\"{&quot;_ha_eqh_enable&quot;:false}\">\n\t\t\t\t\t\t<div class=\"elementor-container elementor-column-gap-default\">\n\t\t\t\t\t<div class=\"elementor-column elementor-col-100 elementor-top-column elementor-element elementor-element-13a330a\" data-id=\"13a330a\" data-element_type=\"column\">\n\t\t\t<div class=\"elementor-widget-wrap elementor-element-populated\">\n\t\t\t\t\t\t<div class=\"elementor-element elementor-element-231b07d elementor-tabs-view-horizontal elementor-widget elementor-widget-tabs\" data-id=\"231b07d\" data-element_type=\"widget\" data-widget_type=\"tabs.default\">\n\t\t\t\t<div class=\"elementor-widget-container\">\n\t\t\t\t\t\t\t<div class=\"elementor-tabs\">\n\t\t\t<div class=\"elementor-tabs-wrapper\" role=\"tablist\" >\n\t\t\t\t\t\t\t\t\t<div id=\"elementor-tab-title-3681\" class=\"elementor-tab-title elementor-tab-desktop-title\" aria-selected=\"true\" data-tab=\"1\" role=\"tab\" tabindex=\"0\" aria-controls=\"elementor-tab-content-3681\" aria-expanded=\"false\">\u00bfQu\u00e9 es Cubipod?<\/div>\n\t\t\t\t\t\t\t\t\t<div id=\"elementor-tab-title-3682\" class=\"elementor-tab-title elementor-tab-desktop-title\" aria-selected=\"false\" data-tab=\"2\" role=\"tab\" tabindex=\"-1\" aria-controls=\"elementor-tab-content-3682\" aria-expanded=\"false\">Ventajas<\/div>\n\t\t\t\t\t\t\t\t\t<div id=\"elementor-tab-title-3683\" class=\"elementor-tab-title elementor-tab-desktop-title\" aria-selected=\"false\" data-tab=\"3\" role=\"tab\" tabindex=\"-1\" aria-controls=\"elementor-tab-content-3683\" aria-expanded=\"false\">Motivaci\u00f3n<\/div>\n\t\t\t\t\t\t\t\t\t<div id=\"elementor-tab-title-3684\" class=\"elementor-tab-title elementor-tab-desktop-title\" aria-selected=\"false\" data-tab=\"4\" role=\"tab\" tabindex=\"-1\" aria-controls=\"elementor-tab-content-3684\" aria-expanded=\"false\">Idea<\/div>\n\t\t\t\t\t\t\t<\/div>\n\t\t\t<div class=\"elementor-tabs-content-wrapper\" role=\"tablist\" aria-orientation=\"vertical\">\n\t\t\t\t\t\t\t\t\t<div class=\"elementor-tab-title elementor-tab-mobile-title\" aria-selected=\"true\" data-tab=\"1\" role=\"tab\" tabindex=\"0\" aria-controls=\"elementor-tab-content-3681\" aria-expanded=\"false\">\u00bfQu\u00e9 es Cubipod?<\/div>\n\t\t\t\t\t<div id=\"elementor-tab-content-3681\" class=\"elementor-tab-content elementor-clearfix\" data-tab=\"1\" role=\"tabpanel\" aria-labelledby=\"elementor-tab-title-3681\" tabindex=\"0\" hidden=\"false\"><p><iframe src=\"https:\/\/www.youtube.com\/embed\/nrcp10szvCM?rel=0\" width=\"100%\" height=\"300px\" frameborder=\"0\"><\/iframe><\/p><p>Elemento prefabricado de hormig\u00f3n en masa utilizado en la construcci\u00f3n de mantos principales de diques en talud y en la protecci\u00f3n de m\u00e1rgenes de r\u00edos. Se trata de un elemento masivo que resiste la acci\u00f3n del oleaje principalmente por gravedad y fricci\u00f3n lateral, coloc\u00e1ndose en el talud de forma aleatoria en una o dos capas.<\/p><p>Gracias a su dise\u00f1o, Cubipod presenta una elevada estabilidad hidr\u00e1ulica, con coeficientes similares a los elementos m\u00e1s esbeltos, tipo\u00a0<i>bulky<\/i>. Entre sus principales ventajas destacan su econ\u00f3mico coste de producci\u00f3n, una gran robustez estructural; facilidad de fabricaci\u00f3n, acopio y colocaci\u00f3n; una alta fricci\u00f3n con la capa de filtro; porosidad del manto constante durante la vida \u00fatil de la estructura, y una elevada flexibilidad frente al oleaje y posibles asientos del terreno, sin limitaci\u00f3n de tama\u00f1o o profundidad.<\/p><\/div>\n\t\t\t\t\t\t\t\t\t<div class=\"elementor-tab-title elementor-tab-mobile-title\" aria-selected=\"false\" data-tab=\"2\" role=\"tab\" tabindex=\"-1\" aria-controls=\"elementor-tab-content-3682\" aria-expanded=\"false\">Ventajas<\/div>\n\t\t\t\t\t<div id=\"elementor-tab-content-3682\" class=\"elementor-tab-content elementor-clearfix\" data-tab=\"2\" role=\"tabpanel\" aria-labelledby=\"elementor-tab-title-3682\" tabindex=\"0\" hidden=\"hidden\"><div class=\"content wide\">\n<div class=\"wysiwyg text\">\n<p class=\"imgLeft\"><img fetchpriority=\"high\" decoding=\"async\" title=\"11 Que Es Cubipod 1\" src=\"https:\/\/s3-bucket-wordpress-pro.s3.eu-west-1.amazonaws.com\/wp-content\/uploads\/sites\/5\/2022\/01\/24155608\/11-Que-es-cubipod-1_210x249_210x249.jpg\" alt=\"11 Que Es Cubipod 1\" width=\"210\" height=\"249\" \/><\/p>\n\n<div class=\"wysiwyg\">\n<table class=\"datos\">\n<thead>\n<tr>\n<th colspan=\"2\">Ventajas de CUBIPOD frente a:<\/th>\n<\/tr>\n<\/thead>\n<tbody>\n<tr>\n<td class=\"fila\"><strong>BLOQUES C\u00daBICOS (2 CAPAS)<\/strong><\/td>\n<td class=\"fila\"><strong>BLOQUES BULKY (1 CAPA)<\/strong><\/td>\n<\/tr>\n<tr>\n<td>Soluci\u00f3n con manto monocapa fiable<\/td>\n<td>Mucha mayor resistencia estructural<\/td>\n<\/tr>\n<tr>\n<td>Mucha mayor estabilidad hidr\u00e1ulica<\/td>\n<td>Sin limitaci\u00f3n de tama\u00f1o \/ profundidad<\/td>\n<\/tr>\n<tr>\n<td>Menor remonte y rebase<\/td>\n<td>La calidad del hormig\u00f3n no es cr\u00edtica<\/td>\n<\/tr>\n<tr>\n<td>Sin acoplamiento cara a cara<\/td>\n<td>Manipulaci\u00f3n eficiente y segura con pinzas de presi\u00f3n<\/td>\n<\/tr>\n<tr>\n<td>Elevada fricci\u00f3n con el filtro<\/td>\n<td>Encofrados sencillos con desplazamiento vertical<\/td>\n<\/tr>\n<tr>\n<td>Escollera menor en la capa de filtro<\/td>\n<td>Elevados ratios de producci\u00f3n (2-3 uds\/d\u00eda)<\/td>\n<\/tr>\n<tr>\n<td>Mucho menor consumo de hormig\u00f3n<\/td>\n<td>Parque de almacenamiento en altura<\/td>\n<\/tr>\n<tr>\n<td>Baja huella energ\u00e9tica y del carbono<\/td>\n<td>F\u00e1cil colocaci\u00f3n aleatoria (8-12 ids\/h)<\/td>\n<\/tr>\n<tr>\n<td>Porosidad homog\u00e9nea del manto<\/td>\n<td>Menor especializaci\u00f3n en la mano de obra<\/td>\n<\/tr>\n<\/tbody>\n<\/table>\n<\/div>\n<\/div>\n<\/div><\/div>\n\t\t\t\t\t\t\t\t\t<div class=\"elementor-tab-title elementor-tab-mobile-title\" aria-selected=\"false\" data-tab=\"3\" role=\"tab\" tabindex=\"-1\" aria-controls=\"elementor-tab-content-3683\" aria-expanded=\"false\">Motivaci\u00f3n<\/div>\n\t\t\t\t\t<div id=\"elementor-tab-content-3683\" class=\"elementor-tab-content elementor-clearfix\" data-tab=\"3\" role=\"tabpanel\" aria-labelledby=\"elementor-tab-title-3683\" tabindex=\"0\" hidden=\"hidden\"><div class=\"content wide\"><div class=\"wysiwyg text\"><p><img decoding=\"async\" title=\"Motivaci\u00f3n\" src=\"https:\/\/s3-bucket-wordpress-pro.s3.eu-west-1.amazonaws.com\/wp-content\/uploads\/sites\/5\/2022\/01\/24153536\/11-que-es-cubipod-motivacion-.jpg\" alt=\"Motivaci\u00f3n\" width=\"740\" height=\"493\" \/><\/p><p>El manto bicapa de bloques c\u00fabicos colocados aleatoriamente es habitual en los grandes diques en talud construidos en Espa\u00f1a y otros pa\u00edses. El bloque c\u00fabico es muy robusto y tiene grandes ventajas log\u00edsticas frente a otras piezas m\u00e1s esbeltas. Sin embargo, el bloque c\u00fabico para el manto adolece de algunos defectos relevantes:<\/p><p>&#8211; Tiene poca estabilidad hidr\u00e1ulica<\/p><p>&#8211; Tiende a colocarse cara contra cara, generando procesos de compactaci\u00f3n heterog\u00e9nea que debilitan el dique y aumentan el caudal de rebase<\/p><p>&#8211; Tiende a colocar una cara paralela al talud generando poca fricci\u00f3n con la capa inferior<\/p><p>&#8211; No es f\u00e1cil conseguir una colocaci\u00f3n inicial que parezca aleatoria y resulta imposible a largo plazo por su tendencia al ajuste cara contra cara<\/p><p>&#8211; No se puede colocar aleatorio en una sola capa por los graves efectos de los cambios de porosidad a largo plazo<\/p><p>Con motivo de suplir los defectos del bloque c\u00fabico convencional, manteniendo sus ventajas log\u00edsticas, se ha desarrollado un nuevo elemento denominado Cubipod.<\/p><\/div><\/div><\/div>\n\t\t\t\t\t\t\t\t\t<div class=\"elementor-tab-title elementor-tab-mobile-title\" aria-selected=\"false\" data-tab=\"4\" role=\"tab\" tabindex=\"-1\" aria-controls=\"elementor-tab-content-3684\" aria-expanded=\"false\">Idea<\/div>\n\t\t\t\t\t<div id=\"elementor-tab-content-3684\" class=\"elementor-tab-content elementor-clearfix\" data-tab=\"4\" role=\"tabpanel\" aria-labelledby=\"elementor-tab-title-3684\" tabindex=\"0\" hidden=\"hidden\"><div class=\"content wide\">\n<div class=\"wysiwyg text\">\n<p class=\"title5\"><em><strong>Evoluci\u00f3n del Cubo al CUBIPOD <\/strong><\/em><\/p>\n<p class=\"centrarTexto\"><img decoding=\"async\" class=\"centrarTexto\" title=\"Idea 1\" src=\"https:\/\/s3-bucket-wordpress-pro.s3.eu-west-1.amazonaws.com\/wp-content\/uploads\/sites\/5\/2022\/01\/24153834\/11-que-es-cubipod-idea-1-_205x308.jpg\" alt=\"Idea 1\" width=\"205\" height=\"308\" \/>\u00a0\u00a0 <img loading=\"lazy\" decoding=\"async\" class=\"centrarTexto\" title=\"Idea 2\" src=\"https:\/\/s3-bucket-wordpress-pro.s3.eu-west-1.amazonaws.com\/wp-content\/uploads\/sites\/5\/2022\/01\/24153857\/11-que-es-cubipod-idea-2-_244x307.jpg\" alt=\"Idea 2\" width=\"244\" height=\"307\" \/><\/p>\nCubipod ha sido concebido para neutralizar los inconvenientes del bloque c\u00fabico manteniendo sus ventajas. Su dise\u00f1o c\u00fabico con protuberancias en sus caras,evita el adoquinamiento cara contra cara de las piezas y aumenta la fricci\u00f3n con la capa inferior. La forma tronco-piramidal cuadrada de sus protuberancias es la id\u00f3nea al evitar flexiones y torsiones en los impactos que pueda tener la pieza durante la construcci\u00f3n de un dique. Adem\u00e1s, el tama\u00f1o de las protuberancias es similar a los huecos entre las piedras de la capa inferior sobre la que se coloca, lo que permite aumentar la fricci\u00f3n del manto con la capa inferior. Su manejo se realiza con pinzas de presi\u00f3n y su acopio no precisa de mucho espacio al mantener la pieza un n\u00facleo c\u00fabico importante.\n\n<\/div>\n<\/div><\/div>\n\t\t\t\t\t\t\t<\/div>\n\t\t<\/div>\n\t\t\t\t\t\t<\/div>\n\t\t\t\t<\/div>\n\t\t\t\t\t<\/div>\n\t\t<\/div>\n\t\t\t\t\t<\/div>\n\t\t<\/section>\n\t\t\t\t<\/div>\n\t\t","protected":false},"excerpt":{"rendered":"<p>\u00bfQu\u00e9 es Cubipod? Ventajas Motivaci\u00f3n Idea \u00bfQu\u00e9 es Cubipod? Elemento prefabricado de hormig\u00f3n en masa utilizado en la construcci\u00f3n de mantos principales de diques en talud y en la protecci\u00f3n de m\u00e1rgenes de r\u00edos. Se trata de un elemento masivo [&hellip;]<\/p>\n","protected":false},"author":21,"featured_media":400,"parent":25,"menu_order":1,"comment_status":"closed","ping_status":"closed","template":"","meta":{"_acf_changed":false,"footnotes":"","_links_to":"","_links_to_target":""},"class_list":["post-27","page","type-page","status-publish","has-post-thumbnail","hentry"],"acf":[],"_links":{"self":[{"href":"https:\/\/www.cubipod.com\/es\/wp-json\/wp\/v2\/pages\/27","targetHints":{"allow":["GET"]}}],"collection":[{"href":"https:\/\/www.cubipod.com\/es\/wp-json\/wp\/v2\/pages"}],"about":[{"href":"https:\/\/www.cubipod.com\/es\/wp-json\/wp\/v2\/types\/page"}],"author":[{"embeddable":true,"href":"https:\/\/www.cubipod.com\/es\/wp-json\/wp\/v2\/users\/21"}],"replies":[{"embeddable":true,"href":"https:\/\/www.cubipod.com\/es\/wp-json\/wp\/v2\/comments?post=27"}],"version-history":[{"count":169,"href":"https:\/\/www.cubipod.com\/es\/wp-json\/wp\/v2\/pages\/27\/revisions"}],"predecessor-version":[{"id":1742,"href":"https:\/\/www.cubipod.com\/es\/wp-json\/wp\/v2\/pages\/27\/revisions\/1742"}],"up":[{"embeddable":true,"href":"https:\/\/www.cubipod.com\/es\/wp-json\/wp\/v2\/pages\/25"}],"wp:featuredmedia":[{"embeddable":true,"href":"https:\/\/www.cubipod.com\/es\/wp-json\/wp\/v2\/media\/400"}],"wp:attachment":[{"href":"https:\/\/www.cubipod.com\/es\/wp-json\/wp\/v2\/media?parent=27"}],"curies":[{"name":"wp","href":"https:\/\/api.w.org\/{rel}","templated":true}]}}