{"id":38,"date":"2022-01-05T15:53:49","date_gmt":"2022-01-05T15:53:49","guid":{"rendered":"https:\/\/cubipod.ohla-group.com\/?page_id=38"},"modified":"2022-01-05T15:53:52","modified_gmt":"2022-01-05T15:53:52","slug":"robustez-estructural","status":"publish","type":"page","link":"https:\/\/www.cubipod.com\/es\/cubipod\/caracteristicas\/robustez-estructural\/","title":{"rendered":"Robustez estructural"},"content":{"rendered":"\n<p>Cubipod es la pieza monocapa m\u00e1s robusta del mercado, mucho m\u00e1s que las de tipo&nbsp;<em>bulky<\/em>&nbsp;existentes. Esta elevada robustez estructural es una de las principales razones por la que se pueden fabricar cubipods de cualquier tama\u00f1o, al contrario que con el resto de piezas monocapa, las cuales tienen una limitaci\u00f3n de tama\u00f1o importante para fabricarse sin armadura (en torno a los 20 m<sup>3<\/sup>).<\/p>\n\n\n\n<p>Su robustez estructural ha sido probada con ensayos de volteo y ca\u00edda. Soporta alturas de ca\u00eddas un 50% superior a las de los bloques c\u00fabicos convencionales, llegando a soportar ca\u00eddas extremas desde 8,5m y 9,5 m de altura.\u00a0<a href=\"\/ensayos-de-laboratorio\/robustez-estructural\/\">M\u00e1s informaci\u00f3n en Ensayos de laboratorio<\/a><\/p>\n\n\n\n<div class=\"wp-block-columns is-layout-flex wp-container-core-columns-is-layout-9d6595d7 wp-block-columns-is-layout-flex\">\n<div class=\"wp-block-column is-layout-flow wp-block-column-is-layout-flow\">\n<figure class=\"wp-block-image size-large\"><img fetchpriority=\"high\" decoding=\"async\" width=\"320\" height=\"240\" src=\"https:\/\/www.cubipod.com\/wp-content\/uploads\/sites\/5\/2022\/01\/121-ROBUSTEZ-ESTRUCTURAL-1_320x240_320x240.jpeg\" alt=\"\" class=\"wp-image-39\" srcset=\"https:\/\/www.cubipod.com\/wp-content\/uploads\/sites\/5\/2022\/01\/121-ROBUSTEZ-ESTRUCTURAL-1_320x240_320x240.jpeg 320w, https:\/\/www.cubipod.com\/wp-content\/uploads\/sites\/5\/2022\/01\/121-ROBUSTEZ-ESTRUCTURAL-1_320x240_320x240-300x225.jpeg 300w, https:\/\/www.cubipod.com\/wp-content\/uploads\/sites\/5\/2022\/01\/121-ROBUSTEZ-ESTRUCTURAL-1_320x240_320x240-120x90.jpeg 120w\" sizes=\"(max-width: 320px) 100vw, 320px\" \/><figcaption>Ensayo ca\u00edda martillo: cubo (h=1,5m) (32,5% p\u00e9rdida de peso).<\/figcaption><\/figure>\n<\/div>\n\n\n\n<div class=\"wp-block-column is-layout-flow wp-block-column-is-layout-flow\">\n<figure class=\"wp-block-image size-large\"><img decoding=\"async\" width=\"320\" height=\"240\" src=\"https:\/\/www.cubipod.com\/wp-content\/uploads\/sites\/5\/2022\/01\/121-ROBUSTEZ-ESTRUCTURAL-2_320x240_320x240.jpeg\" alt=\"\" class=\"wp-image-40\" srcset=\"https:\/\/www.cubipod.com\/wp-content\/uploads\/sites\/5\/2022\/01\/121-ROBUSTEZ-ESTRUCTURAL-2_320x240_320x240.jpeg 320w, https:\/\/www.cubipod.com\/wp-content\/uploads\/sites\/5\/2022\/01\/121-ROBUSTEZ-ESTRUCTURAL-2_320x240_320x240-300x225.jpeg 300w, https:\/\/www.cubipod.com\/wp-content\/uploads\/sites\/5\/2022\/01\/121-ROBUSTEZ-ESTRUCTURAL-2_320x240_320x240-120x90.jpeg 120w\" sizes=\"(max-width: 320px) 100vw, 320px\" \/><figcaption>Ensayo ca\u00edda martillo: Cubipod (h=2m) (0,7% p\u00e9rdida de peso).<\/figcaption><\/figure>\n<\/div>\n\n\n\n<div class=\"wp-block-column is-layout-flow wp-block-column-is-layout-flow\">\n<figure class=\"wp-block-image size-large\"><img decoding=\"async\" width=\"318\" height=\"240\" src=\"https:\/\/www.cubipod.com\/wp-content\/uploads\/sites\/5\/2022\/01\/121-robustez-estructural-3_320x240_318x240.jpeg\" alt=\"\" class=\"wp-image-41\" srcset=\"https:\/\/www.cubipod.com\/wp-content\/uploads\/sites\/5\/2022\/01\/121-robustez-estructural-3_320x240_318x240.jpeg 318w, https:\/\/www.cubipod.com\/wp-content\/uploads\/sites\/5\/2022\/01\/121-robustez-estructural-3_320x240_318x240-300x226.jpeg 300w, https:\/\/www.cubipod.com\/wp-content\/uploads\/sites\/5\/2022\/01\/121-robustez-estructural-3_320x240_318x240-120x91.jpeg 120w\" sizes=\"(max-width: 318px) 100vw, 318px\" \/><figcaption>Ensayo ca\u00edda extrema: Cubipod (h=8,5m) (0,8% p\u00e9rdida de peso).<\/figcaption><\/figure>\n<\/div>\n<\/div>\n\n\n\n<p>La elevada resistencia estructural de Cubipod es consecuencia de su geometr\u00eda, que propicia peque\u00f1as fracturas de borde que reducen las aceleraciones del cuerpo central y las fracturas internas que provocan la rotura global de la pieza. El riesgo de rotura de la pieza es muy reducido, tanto durante su manipulaci\u00f3n y colocaci\u00f3n como durante su vida \u00fatil. Su gran resistencia estructural favorece su colocaci\u00f3n sin l\u00edmite de n\u00famero de filas como pasa en las piezas tipo\u00a0<em>bulky<\/em>.<\/p>\n","protected":false},"excerpt":{"rendered":"<p>Cubipod es la pieza monocapa m\u00e1s robusta del mercado, mucho m\u00e1s que las de tipo&nbsp;bulky&nbsp;existentes. Esta elevada robustez estructural es una de las principales razones por la que se pueden fabricar cubipods de cualquier tama\u00f1o, al contrario que con el [&hellip;]<\/p>\n","protected":false},"author":21,"featured_media":0,"parent":36,"menu_order":1,"comment_status":"closed","ping_status":"closed","template":"","meta":{"_acf_changed":false,"footnotes":"","_links_to":"","_links_to_target":""},"class_list":["post-38","page","type-page","status-publish","hentry"],"acf":[],"_links":{"self":[{"href":"https:\/\/www.cubipod.com\/es\/wp-json\/wp\/v2\/pages\/38","targetHints":{"allow":["GET"]}}],"collection":[{"href":"https:\/\/www.cubipod.com\/es\/wp-json\/wp\/v2\/pages"}],"about":[{"href":"https:\/\/www.cubipod.com\/es\/wp-json\/wp\/v2\/types\/page"}],"author":[{"embeddable":true,"href":"https:\/\/www.cubipod.com\/es\/wp-json\/wp\/v2\/users\/21"}],"replies":[{"embeddable":true,"href":"https:\/\/www.cubipod.com\/es\/wp-json\/wp\/v2\/comments?post=38"}],"version-history":[{"count":1,"href":"https:\/\/www.cubipod.com\/es\/wp-json\/wp\/v2\/pages\/38\/revisions"}],"predecessor-version":[{"id":42,"href":"https:\/\/www.cubipod.com\/es\/wp-json\/wp\/v2\/pages\/38\/revisions\/42"}],"up":[{"embeddable":true,"href":"https:\/\/www.cubipod.com\/es\/wp-json\/wp\/v2\/pages\/36"}],"wp:attachment":[{"href":"https:\/\/www.cubipod.com\/es\/wp-json\/wp\/v2\/media?parent=38"}],"curies":[{"name":"wp","href":"https:\/\/api.w.org\/{rel}","templated":true}]}}