{"id":414,"date":"2022-01-08T10:32:01","date_gmt":"2022-01-08T10:32:01","guid":{"rendered":"https:\/\/cubipod.ohla-group.com\/?page_id=414"},"modified":"2022-01-26T08:29:10","modified_gmt":"2022-01-26T08:29:10","slug":"mapa-web","status":"publish","type":"page","link":"https:\/\/www.cubipod.com\/es\/mapa-web\/","title":{"rendered":"Mapa web"},"content":{"rendered":"\n<div class=\"wrapper sitemap\"> \n       <ul>\n                <li class=\"level-2\">\n<a href=\"https:\/\/www.cubipod.com\/\" title=\"CUBIPOD\" target=\"_self\" rel=\"noopener\">CUBIPOD<\/a>\n                    \n\t\t\t\t\t   <ul>\n                <li class=\"level-3\">\n<a href=\"https:\/\/www.cubipod.com\/que-es-cubipod\/\" title=\"\u00bfQu\u00e9 es Cubipod?\" target=\"_self\" rel=\"noopener\">\u00bfQu\u00e9 es Cubipod?<\/a>\n                    \n\t\t\t\t\t   <ul>\n                <li class=\"level-4\">\n<a href=\"https:\/\/www.cubipod.com\/que-es-cubipod\/\" title=\"Ventajas\" target=\"_self\" rel=\"noopener\">Ventajas<\/a>\n                    \n\t\t\t\t\t\n                <\/li>\n                <li class=\"level-4\">\n<a href=\"https:\/\/www.cubipod.com\/que-es-cubipod\/\" title=\"Motivaci\u00f3n\" target=\"_self\" rel=\"noopener\">Motivaci\u00f3n<\/a>\n                    \n\t\t\t\t\t\n                <\/li>\n                <li class=\"level-4\">\n<a href=\"https:\/\/www.cubipod.com\/que-es-cubipod\/\" title=\"IDEA: Evoluci\u00f3n del Cubo al CUBIPOD\" target=\"_self\" rel=\"noopener\">IDEA: Evoluci\u00f3n del Cubo al CUBIPOD<\/a>\n                    \n\t\t\t\t\t\n                <\/li>\n   <\/ul>\n\n                <\/li>\n                <li class=\"level-3\">\n\t\t\t\t\t        <a href=\"https:\/\/www.cubipod.com\/caracteristicas\/\">Caracter&#237;sticas<\/a>\n\n                    \n\t\t\t\t\t   <ul>\n                <li class=\"level-4\">\n<a href=\"https:\/\/www.cubipod.com\/ensayos-de-laboratorio\/robustez-estructural\/\" target=\"_self\" rel=\"noopener\">Robustez estructural<\/a>\n                    \n\t\t\t\t\t\n                <\/li>\n                <li class=\"level-4\">\n<a href=\"https:\/\/www.cubipod.com\/ensayos-de-laboratorio\/estabilidad-hidraulica\/\" target=\"_self\" rel=\"noopener\">Estabilidad hidr\u00e1ulica<\/a>\n                    \n\t\t\t\t\t\n                <\/li>\n                <li class=\"level-4\">\n<a href=\"https:\/\/www.cubipod.com\/caracteristicas\/remonte-y-rebase\/\" title=\"Remonte y rebase\" target=\"_self\" rel=\"noopener\">Remonte y rebase<\/a>\n                    \n\t\t\t\t\t\n                <\/li>\n                <li class=\"level-4\">\n<a href=\"https:\/\/www.cubipod.com\/caracteristicas\/porosidad-manto\/\" title=\"Porosidad manto\" target=\"_self\" rel=\"noopener\">Porosidad manto<\/a>\n                    \n\t\t\t\t\t\n                <\/li>\n                <li class=\"level-4\">\n<a href=\"https:\/\/www.cubipod.com\/caracteristicas\/facilidad-constructiva\/\" title=\"Facilidad constructiva\" target=\"_self\" rel=\"noopener\">Facilidad constructiva<\/a>\n                    \n\t\t\t\t\t\n                <\/li>\n                <li class=\"level-4\">\n<a href=\"https:\/\/www.cubipod.com\/caracteristicas\/economia\/\" title=\"Econom\u00eda\" target=\"_self\" rel=\"noopener\">Econom\u00eda<\/a>\n                    \n\t\t\t\t\t\n                <\/li>\n                <li class=\"level-4\">\n<a href=\"https:\/\/www.cubipod.com\/caracteristicas\/sostenibilidad\/\" title=\"Sostenibilidad\" target=\"_self\" rel=\"noopener\">Sostenibilidad<\/a>\n                    \n\t\t\t\t\t\n                <\/li>\n   <\/ul>\n\n                <\/li>\n                <li class=\"level-3\">\n\t\t\t\t\t        <a href=\"https:\/\/www.cubipod.com\/ensayos-de-laboratorio\/\">Ensayos de laboratorio<\/a>\n\n                    \n\t\t\t\t\t   <ul>\n                <li class=\"level-4\">\n<a href=\"https:\/\/www.cubipod.com\/ensayos-de-laboratorio\/robustez-estructural\/\" title=\"Robustez estructural\" target=\"_self\" rel=\"noopener\">Robustez estructural<\/a>\n                    \n\t\t\t\t\t\n                <\/li>\n                <li class=\"level-4\">\n<a href=\"https:\/\/www.cubipod.com\/ensayos-de-laboratorio\/estabilidad-hidraulica\/\" title=\"Estabilidad hidr\u00e1ulica\" target=\"_self\" rel=\"noopener\">Estabilidad hidr\u00e1ulica<\/a>\n                    \n\t\t\t\t\t\n                <\/li>\n                <li class=\"level-4\">\n<a href=\"https:\/\/www.cubipod.com\/ensayos-de-laboratorio\/colocacion-realista-3d\/\" title=\"Colocaci\u00f3n realista 3D\" target=\"_self\" rel=\"noopener\">Colocaci\u00f3n realista 3D<\/a>\n                    \n\t\t\t\t\t\n                <\/li>\n   <\/ul>\n\n                <\/li>\n                <li class=\"level-3\">\n<a href=\"https:\/\/www.cubipod.com\/reconocimientos\/\" title=\"Reconocimientos\" target=\"_self\" rel=\"noopener\">Reconocimientos<\/a>\n                    \n\t\t\t\t\t\n                <\/li>\n   <\/ul>\n\n                <\/li>\n                <li class=\"level-2\">\n<a href=\"https:\/\/www.cubipod.com\/servicios\/\" title=\"Servicios\" target=\"_self\" rel=\"noopener\">Servicios<\/a>\n                    \n\t\t\t\t\t   <ul>\n                <li class=\"level-3\">\n<a href=\"https:\/\/www.cubipod.com\/servicios\/quienes-somos\/\" title=\"Quienes somos\" target=\"_self\" rel=\"noopener\">Quienes somos<\/a>\n                    \n\t\t\t\t\t\n                <\/li>\n                <li class=\"level-3\">\n\t\t\t\t\t        <a href=\"https:\/\/www.cubipod.com\/servicios\/asistencia%20tecnica\/\">Asistencia T&#233;cnica<\/a>\n\n                    \n\t\t\t\t\t   <ul>\n                <li class=\"level-4\">\n<a href=\"https:\/\/www.cubipod.com\/servicios\/asistencia-tecnica\/pre-diseno\/\" title=\"Pre-Dise\u00f1o\" target=\"_self\" rel=\"noopener\">Pre-Dise\u00f1o<\/a>\n                    \n\t\t\t\t\t\n                <\/li>\n                <li class=\"level-4\">\n<a href=\"https:\/\/www.cubipod.com\/servicios\/asistencia-tecnica\/asistencia-a-ensayos\/\" title=\"Asistencia a ensayos\" target=\"_self\" rel=\"noopener\">Asistencia a ensayos<\/a>\n                    \n\t\t\t\t\t\n                <\/li>\n                <li class=\"level-4\">\n<a href=\"https:\/\/www.cubipod.com\/servicios\/asistencia-tecnica\/planificacion-obra\/\" title=\"Planificaci\u00f3n obra\" target=\"_self\" rel=\"noopener\">Planificaci\u00f3n obra<\/a>\n                    \n\t\t\t\t\t\n                <\/li>\n                <li class=\"level-4\">\n<a href=\"https:\/\/www.cubipod.com\/servicios\/asistencia-tecnica\/construccion\/\" title=\"Construcci\u00f3n\" target=\"_self\" rel=\"noopener\">Construcci\u00f3n<\/a>\n                    \n\t\t\t\t\t\n                <\/li>\n   <\/ul>\n\n                <\/li>\n   <\/ul>\n\n                <\/li>\n                <li class=\"level-2\">\n<a href=\"https:\/\/www.cubipod.com\/diseno\/\" title=\"Dise\u00f1o\" target=\"_self\" rel=\"noopener\">Dise\u00f1o<\/a>\n                    \n\t\t\t\t\t   <ul>\n                <li class=\"level-3\">\n<a href=\"https:\/\/www.cubipod.com\/diseno\/diseno-de-diques-en-talud\/\" title=\"Dise\u00f1o de diques en talud\" target=\"_self\" rel=\"noopener\">Dise\u00f1o de diques en talud<\/a>\n                    \n\t\t\t\t\t\n                <\/li>\n                <li class=\"level-3\">\n<a href=\"https:\/\/www.cubipod.com\/diseno\/rebase\/\" title=\"Rebase\" target=\"_self\" rel=\"noopener\">Rebase<\/a>\n                    \n\t\t\t\t\t\n                <\/li>\n                <li class=\"level-3\">\n<a href=\"https:\/\/www.cubipod.com\/diseno\/fuerzas-sobre-el-espaldon\/\" title=\"Fuerzas sobre el Espald\u00f3n\" target=\"_self\" rel=\"noopener\">Fuerzas sobre el Espald\u00f3n<\/a>\n                    \n\t\t\t\t\t\n                <\/li>\n                <li class=\"level-3\">\n<a href=\"https:\/\/www.cubipod.com\/diseno\/calculadora-cubipod\/\" title=\"Calculadora de Cubipods\" target=\"_self\" rel=\"noopener\">Calculadora de Cubipods<\/a>\n                    \n\t\t\t\t\t\n                <\/li>\n   <\/ul>\n\n                <\/li>\n                <li class=\"level-2\">\n<a href=\"https:\/\/www.cubipod.com\/construccion\/\" title=\"Construcci\u00f3n\" target=\"_self\" rel=\"noopener\">Construcci\u00f3n<\/a>\n                    \n\t\t\t\t\t   <ul>\n                <li class=\"level-3\">\n<a href=\"https:\/\/www.cubipod.com\/construccion\/encofrados\/\" title=\"Encofrados\" target=\"_self\" rel=\"noopener\">Encofrados<\/a>\n                    \n\t\t\t\t\t\n                <\/li>\n                <li class=\"level-3\">\n<a href=\"https:\/\/www.cubipod.com\/construccion\/fabricacion\/\" title=\"Fabricaci\u00f3n\" target=\"_self\" rel=\"noopener\">Fabricaci\u00f3n<\/a>\n                    \n\t\t\t\t\t\n                <\/li>\n                <li class=\"level-3\">\n<a href=\"https:\/\/www.cubipod.com\/construccion\/acopio\/\" title=\"Acopio\" target=\"_self\" rel=\"noopener\">Acopio<\/a>\n                    \n\t\t\t\t\t\n                <\/li>\n                <li class=\"level-3\">\n<a href=\"https:\/\/www.cubipod.com\/construccion\/manipulacion\/\" title=\"Manipulaci\u00f3n\" target=\"_self\" rel=\"noopener\">Manipulaci\u00f3n<\/a>\n                    \n\t\t\t\t\t\n                <\/li>\n                <li class=\"level-3\">\n<a href=\"https:\/\/www.cubipod.com\/construccion\/transporte\/\" title=\"Transporte\" target=\"_self\" rel=\"noopener\">Transporte<\/a>\n                    \n\t\t\t\t\t\n                <\/li>\n                <li class=\"level-3\">\n<a href=\"https:\/\/www.cubipod.com\/construccion\/colocacion\/\" title=\"Colocaci\u00f3n\" target=\"_self\" rel=\"noopener\">Colocaci\u00f3n<\/a>\n                    \n\t\t\t\t\t\n                <\/li>\n   <\/ul>\n\n                <\/li>\n                <li class=\"level-2\">\n<a href=\"https:\/\/www.cubipod.com\/referencias\/\" title=\"Referencias\" target=\"_self\" rel=\"noopener\">Referencias<\/a>\n                    \n\t\t\t\t\t   <ul>\n                <li class=\"level-3\">\n<a href=\"https:\/\/www.cubipod.com\/referencias\/dique-de-san-andres-puerto-de-malaga\/\" title=\"Dique de San Andr\u00e9s - Puerto de M\u00e1laga\" target=\"_self\" rel=\"noopener\">Dique de San Andr\u00e9s &#8211; Puerto de M\u00e1laga<\/a>\n                    \n\t\t\t\t\t\n                <\/li>\n                <li class=\"level-3\">\n<a href=\"https:\/\/www.cubipod.com\/referencias\/contradique-de-langosteira-i\/\" title=\"Contradique de Langosteira I\" target=\"_self\" rel=\"noopener\">Contradique de Langosteira I<\/a>\n                    \n\t\t\t\t\t\n                <\/li>\n                <li class=\"level-3\">\n<a href=\"https:\/\/www.cubipod.com\/referencias\/contradique-de-langosteira-ii\/\" title=\"Contradique de Langosteira II\" target=\"_self\" rel=\"noopener\">Contradique de Langosteira II<\/a>\n                    \n\t\t\t\t\t\n                <\/li>\n                <li class=\"level-3\">\n<a href=\"https:\/\/www.cubipod.com\/referencias\/contradique-de-la-darsena-de-la-esfinge\/\" title=\"Contradique de la d\u00e1rsena de La Esfinge\" target=\"_self\" rel=\"noopener\">Contradique de la d\u00e1rsena de La Esfinge<\/a>\n                    \n\t\t\t\t\t\n                <\/li>\n                <li class=\"level-3\">\n<a href=\"https:\/\/www.cubipod.com\/referencias\/dique-oeste-expansion-del-puerto-de-hanstholm\/\" title=\"Dique oeste - Expansi\u00f3n del Puerto de Hanstholm\" target=\"_self\" rel=\"noopener\">Dique oeste &#8211; Expansi\u00f3n del Puerto de Hanstholm<\/a>\n                    \n\t\t\t\t\t\n                <\/li>\n                <li class=\"level-3\">\n<a href=\"https:\/\/www.cubipod.com\/referencias\/dique-marina-bahia-de-argel\/\" title=\"Dique Marina Bah\u00eda de Argel\" target=\"_self\" rel=\"noopener\">Dique Marina Bah\u00eda de Argel<\/a>\n                    \n\t\t\t\t\t\n                <\/li>\n                <li class=\"level-3\">\n<a href=https:\/\/www.cubipod.com\/referencias\/contradique-sur-muelle-de-cruceros-naos-puerto-de-las-palmas\/\" title=\"Contradique Sur Muelle de Cruceros Naos \u2013 Puerto de Las Palmas\" target=\"_self\">Contradique Sur Muelle de Cruceros Naos \u2013 Puerto de Las Palmas<\/a>\n                    \n\t\t\t\t\t\n                <\/li>\n   <\/ul>\n\n                <\/li>\n                <li class=\"level-2\">\n<a href=\"https:\/\/www.cubipod.com\/documentacion\/\" title=\"Documentaci\u00f3n\" target=\"_self\" rel=\"noopener\">Documentaci\u00f3n<\/a>\n                    \n\t\t\t\t\t   <ul>\n                <li class=\"level-3\">\n<a href=\"https:\/\/www.cubipod.com\/documentacion\/publicaciones\/\" title=\"Publicaciones\" target=\"_self\" rel=\"noopener\">Publicaciones<\/a>\n                    \n\t\t\t\t\t   <ul>\n                <li class=\"level-4\">\n<a href=\"https:\/\/webapp-ohlcubipodo.azurewebsites.net\/es\/documentacion\/publicaciones\/2011-stability-of-crown-walls-of-cube-and-cubipod-armored-mound-breakwaters\/\" title=\"Stability of crown walls of cube and cubipod armored mound breakwaters \" target=\"_self\" rel=\"noopener\">Stability of crown walls of cube and cubipod armored mound breakwaters <\/a>\n                    \n\t\t\t\t\t\n                <\/li>\n                <li class=\"level-4\">\n<a href=\"https:\/\/webapp-ohlcubipodo.azurewebsites.net\/es\/documentacion\/publicaciones\/2012-laser-scanner-technique-to-quantify-randomness-in-cube-and-cubipod-armor-layers\/\" title=\"Laser scanner technique to quantify randomness in cube and cubipod armor layers\" target=\"_self\" rel=\"noopener\">Laser scanner technique to quantify randomness in cube and cubipod armor layers<\/a>\n                    \n\t\t\t\t\t\n                <\/li>\n                <li class=\"level-4\">\n<a href=\"https:\/\/webapp-ohlcubipodo.azurewebsites.net\/es\/documentacion\/publicaciones\/2014-calibration-of-overtopping-roughness-factors-for-concrete-armor-units-in-non-breaking-conditions-using-the-clash-database\/\" title=\"Calibration of overtopping roughness factors for concrete armor units in non-breaking conditions using the clash database\" target=\"_self\" rel=\"noopener\">Calibration of overtopping roughness factors for concrete armor units in non-breaking conditions using the clash database<\/a>\n                    \n\t\t\t\t\t\n                <\/li>\n   <\/ul>\n\n                <\/li>\n                <li class=\"level-3\">\n<a href=\"https:\/\/www.cubipod.com\/documentacion\/folletos\/\" title=\"Folletos\" target=\"_self\" rel=\"noopener\">Folletos<\/a>\n                    \n\t\t\t\t\t\n                <\/li>\n                <li class=\"level-3\">\n<a href=\"https:\/\/webapp-ohlcubipodo.azurewebsites.net\/es\/documentacion\/manuales\/\" title=\"Manuales\" target=\"_self\" rel=\"noopener\">Manuales<\/a>\n                    \n\t\t\t\t\t\n                <\/li>\n   <\/ul>\n\n                <\/li>\n                <li class=\"level-2\">\n<a href=\"https:\/\/www.cubipod.com\/aviso-legal\/\" title=\"Aviso Legal\" target=\"_self\" rel=\"noopener\">Aviso Legal<\/a>\n                    \n\t\t\t\t\t\n                <\/li>\n                <li class=\"level-2\">\n<a href=\"https:\/\/www.cubipod.com\/accesibilidad\/\" title=\"Accesibilidad\" target=\"_self\" rel=\"noopener\">Accesibilidad<\/a>\n                    \n\t\t\t\t\t\n                <\/li>\n                <li class=\"level-2\">\n<a href=\"https:\/\/www.cubipod.com\/politica-de-cookies\/\" title=\"Pol\u00edtica de cookies\" target=\"_self\" rel=\"noopener\">Pol\u00edtica de cookies<\/a>\n                    \n\t\t\t\t\t\n                <\/li>\n   <\/ul>\n\n<\/div>\n\n","protected":false},"excerpt":{"rendered":"<p>CUBIPOD \u00bfQu\u00e9 es Cubipod? Ventajas Motivaci\u00f3n IDEA: Evoluci\u00f3n del Cubo al CUBIPOD Caracter&#237;sticas Robustez estructural Estabilidad hidr\u00e1ulica Remonte y rebase Porosidad manto Facilidad constructiva Econom\u00eda Sostenibilidad Ensayos de laboratorio Robustez estructural Estabilidad hidr\u00e1ulica Colocaci\u00f3n realista 3D Reconocimientos Servicios Quienes somos [&hellip;]<\/p>\n","protected":false},"author":21,"featured_media":0,"parent":0,"menu_order":0,"comment_status":"closed","ping_status":"closed","template":"page-webmap.php","meta":{"_acf_changed":false,"footnotes":"","_links_to":"","_links_to_target":""},"class_list":["post-414","page","type-page","status-publish","hentry"],"acf":[],"_links":{"self":[{"href":"https:\/\/www.cubipod.com\/es\/wp-json\/wp\/v2\/pages\/414","targetHints":{"allow":["GET"]}}],"collection":[{"href":"https:\/\/www.cubipod.com\/es\/wp-json\/wp\/v2\/pages"}],"about":[{"href":"https:\/\/www.cubipod.com\/es\/wp-json\/wp\/v2\/types\/page"}],"author":[{"embeddable":true,"href":"https:\/\/www.cubipod.com\/es\/wp-json\/wp\/v2\/users\/21"}],"replies":[{"embeddable":true,"href":"https:\/\/www.cubipod.com\/es\/wp-json\/wp\/v2\/comments?post=414"}],"version-history":[{"count":15,"href":"https:\/\/www.cubipod.com\/es\/wp-json\/wp\/v2\/pages\/414\/revisions"}],"predecessor-version":[{"id":1276,"href":"https:\/\/www.cubipod.com\/es\/wp-json\/wp\/v2\/pages\/414\/revisions\/1276"}],"wp:attachment":[{"href":"https:\/\/www.cubipod.com\/es\/wp-json\/wp\/v2\/media?parent=414"}],"curies":[{"name":"wp","href":"https:\/\/api.w.org\/{rel}","templated":true}]}}