{"id":43,"date":"2022-01-05T15:56:53","date_gmt":"2022-01-05T15:56:53","guid":{"rendered":"https:\/\/cubipod.ohla-group.com\/?page_id=43"},"modified":"2022-04-04T13:23:08","modified_gmt":"2022-04-04T13:23:08","slug":"estabilidad-hidraulica","status":"publish","type":"page","link":"https:\/\/www.cubipod.com\/es\/cubipod\/caracteristicas\/estabilidad-hidraulica\/","title":{"rendered":"Estabilidad hidr\u00e1ulica"},"content":{"rendered":"\n<p>Cubipod es la pieza masiva con mayor estabilidad hidr\u00e1ulica del mercado, con valores de&nbsp;<em>K<sub>D<\/sub><\/em>&nbsp;(coeficiente de estabilidad de la f\u00f3rmula de Hudson) muy superiores a los de las piezas masivas m\u00e1s utilizadas, como son el bloque c\u00fabico convencional o el bloque Antifer.<\/p>\n\n\n\n<p>Tiene una estabilidad hidr\u00e1ulica semejante a las piezas&nbsp;<em>bulky<\/em>&nbsp;(que resisten el oleaje principalmente por trabaz\u00f3n), pero con un comportamiento m\u00e1s flexible y un mecanismo resistente basado en la gravedad y la fricci\u00f3n lateral.<\/p>\n\n\n\n<p>Su estabilidad hidr\u00e1ulica se ha testado en multitud de laboratorios europeos de ensayos hidr\u00e1ulicos de ingenier\u00eda portuaria, tras los cuales se han adoptado los siguientes coeficientes de estabilidad (<em>K<sub>D<\/sub><\/em>):<\/p>\n\n\n\n<div style=\"width: 100%;\">\n<div style=\"float: left; width: 20%;\">\n<p>Manto bicapa:<\/p>\n<ul>\n<ul>\n<li>\n<p>Tronco: <i>K<sub>D<\/sub><\/i> = 28<\/p>\n<\/li>\n<li>\n<p>Morro: <i>K<sub>D<\/sub><\/i> = 7<\/p>\n<\/li>\n<\/ul>\n<\/ul>\n<p>Manto monocapa:<\/p>\n<ul>\n<ul>\n<li>\n<p>Tronco: <i>K<sub>D<\/sub><\/i> = 12<\/p>\n<\/li>\n<li>\n<p>Morro: <i>K<sub>D<\/sub><\/i> = 5<\/p>\n<\/li>\n<\/ul>\n<\/ul>\n<\/div>\n<div class=\"wysiwyg\" style=\"float: left; width: 80%;\">\n<table class=\"datos\" style=\"height: 151px; width: 75%; float: right;\">\n<thead>\n<tr><th colspan=\"4\">K<sub>D <\/sub>de dise\u00f1o<\/th><\/tr>\n<\/thead>\n<tbody>\n<tr>\n<td class=\"fila\" style=\"width: 35%;\"><strong>Tramo<\/strong><\/td>\n<td class=\"fila\" style=\"width: 35%;\"><strong>Pieza<\/strong><\/td>\n<td class=\"fila\" style=\"width: 15%;\"><strong><strong>N\u00ba de capas<\/strong><\/strong><\/td>\n<td class=\"fila\" style=\"width: 15%;\"><strong>K<sub>D<\/sub><\/strong><\/td>\n<\/tr>\n<tr>\n<td>Tronco<br> <br><br> <br>Morro<br> <br><br><\/td>\n<td>Cubipod<br> <br><br> <br>Cubipod<br> <br><br><\/td>\n<td>2<br>1<br><br> <br>2<br>1<br><br><\/td>\n<td>28.0<br> 12.0<br><br> <br>7.0<br>5.0<br><br><\/td>\n<\/tr>\n<\/tbody>\n<\/table>\n<\/div>\n<\/div>\n<div style=\"clear: both;\"><\/div>\n\n\n\n<div class=\"wp-block-columns is-layout-flex wp-container-core-columns-is-layout-9d6595d7 wp-block-columns-is-layout-flex\">\n<div class=\"wp-block-column is-vertically-aligned-top is-layout-flow wp-block-column-is-layout-flow\" style=\"flex-basis:33.33%\"><\/div>\n\n\n\n<div class=\"wp-block-column is-layout-flow wp-block-column-is-layout-flow\" style=\"flex-basis:66.66%\"><\/div>\n<\/div>\n\n\n\n<p>Se recomienda la construcci\u00f3n de mantos principales con talud 3\/2 por su menor coste e impacto ambiental. Sin embargo, al tratarse de una pieza masiva que resiste el oleaje por gravedad, Cubipod se puede colocar en taludes m\u00e1s tendidos para adaptarse a las necesidades de cada proyecto.<\/p>\n\n\n\n<div class=\"wp-block-columns is-layout-flex wp-container-core-columns-is-layout-9d6595d7 wp-block-columns-is-layout-flex\">\n<div class=\"wp-block-column is-layout-flow wp-block-column-is-layout-flow\">\n<figure class=\"wp-block-image size-full\"><img fetchpriority=\"high\" decoding=\"async\" width=\"335\" height=\"235\" src=\"https:\/\/www.cubipod.com\/wp-content\/uploads\/sites\/5\/2022\/04\/122-estabilidad-hidraulica-1.jpeg\" alt=\"\" class=\"wp-image-1536\" srcset=\"https:\/\/www.cubipod.com\/wp-content\/uploads\/sites\/5\/2022\/04\/122-estabilidad-hidraulica-1.jpeg 335w, https:\/\/www.cubipod.com\/wp-content\/uploads\/sites\/5\/2022\/04\/122-estabilidad-hidraulica-1-300x210.jpeg 300w, https:\/\/www.cubipod.com\/wp-content\/uploads\/sites\/5\/2022\/04\/122-estabilidad-hidraulica-1-120x84.jpeg 120w\" sizes=\"(max-width: 335px) 100vw, 335px\" \/><\/figure>\n<\/div>\n\n\n\n<div class=\"wp-block-column is-layout-flow wp-block-column-is-layout-flow\">\n<figure class=\"wp-block-image size-full\"><img decoding=\"async\" width=\"335\" height=\"235\" src=\"https:\/\/www.cubipod.com\/wp-content\/uploads\/sites\/5\/2022\/04\/122-estabilidad-hidraulica-1-2.jpeg\" alt=\"\" class=\"wp-image-1535\" srcset=\"https:\/\/www.cubipod.com\/wp-content\/uploads\/sites\/5\/2022\/04\/122-estabilidad-hidraulica-1-2.jpeg 335w, https:\/\/www.cubipod.com\/wp-content\/uploads\/sites\/5\/2022\/04\/122-estabilidad-hidraulica-1-2-300x210.jpeg 300w, https:\/\/www.cubipod.com\/wp-content\/uploads\/sites\/5\/2022\/04\/122-estabilidad-hidraulica-1-2-120x84.jpeg 120w\" sizes=\"(max-width: 335px) 100vw, 335px\" \/><\/figure>\n<\/div>\n<\/div>\n","protected":false},"excerpt":{"rendered":"<p>Cubipod es la pieza masiva con mayor estabilidad hidr\u00e1ulica del mercado, con valores de&nbsp;KD&nbsp;(coeficiente de estabilidad de la f\u00f3rmula de Hudson) muy superiores a los de las piezas masivas m\u00e1s utilizadas, como son el bloque c\u00fabico convencional o el bloque [&hellip;]<\/p>\n","protected":false},"author":21,"featured_media":0,"parent":36,"menu_order":2,"comment_status":"closed","ping_status":"closed","template":"","meta":{"_acf_changed":false,"footnotes":"","_links_to":"","_links_to_target":""},"class_list":["post-43","page","type-page","status-publish","hentry"],"acf":[],"_links":{"self":[{"href":"https:\/\/www.cubipod.com\/es\/wp-json\/wp\/v2\/pages\/43","targetHints":{"allow":["GET"]}}],"collection":[{"href":"https:\/\/www.cubipod.com\/es\/wp-json\/wp\/v2\/pages"}],"about":[{"href":"https:\/\/www.cubipod.com\/es\/wp-json\/wp\/v2\/types\/page"}],"author":[{"embeddable":true,"href":"https:\/\/www.cubipod.com\/es\/wp-json\/wp\/v2\/users\/21"}],"replies":[{"embeddable":true,"href":"https:\/\/www.cubipod.com\/es\/wp-json\/wp\/v2\/comments?post=43"}],"version-history":[{"count":17,"href":"https:\/\/www.cubipod.com\/es\/wp-json\/wp\/v2\/pages\/43\/revisions"}],"predecessor-version":[{"id":1537,"href":"https:\/\/www.cubipod.com\/es\/wp-json\/wp\/v2\/pages\/43\/revisions\/1537"}],"up":[{"embeddable":true,"href":"https:\/\/www.cubipod.com\/es\/wp-json\/wp\/v2\/pages\/36"}],"wp:attachment":[{"href":"https:\/\/www.cubipod.com\/es\/wp-json\/wp\/v2\/media?parent=43"}],"curies":[{"name":"wp","href":"https:\/\/api.w.org\/{rel}","templated":true}]}}