{"id":47,"date":"2022-01-05T16:00:53","date_gmt":"2022-01-05T16:00:53","guid":{"rendered":"https:\/\/cubipod.ohla-group.com\/?page_id=47"},"modified":"2022-03-14T15:07:24","modified_gmt":"2022-03-14T15:07:24","slug":"remonte-y-rebase","status":"publish","type":"page","link":"https:\/\/www.cubipod.com\/es\/cubipod\/caracteristicas\/remonte-y-rebase\/","title":{"rendered":"Remonte y rebase"},"content":{"rendered":"\n<p>La porosidad del manto principal y la geometr\u00eda de la pieza de protecci\u00f3n tienen una importancia decisiva sobre el remonte y el rebase de un dique en talud. Cubipod proporciona unos mantos principales homog\u00e9neos que mantienen su porosidad constante a lo largo de la vida \u00fatil de la estructura. Este hecho junto con su elevada porosidad hace que los mantos de cubipods presenten bajas tasas de rebase, similares al de las piezas&nbsp;<em>bulky<\/em>, lo que tambi\u00e9n implica unas menores fuerzas sobre los espaldones.<\/p>\n\n\n\n<p>Los bajos caudales de rebase permiten a Cubipod reducir significativamente la cota de coronaci\u00f3n del dique, lo que favorece la disminuci\u00f3n de los costes asociados al manto principal y al espald\u00f3n. Adem\u00e1s, repercute directamente en una reducci\u00f3n del impacto visual de la zona donde se construye el dique.<\/p>\n\n\n\n<div class=\"wp-block-columns are-vertically-aligned-center is-layout-flex wp-container-core-columns-is-layout-9d6595d7 wp-block-columns-is-layout-flex\">\n<div class=\"wp-block-column is-vertically-aligned-center is-layout-flow wp-block-column-is-layout-flow\">\n<div class=\"wp-block-image\"><figure class=\"alignright size-full\"><img fetchpriority=\"high\" decoding=\"async\" width=\"327\" height=\"245\" src=\"https:\/\/www.cubipod.com\/wp-content\/uploads\/sites\/5\/2022\/03\/123-Remonte_327x245.jpeg\" alt=\"\" class=\"wp-image-1502\" srcset=\"https:\/\/www.cubipod.com\/wp-content\/uploads\/sites\/5\/2022\/03\/123-Remonte_327x245.jpeg 327w, https:\/\/www.cubipod.com\/wp-content\/uploads\/sites\/5\/2022\/03\/123-Remonte_327x245-300x225.jpeg 300w, https:\/\/www.cubipod.com\/wp-content\/uploads\/sites\/5\/2022\/03\/123-Remonte_327x245-120x90.jpeg 120w\" sizes=\"(max-width: 327px) 100vw, 327px\" \/><\/figure><\/div>\n<\/div>\n\n\n\n<div class=\"wp-block-column is-vertically-aligned-center is-layout-flow wp-block-column-is-layout-flow\">\n<div class=\"wp-block-image\"><figure class=\"alignleft size-full\"><img decoding=\"async\" width=\"327\" height=\"245\" src=\"https:\/\/www.cubipod.com\/wp-content\/uploads\/sites\/5\/2022\/01\/123-Rebase_327x245.jpeg\" alt=\"\" class=\"wp-image-49\" srcset=\"https:\/\/www.cubipod.com\/wp-content\/uploads\/sites\/5\/2022\/01\/123-Rebase_327x245.jpeg 327w, https:\/\/www.cubipod.com\/wp-content\/uploads\/sites\/5\/2022\/01\/123-Rebase_327x245-300x225.jpeg 300w, https:\/\/www.cubipod.com\/wp-content\/uploads\/sites\/5\/2022\/01\/123-Rebase_327x245-120x90.jpeg 120w\" sizes=\"(max-width: 327px) 100vw, 327px\" \/><\/figure><\/div>\n\n\n\n<p><\/p>\n<\/div>\n<\/div>\n\n\n\n<p><\/p>\n","protected":false},"excerpt":{"rendered":"<p>La porosidad del manto principal y la geometr\u00eda de la pieza de protecci\u00f3n tienen una importancia decisiva sobre el remonte y el rebase de un dique en talud. Cubipod proporciona unos mantos principales homog\u00e9neos que mantienen su porosidad constante a [&hellip;]<\/p>\n","protected":false},"author":21,"featured_media":0,"parent":36,"menu_order":3,"comment_status":"closed","ping_status":"closed","template":"","meta":{"_acf_changed":false,"footnotes":"","_links_to":"","_links_to_target":""},"class_list":["post-47","page","type-page","status-publish","hentry"],"acf":[],"_links":{"self":[{"href":"https:\/\/www.cubipod.com\/es\/wp-json\/wp\/v2\/pages\/47","targetHints":{"allow":["GET"]}}],"collection":[{"href":"https:\/\/www.cubipod.com\/es\/wp-json\/wp\/v2\/pages"}],"about":[{"href":"https:\/\/www.cubipod.com\/es\/wp-json\/wp\/v2\/types\/page"}],"author":[{"embeddable":true,"href":"https:\/\/www.cubipod.com\/es\/wp-json\/wp\/v2\/users\/21"}],"replies":[{"embeddable":true,"href":"https:\/\/www.cubipod.com\/es\/wp-json\/wp\/v2\/comments?post=47"}],"version-history":[{"count":23,"href":"https:\/\/www.cubipod.com\/es\/wp-json\/wp\/v2\/pages\/47\/revisions"}],"predecessor-version":[{"id":1504,"href":"https:\/\/www.cubipod.com\/es\/wp-json\/wp\/v2\/pages\/47\/revisions\/1504"}],"up":[{"embeddable":true,"href":"https:\/\/www.cubipod.com\/es\/wp-json\/wp\/v2\/pages\/36"}],"wp:attachment":[{"href":"https:\/\/www.cubipod.com\/es\/wp-json\/wp\/v2\/media?parent=47"}],"curies":[{"name":"wp","href":"https:\/\/api.w.org\/{rel}","templated":true}]}}