{"id":51,"date":"2022-01-05T16:02:59","date_gmt":"2022-01-05T16:02:59","guid":{"rendered":"https:\/\/cubipod.ohla-group.com\/?page_id=51"},"modified":"2022-01-05T16:03:01","modified_gmt":"2022-01-05T16:03:01","slug":"porosidad-manto","status":"publish","type":"page","link":"https:\/\/www.cubipod.com\/es\/cubipod\/caracteristicas\/porosidad-manto\/","title":{"rendered":"Porosidad manto"},"content":{"rendered":"\n<p>El empleo de Cubipod proporciona mantos principales con una porosidad homog\u00e9nea. Esta porosidad se mantiene invariable a lo largo de la vida \u00fatil de la estructura gracias a las protuberancias troncoc\u00f3nicas de sus caras, que no permiten que las piezas se adoquinen cara contra cara como ocurre con el uso de otros elementos de protecci\u00f3n c\u00fabicos.<\/p>\n\n\n\n<p>Cubipod tiene capacidad de auto-reorganizaci\u00f3n: se adapta a los asientos del terreno y soporta los movimientos producidos por los terremotos manteniendo la porosidad del manto homog\u00e9nea y sin que se produzcan roturas de piezas.<\/p>\n\n\n\n<div class=\"wp-block-columns is-layout-flex wp-container-core-columns-is-layout-9d6595d7 wp-block-columns-is-layout-flex\">\n<div class=\"wp-block-column is-layout-flow wp-block-column-is-layout-flow\">\n<figure class=\"wp-block-image size-large\"><img fetchpriority=\"high\" decoding=\"async\" width=\"317\" height=\"185\" src=\"https:\/\/www.cubipod.com\/wp-content\/uploads\/sites\/5\/2022\/01\/124-POROSIDAD-DEL-MANTO-1_317x185.jpeg\" alt=\"\" class=\"wp-image-52\" srcset=\"https:\/\/www.cubipod.com\/wp-content\/uploads\/sites\/5\/2022\/01\/124-POROSIDAD-DEL-MANTO-1_317x185.jpeg 317w, https:\/\/www.cubipod.com\/wp-content\/uploads\/sites\/5\/2022\/01\/124-POROSIDAD-DEL-MANTO-1_317x185-300x175.jpeg 300w, https:\/\/www.cubipod.com\/wp-content\/uploads\/sites\/5\/2022\/01\/124-POROSIDAD-DEL-MANTO-1_317x185-120x70.jpeg 120w\" sizes=\"(max-width: 317px) 100vw, 317px\" \/><\/figure>\n<\/div>\n\n\n\n<div class=\"wp-block-column is-layout-flow wp-block-column-is-layout-flow\">\n<figure class=\"wp-block-image size-large\"><img decoding=\"async\" width=\"325\" height=\"187\" src=\"https:\/\/www.cubipod.com\/wp-content\/uploads\/sites\/5\/2022\/01\/124-POROSIDAD-DEL-MANTO-2_325x187.jpeg\" alt=\"\" class=\"wp-image-53\" srcset=\"https:\/\/www.cubipod.com\/wp-content\/uploads\/sites\/5\/2022\/01\/124-POROSIDAD-DEL-MANTO-2_325x187.jpeg 325w, https:\/\/www.cubipod.com\/wp-content\/uploads\/sites\/5\/2022\/01\/124-POROSIDAD-DEL-MANTO-2_325x187-300x173.jpeg 300w, https:\/\/www.cubipod.com\/wp-content\/uploads\/sites\/5\/2022\/01\/124-POROSIDAD-DEL-MANTO-2_325x187-120x69.jpeg 120w\" sizes=\"(max-width: 325px) 100vw, 325px\" \/><\/figure>\n<\/div>\n<\/div>\n","protected":false},"excerpt":{"rendered":"<p>El empleo de Cubipod proporciona mantos principales con una porosidad homog\u00e9nea. Esta porosidad se mantiene invariable a lo largo de la vida \u00fatil de la estructura gracias a las protuberancias troncoc\u00f3nicas de sus caras, que no permiten que las piezas [&hellip;]<\/p>\n","protected":false},"author":21,"featured_media":0,"parent":36,"menu_order":4,"comment_status":"closed","ping_status":"closed","template":"","meta":{"_acf_changed":false,"footnotes":"","_links_to":"","_links_to_target":""},"class_list":["post-51","page","type-page","status-publish","hentry"],"acf":[],"_links":{"self":[{"href":"https:\/\/www.cubipod.com\/es\/wp-json\/wp\/v2\/pages\/51","targetHints":{"allow":["GET"]}}],"collection":[{"href":"https:\/\/www.cubipod.com\/es\/wp-json\/wp\/v2\/pages"}],"about":[{"href":"https:\/\/www.cubipod.com\/es\/wp-json\/wp\/v2\/types\/page"}],"author":[{"embeddable":true,"href":"https:\/\/www.cubipod.com\/es\/wp-json\/wp\/v2\/users\/21"}],"replies":[{"embeddable":true,"href":"https:\/\/www.cubipod.com\/es\/wp-json\/wp\/v2\/comments?post=51"}],"version-history":[{"count":1,"href":"https:\/\/www.cubipod.com\/es\/wp-json\/wp\/v2\/pages\/51\/revisions"}],"predecessor-version":[{"id":54,"href":"https:\/\/www.cubipod.com\/es\/wp-json\/wp\/v2\/pages\/51\/revisions\/54"}],"up":[{"embeddable":true,"href":"https:\/\/www.cubipod.com\/es\/wp-json\/wp\/v2\/pages\/36"}],"wp:attachment":[{"href":"https:\/\/www.cubipod.com\/es\/wp-json\/wp\/v2\/media?parent=51"}],"curies":[{"name":"wp","href":"https:\/\/api.w.org\/{rel}","templated":true}]}}