{"id":62,"date":"2022-01-05T16:12:54","date_gmt":"2022-01-05T16:12:54","guid":{"rendered":"https:\/\/cubipod.ohla-group.com\/?page_id=62"},"modified":"2022-01-05T16:12:57","modified_gmt":"2022-01-05T16:12:57","slug":"economia","status":"publish","type":"page","link":"https:\/\/www.cubipod.com\/es\/cubipod\/caracteristicas\/economia\/","title":{"rendered":"Econom\u00eda"},"content":{"rendered":"\n<div class=\"wp-block-columns is-layout-flex wp-container-core-columns-is-layout-9d6595d7 wp-block-columns-is-layout-flex\">\n<div class=\"wp-block-column is-layout-flow wp-block-column-is-layout-flow\" style=\"flex-basis:33.33%\">\n<figure class=\"wp-block-image size-large\"><img decoding=\"async\" width=\"223\" height=\"217\" src=\"https:\/\/www.cubipod.com\/wp-content\/uploads\/sites\/5\/2022\/01\/1-2-6-economia_223x217.jpeg\" alt=\"\" class=\"wp-image-63\" srcset=\"https:\/\/www.cubipod.com\/wp-content\/uploads\/sites\/5\/2022\/01\/1-2-6-economia_223x217.jpeg 223w, https:\/\/www.cubipod.com\/wp-content\/uploads\/sites\/5\/2022\/01\/1-2-6-economia_223x217-120x117.jpeg 120w\" sizes=\"(max-width: 223px) 100vw, 223px\" \/><\/figure>\n<\/div>\n\n\n\n<div class=\"wp-block-column is-layout-flow wp-block-column-is-layout-flow\" style=\"flex-basis:66.66%\">\n<p>La utilizaci\u00f3n de Cubipod revierte en un ahorro considerable en el desarrollo del proyecto, debido a:<\/p>\n\n\n\n<ul class=\"wp-block-list\"><li>Bajo consumo de hormig\u00f3n debido a sus elevados coeficientes de estabilidad.<\/li><li>Parques de fabricaci\u00f3n y acopio compactos. Reducen la necesidad de espacio al m\u00e1ximo gracias al empleo de encofrados verticales y acopio en 5 alturas.<\/li><li>Alto rendimiento de fabricaci\u00f3n, acopio y colocaci\u00f3n, lo que se traduce en reducci\u00f3n de plazos de construcci\u00f3n.<\/li><li>El personal necesario es menor y de menor nivel de cualificaci\u00f3n en las tareas de fabricaci\u00f3n, acopio y colocaci\u00f3n, debido a la estandarizaci\u00f3n de los procesos y el uso de pinzas de presi\u00f3n.<\/li><li>No necesita ning\u00fan tipo de mantenimiento al mantener la porosidad del manto constante durante la vida \u00fatil del dique y no presentar riesgo de rotura de piezas.<\/li><li>No requiere calidades de acabado de las capas de filtro tan exigentes como en el caso de las piezas&nbsp;<em>bulky.<\/em><\/li><\/ul>\n<\/div>\n<\/div>\n","protected":false},"excerpt":{"rendered":"<p>La utilizaci\u00f3n de Cubipod revierte en un ahorro considerable en el desarrollo del proyecto, debido a: Bajo consumo de hormig\u00f3n debido a sus elevados coeficientes de estabilidad. Parques de fabricaci\u00f3n y acopio compactos. Reducen la necesidad de espacio al m\u00e1ximo [&hellip;]<\/p>\n","protected":false},"author":21,"featured_media":0,"parent":36,"menu_order":6,"comment_status":"closed","ping_status":"closed","template":"","meta":{"_acf_changed":false,"footnotes":"","_links_to":"","_links_to_target":""},"class_list":["post-62","page","type-page","status-publish","hentry"],"acf":[],"_links":{"self":[{"href":"https:\/\/www.cubipod.com\/es\/wp-json\/wp\/v2\/pages\/62","targetHints":{"allow":["GET"]}}],"collection":[{"href":"https:\/\/www.cubipod.com\/es\/wp-json\/wp\/v2\/pages"}],"about":[{"href":"https:\/\/www.cubipod.com\/es\/wp-json\/wp\/v2\/types\/page"}],"author":[{"embeddable":true,"href":"https:\/\/www.cubipod.com\/es\/wp-json\/wp\/v2\/users\/21"}],"replies":[{"embeddable":true,"href":"https:\/\/www.cubipod.com\/es\/wp-json\/wp\/v2\/comments?post=62"}],"version-history":[{"count":1,"href":"https:\/\/www.cubipod.com\/es\/wp-json\/wp\/v2\/pages\/62\/revisions"}],"predecessor-version":[{"id":64,"href":"https:\/\/www.cubipod.com\/es\/wp-json\/wp\/v2\/pages\/62\/revisions\/64"}],"up":[{"embeddable":true,"href":"https:\/\/www.cubipod.com\/es\/wp-json\/wp\/v2\/pages\/36"}],"wp:attachment":[{"href":"https:\/\/www.cubipod.com\/es\/wp-json\/wp\/v2\/media?parent=62"}],"curies":[{"name":"wp","href":"https:\/\/api.w.org\/{rel}","templated":true}]}}