{"id":65,"date":"2022-01-05T16:14:49","date_gmt":"2022-01-05T16:14:49","guid":{"rendered":"https:\/\/cubipod.ohla-group.com\/?page_id=65"},"modified":"2022-01-05T16:14:51","modified_gmt":"2022-01-05T16:14:51","slug":"sostenibilidad","status":"publish","type":"page","link":"https:\/\/www.cubipod.com\/es\/cubipod\/caracteristicas\/sostenibilidad\/","title":{"rendered":"Sostenibilidad"},"content":{"rendered":"\n<p>Cubipod es un elemento sostenible para la construcci\u00f3n de mantos principales de diques en talud debido a su menor consumo de hormig\u00f3n y acero de encofrados (necesidad de un menor n\u00famero de encofrados), lo que se traduce en una reducci\u00f3n del consumo de cemento, \u00e1ridos, energ\u00eda y transporte, lo que implica un gran ahorro de las huellas ecol\u00f3gica, energ\u00e9tica y del carbono.<\/p>\n\n\n\n<p>Los huecos entre piezas favorecen la aparici\u00f3n y desarrollo de vida marina, y debido al bajo rebase de Cubipod, se puede reducir la cota de coronaci\u00f3n de los diques, disminuyendo as\u00ed el impacto visual de la estructura.<\/p>\n\n\n\n<figure class=\"wp-block-embed is-type-video is-provider-youtube wp-block-embed-youtube wp-embed-aspect-16-9 wp-has-aspect-ratio\"><div class=\"wp-block-embed__wrapper\">\n<iframe title=\"Inspecci\u00f3n acuativa Contradique de la Esfinge\" width=\"640\" height=\"360\" src=\"https:\/\/www.youtube.com\/embed\/63Tdl-cC5Y8?feature=oembed\" frameborder=\"0\" allow=\"accelerometer; autoplay; clipboard-write; encrypted-media; gyroscope; picture-in-picture; web-share\" referrerpolicy=\"strict-origin-when-cross-origin\" allowfullscreen><\/iframe>\n<\/div><\/figure>\n","protected":false},"excerpt":{"rendered":"<p>Cubipod es un elemento sostenible para la construcci\u00f3n de mantos principales de diques en talud debido a su menor consumo de hormig\u00f3n y acero de encofrados (necesidad de un menor n\u00famero de encofrados), lo que se traduce en una reducci\u00f3n [&hellip;]<\/p>\n","protected":false},"author":21,"featured_media":0,"parent":36,"menu_order":7,"comment_status":"closed","ping_status":"closed","template":"","meta":{"_acf_changed":false,"footnotes":"","_links_to":"","_links_to_target":""},"class_list":["post-65","page","type-page","status-publish","hentry"],"acf":[],"_links":{"self":[{"href":"https:\/\/www.cubipod.com\/es\/wp-json\/wp\/v2\/pages\/65","targetHints":{"allow":["GET"]}}],"collection":[{"href":"https:\/\/www.cubipod.com\/es\/wp-json\/wp\/v2\/pages"}],"about":[{"href":"https:\/\/www.cubipod.com\/es\/wp-json\/wp\/v2\/types\/page"}],"author":[{"embeddable":true,"href":"https:\/\/www.cubipod.com\/es\/wp-json\/wp\/v2\/users\/21"}],"replies":[{"embeddable":true,"href":"https:\/\/www.cubipod.com\/es\/wp-json\/wp\/v2\/comments?post=65"}],"version-history":[{"count":1,"href":"https:\/\/www.cubipod.com\/es\/wp-json\/wp\/v2\/pages\/65\/revisions"}],"predecessor-version":[{"id":66,"href":"https:\/\/www.cubipod.com\/es\/wp-json\/wp\/v2\/pages\/65\/revisions\/66"}],"up":[{"embeddable":true,"href":"https:\/\/www.cubipod.com\/es\/wp-json\/wp\/v2\/pages\/36"}],"wp:attachment":[{"href":"https:\/\/www.cubipod.com\/es\/wp-json\/wp\/v2\/media?parent=65"}],"curies":[{"name":"wp","href":"https:\/\/api.w.org\/{rel}","templated":true}]}}