{"id":69,"date":"2022-01-05T16:17:02","date_gmt":"2022-01-05T16:17:02","guid":{"rendered":"https:\/\/cubipod.ohla-group.com\/?page_id=69"},"modified":"2025-10-29T15:53:18","modified_gmt":"2025-10-29T15:53:18","slug":"robustez-estructural","status":"publish","type":"page","link":"https:\/\/www.cubipod.com\/es\/cubipod\/ensayos-de-laboratorio\/robustez-estructural\/","title":{"rendered":"Robustez estructural"},"content":{"rendered":"\r\n<div class=\"bodyContent threeCols\">\r\n\r\n\t\t\t\t\t\t<div class=\"wysiwyg\">\r\n\t\t\t\t\t\t\t\r\n<p>Para evaluar la robustez estructural de Cubipod se realizaron ensayos de volteo y ca\u00edda libre de prototipos utilizando bloques c\u00fabicos convencionales de 15 t y cubipods de 16 t. Adem\u00e1s, se llevaron a cabo dos ensayos de ca\u00edda extrema con resultados satisfactorios. El bloque y Cubipod son piezas masivas y resisten ca\u00eddas muy superiores a las piezas <i>bulky<\/i>.<\/p>\r\n<p>Los ensayos de volteo y ca\u00edda libre de prototipos sobre plataformas de hormig\u00f3n armado fueron realizados en el Puerto de Alicante (Espa\u00f1a) en marzo de 2008. Con el mismo hormig\u00f3n se fabricaron prototipos para los diferentes ensayos de ca\u00edda. Los prototipos de cubipods resistieron, sin romperse, ca\u00eddas desde alturas un 50% superiores a las de los bloques c\u00fabicos convencionales, llegando a ensayarse ca\u00eddas extremas de cubipods desde 8,5m y 9,5m de altura. La forma geom\u00e9trica de Cubipod propicia peque\u00f1as fracturas de borde que reducen las aceleraciones del cuerpo central y las fracturas internas que provocan la rotura global de la pieza. As\u00ed pues, el riesgo de una gran rotura en obra al manipular y colocar piezas es menor para  Cubipod que para un bloque c\u00fabico convencional fabricado del mismo tama\u00f1o y con el mismo hormig\u00f3n.<\/p>\r\n<table align=\"center\" style=\"height: 133px;\" border=\"0\">\r\n<tbody>\r\n<tr>\r\n<td width=\"50%\" class=\"centrarTexto\"><strong>Cubo<\/strong><\/td>\r\n<td width=\"50%\" class=\"centrarTexto\"><strong>Cub\u00edpodo<\/strong><\/td>\r\n<\/tr>\r\n<tr>\r\n<td class=\"centrarTexto\"><img decoding=\"async\" width=\"69\" height=\"70\" src=\"https:\/\/www.cubipod.com\/wp-content\/uploads\/sites\/5\/2022\/01\/re-cubo_69x70.png\"><\/td>\r\n<td class=\"centrarTexto\"><img decoding=\"async\" width=\"70\" height=\"64\" src=\"https:\/\/www.cubipod.com\/wp-content\/uploads\/sites\/5\/2022\/01\/re-cubipodo_70x64.png\" title=\"Robustez Estructural - Cub\u00edpodo\"><\/td>\r\n<\/tr>\r\n<\/tbody>\r\n<\/table>\r\n\t\t\t\t\t\t<\/div>\r\n\t\t\t\t\t\r\n\t\t\t\t\t\r\n\r\n\r\n\t\t\t\t\t\r\n\t\t\t\t\t\t<div class=\"ytvideos\" style=\"margin-bottom: 4em;\">\t\t\t\t\t\r\n\t\t\t\t\t\t\t\t<p align=\"center\" class=\"ytvideoleft\" style=\"height: 230px; display: inline-block;\">\r\n<iframe width=\"340\" height=\"220\" class=\"ytvideotop\" src=\"https:\/\/www.youtube.com\/embed\/9EOyFbnOU_A?si=LqrPuK_It9umQqWQ\" title=\"YouTube video player\" frameborder=\"0\" allow=\"accelerometer; clipboard-write; encrypted-media; gyroscope; picture-in-picture; web-share\" referrerpolicy=\"strict-origin-when-cross-origin\" allowfullscreen><\/iframe>\r\n\t\t\t\t\t\t\t\t\t\t\r\n\t\t\t\t\t\t\t\t\t<br>\r\n\t\t\t\t\t\t\t\t\t\t\r\n\t\t\t\t\t\t\t\t\tCa\u00edda martillo h= 1,5 m\r\n\t\t\t\t\t\t\t\t<\/p>\t\t\t\t\t\t\t\t\t\r\n\t\t\t\t\t\t\t\t<p align=\"center\" class=\"ytvideoright\" style=\"height: 230px; display: inline-block;\">\r\n\t\t\t\t\t\t\t\t\t\r\n<iframe width=\"340\" height=\"220\" class=\"ytvideotop\" src=\"https:\/\/www.youtube.com\/embed\/IB4OjxoEah0?si=MrZrugQsl_A7M35r\" title=\"YouTube video player\" frameborder=\"0\" allow=\"accelerometer; clipboard-write; encrypted-media; gyroscope; picture-in-picture; web-share\" referrerpolicy=\"strict-origin-when-cross-origin\" allowfullscreen><\/iframe>\r\n\t\t\t\t\t\t\t\t\t\t\r\n\t\t\t\t\t\t\t\t\t<br>\r\n\t\t\t\t\t\t\t\t\t\t\r\n\t\t\t\t\t\t\t\t\tCa\u00edda martillo varias alturas\r\n\t\t\t\t\t\t\t\t<\/p>\r\n\t\t\t\t\t\t<\/div>\t\t\r\n\t\t\t\t\t\t<div class=\"ytvideos\" style=\"margin-bottom: 4em;\">\t\t\t\t\t\r\n\t\t\t\t\t\t\t\t<p align=\"center\" class=\"ytvideoleft\" style=\"height: 230px; display: inline-block;\">\r\n<iframe  width=\"340\" height=\"220\" class=\"ytvideotop\" src=\"https:\/\/www.youtube.com\/embed\/y1ZOuZLNs1M?si=9lAMLfz62wRX_6ZA\" title=\"YouTube video player\" frameborder=\"0\" allow=\"accelerometer; clipboard-write; encrypted-media; gyroscope; picture-in-picture; web-share\" referrerpolicy=\"strict-origin-when-cross-origin\" allowfullscreen><\/iframe>\r\n\t\t\t\t\t\t\t\t\t\r\n\t\t\t\t\t\t\t\t\t<br>\r\n\t\t\t\t\t\t\t\t\t\t\r\n\t\t\t\t\t\t\t\t\tCa\u00edda martillo h= 2 m\r\n\t\t\t\t\t\t\t\t<\/p>\t\t\t\t\t\t\t\t\t\r\n\t\t\t\t\t\t\t\t<p align=\"center\" class=\"ytvideoright\" style=\"height: 230px; display: inline-block;\">\r\n\t\t\t\t\t\t\t\t\t\r\n<iframe width=\"340\" height=\"220\" class=\"ytvideotop\" src=\"https:\/\/www.youtube.com\/embed\/SfSytD0xUrU?si=-eEzs94nfQEy6VVg\" title=\"YouTube video player\" frameborder=\"0\" allow=\"accelerometer; clipboard-write; encrypted-media; gyroscope; picture-in-picture; web-share\" referrerpolicy=\"strict-origin-when-cross-origin\" allowfullscreen><\/iframe>\r\n\t\t\t\t\t\t\t\t\t\t\r\n\t\t\t\t\t\t\t\t\t<br>\r\n\t\t\t\t\t\t\t\t\t\t\r\n\t\t\t\t\t\t\t\t\tCa\u00edda extrema h= 8,5 m\r\n\t\t\t\t\t\t\t\t<\/p>\r\n\t\t\t\t\t\t<\/div>\t\t\r\n\t\t\t\t\t\t<div class=\"ytvideos\" style=\"margin-bottom: 4em;\">\t\t\t\t\t\r\n\t\t\t\t\t\t\t\t<p align=\"center\" class=\"ytvideoleft\" style=\"height: 230px; display: inline-block;\">\r\n<iframe  width=\"340\" height=\"220\" class=\"ytvideotop\"  src=\"https:\/\/www.youtube.com\/embed\/b-mhwyee6rc?si=NTW_svWEFFg4MTRm\" title=\"YouTube video player\" frameborder=\"0\" allow=\"accelerometer; clipboard-write; encrypted-media; gyroscope; picture-in-picture; web-share\" referrerpolicy=\"strict-origin-when-cross-origin\" allowfullscreen><\/iframe>\t\t\t\t\t\t\t\t\t\t\r\n\t\t\t\t\t\t\t\t\t<br>\r\n\t\t\t\t\t\t\t\t\t\t\r\n\t\t\t\t\t\t\t\t\tCa\u00edda arista h= 2 m\r\n\t\t\t\t\t\t\t\t<\/p>\t\t\t\t\t\t\t\t\t\r\n\t\t\t\t\t\t\t\t<p align=\"center\" class=\"ytvideoright\" style=\"height: 230px; display: inline-block;\">\r\n\t\t\t\t\t\t\t\t\t\r\n<iframe  width=\"340\" height=\"220\" class=\"ytvideotop\" src=\"https:\/\/www.youtube.com\/embed\/sW7z39K42lI?si=U3WmNKELzgoLhEAP\" title=\"YouTube video player\" frameborder=\"0\" allow=\"accelerometer; autoplay; clipboard-write; encrypted-media; gyroscope; picture-in-picture; web-share\" referrerpolicy=\"strict-origin-when-cross-origin\" allowfullscreen><\/iframe>\r\n\t\t\t\t\t\t\t\t\t\t\r\n\t\t\t\t\t\t\t\t\t<br>\r\n\t\t\t\t\t\t\t\t\t\t\r\n\t\t\t\t\t\t\t\t\tCa\u00edda arista h= 2 m\r\n\t\t\t\t\t\t\t\t<\/p>\r\n\t\t\t\t\t\t<\/div>\t\t\r\n\t\t\t\t\t\t<div class=\"ytvideos\" style=\"margin-bottom: 4em;\">\t\t\t\t\t\r\n\t\t\t\t\t\t\t\t<p align=\"center\" class=\"ytvideoleft\" style=\"height: 230px; display: inline-block;\">\r\n<iframe  width=\"340\" height=\"220\" class=\"ytvideotop\" src=\"https:\/\/www.youtube.com\/embed\/4pJ7rlnf-iw?si=S3ZxHuE0iWZ1J4QT\" title=\"YouTube video player\" frameborder=\"0\" allow=\"accelerometer; clipboard-write; encrypted-media; gyroscope; picture-in-picture; web-share\" referrerpolicy=\"strict-origin-when-cross-origin\" allowfullscreen><\/iframe>\t\t\t\t\t\t\t\t\t\t\r\n\t\t\t\t\t\t\t\t\t<br>\r\n\t\t\t\t\t\t\t\t\t\t\r\n\t\t\t\t\t\t\t\t\tCa\u00edda aleatoria h= 2 m\r\n\t\t\t\t\t\t\t\t<\/p>\t\t\t\t\t\t\t\t\t\r\n\t\t\t\t\t\t\t\t<p align=\"center\" class=\"ytvideoright\" style=\"height: 230px; display: inline-block;\">\r\n\t\t\t\t\t\t\t\t\t\r\n<iframe  width=\"340\" height=\"220\" class=\"ytvideotop\" src=\"https:\/\/www.youtube.com\/embed\/wxkMoMQTtSU?si=pGp19bv7LtUKgHiQ\" title=\"YouTube video player\" frameborder=\"0\" allow=\"accelerometer; clipboard-write; encrypted-media; gyroscope; picture-in-picture; web-share\" referrerpolicy=\"strict-origin-when-cross-origin\" allowfullscreen><\/iframe>\t\t\t\t\t\t\t\t\t\t\r\n\t\t\t\t\t\t\t\t\t<br>\r\n\t\t\t\t\t\t\t\t\t\t\r\n\t\t\t\t\t\t\t\t\tCa\u00edda aleatoria h= 2 m\r\n\t\t\t\t\t\t\t\t<\/p>\r\n\t\t\t\t\t\t<\/div>\t\t\r\n\t\t\t\t\t\t<div class=\"ytvideos\" style=\"margin-bottom: 4em;\">\t\t\t\t\t\r\n\t\t\t\t\t\t\t\t<p align=\"center\" class=\"ytvideoleft\" style=\"height: 230px; display: inline-block;\">\r\n\t\t\t\t\t\t\t\t<iframe width=\"340\" height=\"220\" src=\"https:\/\/www.youtube.com\/embed\/KwbnDoNs6Eg?si=MmgCQZpYyNVhMT3R\" title=\"YouTube video player\" frameborder=\"0\" allow=\"accelerometer; autoplay; clipboard-write; encrypted-media; gyroscope; picture-in-picture; web-share\" referrerpolicy=\"strict-origin-when-cross-origin\" allowfullscreen><\/iframe>\r\n\t\t\t\t\t\t\t\t\t\t\r\n\t\t\t\t\t\t\t\t\t<br>\r\n\t\t\t\t\t\t\t\t\t\t\r\n\t\t\t\t\t\t\t\t\tVolteo \u2013 \u00c1ngulo 45\u00ba\r\n\t\t\t\t\t\t\t\t<\/p>\t\t\t\t\t\t\t\t\t\r\n\t\t\t\t\t\t\t\t<p align=\"center\" class=\"ytvideoright\" style=\"height: 230px; display: inline-block;\">\r\n\t\t\t\t\t\t\t\t\t\r\n\t\t\t\t\t\t\t\t\t<iframe width=\"340\" height=\"220\" src=\"https:\/\/www.youtube.com\/embed\/rPj1P9w_QhI?si=QhsSipuX2j2q4ZUV\" title=\"YouTube video player\" frameborder=\"0\" allow=\"accelerometer; autoplay; clipboard-write; encrypted-media; gyroscope; picture-in-picture; web-share\" referrerpolicy=\"strict-origin-when-cross-origin\" allowfullscreen><\/iframe>\r\n\t\t\t\t\t\t\t\t\t\t\r\n\t\t\t\t\t\t\t\t\t<br>\r\n\t\t\t\t\t\t\t\t\t\t\r\n\t\t\t\t\t\t\t\t\tVolteo \u2013 \u00c1ngulo diagonal\r\n\t\t\t\t\t\t\t\t<\/p>\r\n\t\t\t\t\t\t<\/div>\t\t\r\n\t\t\t\t<\/div>\r\n","protected":false},"excerpt":{"rendered":"<p>Para evaluar la robustez estructural de Cubipod se realizaron ensayos de volteo y ca\u00edda libre de prototipos utilizando bloques c\u00fabicos convencionales de 15 t y cubipods de 16 t. Adem\u00e1s, se llevaron a cabo dos ensayos de ca\u00edda extrema con [&hellip;]<\/p>\n","protected":false},"author":27,"featured_media":0,"parent":67,"menu_order":1,"comment_status":"closed","ping_status":"closed","template":"elementor_theme","meta":{"_acf_changed":false,"footnotes":"","_links_to":"","_links_to_target":""},"class_list":["post-69","page","type-page","status-publish","hentry"],"acf":[],"_links":{"self":[{"href":"https:\/\/www.cubipod.com\/es\/wp-json\/wp\/v2\/pages\/69","targetHints":{"allow":["GET"]}}],"collection":[{"href":"https:\/\/www.cubipod.com\/es\/wp-json\/wp\/v2\/pages"}],"about":[{"href":"https:\/\/www.cubipod.com\/es\/wp-json\/wp\/v2\/types\/page"}],"author":[{"embeddable":true,"href":"https:\/\/www.cubipod.com\/es\/wp-json\/wp\/v2\/users\/27"}],"replies":[{"embeddable":true,"href":"https:\/\/www.cubipod.com\/es\/wp-json\/wp\/v2\/comments?post=69"}],"version-history":[{"count":30,"href":"https:\/\/www.cubipod.com\/es\/wp-json\/wp\/v2\/pages\/69\/revisions"}],"predecessor-version":[{"id":1911,"href":"https:\/\/www.cubipod.com\/es\/wp-json\/wp\/v2\/pages\/69\/revisions\/1911"}],"up":[{"embeddable":true,"href":"https:\/\/www.cubipod.com\/es\/wp-json\/wp\/v2\/pages\/67"}],"wp:attachment":[{"href":"https:\/\/www.cubipod.com\/es\/wp-json\/wp\/v2\/media?parent=69"}],"curies":[{"name":"wp","href":"https:\/\/api.w.org\/{rel}","templated":true}]}}