{"id":84,"date":"2022-01-05T16:34:15","date_gmt":"2022-01-05T16:34:15","guid":{"rendered":"https:\/\/cubipod.ohla-group.com\/?page_id=84"},"modified":"2025-10-29T15:56:44","modified_gmt":"2025-10-29T15:56:44","slug":"estabilidad-hidraulica","status":"publish","type":"page","link":"https:\/\/www.cubipod.com\/es\/cubipod\/ensayos-de-laboratorio\/estabilidad-hidraulica\/","title":{"rendered":"Estabilidad hidr\u00e1ulica"},"content":{"rendered":"\r\n\t\t<div class=\"bodyContent threeCols\">\r\n\r\n\t\t\t\t\t\t<div class=\"wysiwyg\">\r\n\t\t\t\t\t\t\t\r\n<p>La estabilidad hidr\u00e1ulica de Cubipod se ha testado en multitud de laboratorios europeos de ensayos hidr\u00e1ulicos de ingenier\u00eda portuaria como:<\/p>\r\n<p>Universidades<\/p>\r\n<ul>\r\n<li>\r\n<p>Laboratorio de Puertos y Costas de la Universidad Polit\u00e9cnica de Valencia (Espa\u00f1a).<\/p>\r\n<\/li>\r\n<li>\r\n<p>Laboratorio de la Universidad de Aalborg (Dinamarca).<\/p>\r\n<\/li>\r\n<li>\r\n<p>Laboratorio de Puertos de la Universidad Polit\u00e9cnica de Madrid (Espa\u00f1a)<\/p>\r\n<\/li>\r\n<li>\r\n<p>Laboratorio de Puertos y Costas de la Universidad de A Coru\u00f1a (Espa\u00f1a)<\/p>\r\n<\/li>\r\n<li>\r\n<p>Instituto de Hidr\u00e1ulica Ambiental de la Universidad de Cantabria (Espa\u00f1a)<\/p>\r\n<\/li>\r\n<\/ul>\r\n<p>Centros de investigaci\u00f3n estatales<\/p>\r\n<ul>\r\n<li>\r\n<p>CEDEX: Centro de Estudios y Experimentaci\u00f3n de Obras P\u00fablicas (Espa\u00f1a).<\/p>\r\n<\/li>\r\n<\/ul>\r\n<p>Centros de investigaci\u00f3n privados<\/p>\r\n<ul>\r\n<li>\r\n<p>Instituto de Hidrodin\u00e1mica Aplicada (INHA): ensayos de estabilidad hidr\u00e1ulica de mantos monocapa y bicapa de cubipods<\/p>\r\n<\/li>\r\n<li>\r\n<p>Instituto de Hidrodin\u00e1mica Aplicada (INHA)<\/p>\r\n<\/li>\r\n<\/ul>\r\n\t\t\t\t\t\t<\/div>\r\n\t\t\t\t\t\r\n\t\t\t\t\t\r\n\r\n\r\n\t\t\t\t\t\r\n\t\t\t\t\t\t<div class=\"ytvideos\" style=\"margin-bottom: 4em;\">\t\t\t\t\t\r\n\t\t\t\t\t\t\t\t<p align=\"center\" class=\"ytvideoleft\" style=\"height: 230px; display: inline-block;\">\r\n<iframe width=\"340\" height=\"220\" class=\"ytvideotop\" src=\"https:\/\/www.youtube.com\/embed\/QqONdieYabg?si=ZkwD-u2g2Ekd7rsv\" title=\"YouTube video player\" frameborder=\"0\" allow=\"accelerometer; clipboard-write; encrypted-media; gyroscope; picture-in-picture; web-share\" referrerpolicy=\"strict-origin-when-cross-origin\" allowfullscreen><\/iframe>\t\t\t\t\t\t\t\t\t\t\r\n\t\t\t\t\t\t\t\t\t<br \/>\r\n\t\t\t\t\t\t\t\t\t\t\r\n\t\t\t\t\t\t\t\t\tEnsayo estabilidad hidr\u00e1ulica Tp=18s Hs=6.5m\r\n\t\t\t\t\t\t\t\t<\/p>\t\t\t\t\t\t\t\t\t\r\n\t\t\t\t\t\t\t\t<p align=\"center\" class=\"ytvideoright\" style=\"height: 230px; display: inline-block;\">\r\n\t\t\t\t\t\t\t\t\t\r\n<iframe  width=\"340\" height=\"220\" class=\"ytvideotop\" src=\"https:\/\/www.youtube.com\/embed\/3X9Au3ymNqc?si=egZ_wnrgkFTILkuA\" title=\"YouTube video player\" frameborder=\"0\" allow=\"accelerometer; clipboard-write; encrypted-media; gyroscope; picture-in-picture; web-share\" referrerpolicy=\"strict-origin-when-cross-origin\" allowfullscreen><\/iframe>\t\t\t\t\t\t\t\t\t\t\r\n\t\t\t\t\t\t\t\t\t<br \/>\r\n\t\t\t\t\t\t\t\t\t\t\r\n\t\t\t\t\t\t\t\t\tEnsayo estabilidad hidr\u00e1ulica Tp=18s Hs=9.5m\r\n\t\t\t\t\t\t\t\t<\/p>\r\n\t\t\t\t\t\t<\/div>\t\t\r\n\t\t\t\t\t\t<div class=\"ytvideos\" style=\"margin-bottom: 4em;\">\t\t\t\t\t\r\n\t\t\t\t\t\t\t\t<p align=\"center\" class=\"ytvideoleft\" style=\"height: 230px; display: inline-block;\">\r\n<iframe width=\"340\" height=\"220\" class=\"ytvideotop\" src=\"https:\/\/www.youtube.com\/embed\/rY0j4n88YW8?si=SImzb9pWO8im-jzo\" title=\"YouTube video player\" frameborder=\"0\" allow=\"accelerometer; clipboard-write; encrypted-media; gyroscope; picture-in-picture; web-share\" referrerpolicy=\"strict-origin-when-cross-origin\" allowfullscreen><\/iframe>\t\t\t\t\t\t\t\t\t\t\r\n\t\t\t\t\t\t\t\t\t<br \/>\r\n\t\t\t\t\t\t\t\t\t\t\r\n\t\t\t\t\t\t\t\t\tEnsayo de rebase manto monocapa\r\n\t\t\t\t\t\t\t\t<\/p>\t\t\t\t\t\t\t\t\t\r\n\t\t\t\t\t\t\t\t<p align=\"center\" class=\"ytvideoright\" style=\"height: 230px; display: inline-block;\">\r\n\t\t\t\t\t\t\t\t\t\r\n<iframe  width=\"340\" height=\"220\" class=\"ytvideotop\" src=\"https:\/\/www.youtube.com\/embed\/t7WBz-ibKes?si=0MD11lZU-aXXlHGk\" title=\"YouTube video player\" frameborder=\"0\" allow=\"accelerometer; clipboard-write; encrypted-media; gyroscope; picture-in-picture; web-share\" referrerpolicy=\"strict-origin-when-cross-origin\" allowfullscreen><\/iframe>\t\t\t\t\t\t\t\t\t\t\r\n\t\t\t\t\t\t\t\t\t<br \/>\r\n\t\t\t\t\t\t\t\t\t\t\r\n\t\t\t\t\t\t\t\t\tEnsayo de rebase manto bicapa\r\n\t\t\t\t\t\t\t\t<\/p>\r\n\t\t\t\t\t\t<\/div>\t\t\r\n\t\t\t\t<\/div>\r\n\t\t\t<\/div>\r\n    \t<\/div>\r\n  \t<\/div>\r\n<\/div>      \r\n\r\n\r\n\r\n<p><\/p>\r\n","protected":false},"excerpt":{"rendered":"<p>La estabilidad hidr\u00e1ulica de Cubipod se ha testado en multitud de laboratorios europeos de ensayos hidr\u00e1ulicos de ingenier\u00eda portuaria como: Universidades Laboratorio de Puertos y Costas de la Universidad Polit\u00e9cnica de Valencia (Espa\u00f1a). Laboratorio de la Universidad de Aalborg (Dinamarca). [&hellip;]<\/p>\n","protected":false},"author":27,"featured_media":0,"parent":67,"menu_order":2,"comment_status":"closed","ping_status":"closed","template":"","meta":{"_acf_changed":false,"footnotes":"","_links_to":"","_links_to_target":""},"class_list":["post-84","page","type-page","status-publish","hentry"],"acf":[],"_links":{"self":[{"href":"https:\/\/www.cubipod.com\/es\/wp-json\/wp\/v2\/pages\/84","targetHints":{"allow":["GET"]}}],"collection":[{"href":"https:\/\/www.cubipod.com\/es\/wp-json\/wp\/v2\/pages"}],"about":[{"href":"https:\/\/www.cubipod.com\/es\/wp-json\/wp\/v2\/types\/page"}],"author":[{"embeddable":true,"href":"https:\/\/www.cubipod.com\/es\/wp-json\/wp\/v2\/users\/27"}],"replies":[{"embeddable":true,"href":"https:\/\/www.cubipod.com\/es\/wp-json\/wp\/v2\/comments?post=84"}],"version-history":[{"count":10,"href":"https:\/\/www.cubipod.com\/es\/wp-json\/wp\/v2\/pages\/84\/revisions"}],"predecessor-version":[{"id":1914,"href":"https:\/\/www.cubipod.com\/es\/wp-json\/wp\/v2\/pages\/84\/revisions\/1914"}],"up":[{"embeddable":true,"href":"https:\/\/www.cubipod.com\/es\/wp-json\/wp\/v2\/pages\/67"}],"wp:attachment":[{"href":"https:\/\/www.cubipod.com\/es\/wp-json\/wp\/v2\/media?parent=84"}],"curies":[{"name":"wp","href":"https:\/\/api.w.org\/{rel}","templated":true}]}}