{"id":86,"date":"2022-01-05T16:37:46","date_gmt":"2022-01-05T16:37:46","guid":{"rendered":"https:\/\/cubipod.ohla-group.com\/?page_id=86"},"modified":"2022-01-05T16:38:41","modified_gmt":"2022-01-05T16:38:41","slug":"colocacion-realista-3d","status":"publish","type":"page","link":"https:\/\/www.cubipod.com\/es\/cubipod\/ensayos-de-laboratorio\/colocacion-realista-3d\/","title":{"rendered":"Colocaci\u00f3n realista 3D"},"content":{"rendered":"\n<p>Se han realizado estudios y ensayos de colocaci\u00f3n realista 3D mediante modelos, pinzas de presi\u00f3n y gr\u00faas a escala reducida, mediante la cual se colocaban las piezas una a una como en un dique real. En estos ensayos se desarrollaron las mallas de colocaci\u00f3n del Cubipod a emplear en distintos taludes y tramos de los diques en talud para garantizar una porosidad homog\u00e9nea del manto.<\/p>\n\n\n\n<div class=\"wp-block-image\"><figure class=\"aligncenter size-large\"><img fetchpriority=\"high\" decoding=\"async\" width=\"500\" height=\"190\" src=\"https:\/\/www.cubipod.com\/wp-content\/uploads\/sites\/5\/2022\/01\/malla-colocacion-comparacion_500x190.png\" alt=\"\" class=\"wp-image-87\" srcset=\"https:\/\/www.cubipod.com\/wp-content\/uploads\/sites\/5\/2022\/01\/malla-colocacion-comparacion_500x190.png 500w, https:\/\/www.cubipod.com\/wp-content\/uploads\/sites\/5\/2022\/01\/malla-colocacion-comparacion_500x190-300x114.png 300w, https:\/\/www.cubipod.com\/wp-content\/uploads\/sites\/5\/2022\/01\/malla-colocacion-comparacion_500x190-120x46.png 120w\" sizes=\"(max-width: 500px) 100vw, 500px\" \/><\/figure><\/div>\n\n\n\n<div class=\"wp-block-image\"><figure class=\"aligncenter size-large\"><img decoding=\"async\" width=\"497\" height=\"320\" src=\"https:\/\/www.cubipod.com\/wp-content\/uploads\/sites\/5\/2022\/01\/colocacion-escala-2_497x320.png\" alt=\"\" class=\"wp-image-88\" srcset=\"https:\/\/www.cubipod.com\/wp-content\/uploads\/sites\/5\/2022\/01\/colocacion-escala-2_497x320.png 497w, https:\/\/www.cubipod.com\/wp-content\/uploads\/sites\/5\/2022\/01\/colocacion-escala-2_497x320-300x193.png 300w, https:\/\/www.cubipod.com\/wp-content\/uploads\/sites\/5\/2022\/01\/colocacion-escala-2_497x320-120x77.png 120w\" sizes=\"(max-width: 497px) 100vw, 497px\" \/><\/figure><\/div>\n\n\n\n<figure class=\"wp-block-embed aligncenter is-type-video is-provider-youtube wp-block-embed-youtube wp-embed-aspect-16-9 wp-has-aspect-ratio\"><div class=\"wp-block-embed__wrapper\">\n<iframe title=\"Colocaci\u00f3n realista 3D\" width=\"640\" height=\"360\" src=\"https:\/\/www.youtube.com\/embed\/l8FT-r0lF6E?feature=oembed\" frameborder=\"0\" allow=\"accelerometer; autoplay; clipboard-write; encrypted-media; gyroscope; picture-in-picture; web-share\" referrerpolicy=\"strict-origin-when-cross-origin\" allowfullscreen><\/iframe>\n<\/div><\/figure>\n\n\n\n<p><\/p>\n","protected":false},"excerpt":{"rendered":"<p>Se han realizado estudios y ensayos de colocaci\u00f3n realista 3D mediante modelos, pinzas de presi\u00f3n y gr\u00faas a escala reducida, mediante la cual se colocaban las piezas una a una como en un dique real. En estos ensayos se desarrollaron [&hellip;]<\/p>\n","protected":false},"author":21,"featured_media":0,"parent":67,"menu_order":3,"comment_status":"closed","ping_status":"closed","template":"","meta":{"_acf_changed":false,"footnotes":"","_links_to":"","_links_to_target":""},"class_list":["post-86","page","type-page","status-publish","hentry"],"acf":[],"_links":{"self":[{"href":"https:\/\/www.cubipod.com\/es\/wp-json\/wp\/v2\/pages\/86","targetHints":{"allow":["GET"]}}],"collection":[{"href":"https:\/\/www.cubipod.com\/es\/wp-json\/wp\/v2\/pages"}],"about":[{"href":"https:\/\/www.cubipod.com\/es\/wp-json\/wp\/v2\/types\/page"}],"author":[{"embeddable":true,"href":"https:\/\/www.cubipod.com\/es\/wp-json\/wp\/v2\/users\/21"}],"replies":[{"embeddable":true,"href":"https:\/\/www.cubipod.com\/es\/wp-json\/wp\/v2\/comments?post=86"}],"version-history":[{"count":2,"href":"https:\/\/www.cubipod.com\/es\/wp-json\/wp\/v2\/pages\/86\/revisions"}],"predecessor-version":[{"id":90,"href":"https:\/\/www.cubipod.com\/es\/wp-json\/wp\/v2\/pages\/86\/revisions\/90"}],"up":[{"embeddable":true,"href":"https:\/\/www.cubipod.com\/es\/wp-json\/wp\/v2\/pages\/67"}],"wp:attachment":[{"href":"https:\/\/www.cubipod.com\/es\/wp-json\/wp\/v2\/media?parent=86"}],"curies":[{"name":"wp","href":"https:\/\/api.w.org\/{rel}","templated":true}]}}