{"id":91,"date":"2022-01-05T16:42:03","date_gmt":"2022-01-05T16:42:03","guid":{"rendered":"https:\/\/cubipod.ohla-group.com\/?page_id=91"},"modified":"2022-01-08T17:09:20","modified_gmt":"2022-01-08T17:09:20","slug":"reconocimientos","status":"publish","type":"page","link":"https:\/\/www.cubipod.com\/es\/cubipod\/reconocimientos\/","title":{"rendered":"Reconocimientos"},"content":{"rendered":"\n<figure class=\"wp-block-table\"><table><tbody><tr><td><img decoding=\"async\" width=\"166\" height=\"163\" src=\"https:\/\/www.cubipod.com\/wp-content\/uploads\/sites\/5\/2022\/01\/medalla-ginebra_170x166.jpeg\" alt=\"Medalla Ginebra\"><\/td><td>Medalla de oro con menci\u00f3n de honor y el premio al\u00a0<em>Mejor invento espa\u00f1ol<\/em>\u00a0otorgados en la 39\u00aa edici\u00f3n del Sal\u00f3n Internacional de Invenciones de Ginebra.\u00a0<\/td><\/tr><tr><td><img decoding=\"async\" width=\"168\" height=\"112\" src=\"https:\/\/www.cubipod.com\/wp-content\/uploads\/sites\/5\/2022\/01\/cpi-malaga_168x112.jpeg\" alt=\"CPI MALAGA\"><\/td><td>Premio Nacional de Innovaci\u00f3n en 2011, en la categor\u00eda de Compra P\u00fablica Innovadora, a la primera aplicaci\u00f3n real en obra de Cubipod, en el Puerto de M\u00e1laga.<\/td><\/tr><tr><td><img decoding=\"async\" width=\"167\" height=\"115\" src=\"https:\/\/www.cubipod.com\/wp-content\/uploads\/sites\/5\/2022\/01\/garcia-cabrerizo_167x115.jpeg\" alt=\"Garcia Cabrerizo\">\n                <\/td><td>Premio al mejor invento espa\u00f1ol de la agencia de patentes espa\u00f1ola Garcia-Cabrerizo (2011).<\/td><\/tr><\/tbody><\/table><\/figure>\n","protected":false},"excerpt":{"rendered":"<p>Medalla de oro con menci\u00f3n de honor y el premio al\u00a0Mejor invento espa\u00f1ol\u00a0otorgados en la 39\u00aa edici\u00f3n del Sal\u00f3n Internacional de Invenciones de Ginebra.\u00a0 Premio Nacional de Innovaci\u00f3n en 2011, en la categor\u00eda de Compra P\u00fablica Innovadora, a la primera [&hellip;]<\/p>\n","protected":false},"author":21,"featured_media":401,"parent":25,"menu_order":4,"comment_status":"closed","ping_status":"closed","template":"","meta":{"_acf_changed":false,"footnotes":"","_links_to":"","_links_to_target":""},"class_list":["post-91","page","type-page","status-publish","has-post-thumbnail","hentry"],"acf":[],"_links":{"self":[{"href":"https:\/\/www.cubipod.com\/es\/wp-json\/wp\/v2\/pages\/91","targetHints":{"allow":["GET"]}}],"collection":[{"href":"https:\/\/www.cubipod.com\/es\/wp-json\/wp\/v2\/pages"}],"about":[{"href":"https:\/\/www.cubipod.com\/es\/wp-json\/wp\/v2\/types\/page"}],"author":[{"embeddable":true,"href":"https:\/\/www.cubipod.com\/es\/wp-json\/wp\/v2\/users\/21"}],"replies":[{"embeddable":true,"href":"https:\/\/www.cubipod.com\/es\/wp-json\/wp\/v2\/comments?post=91"}],"version-history":[{"count":2,"href":"https:\/\/www.cubipod.com\/es\/wp-json\/wp\/v2\/pages\/91\/revisions"}],"predecessor-version":[{"id":543,"href":"https:\/\/www.cubipod.com\/es\/wp-json\/wp\/v2\/pages\/91\/revisions\/543"}],"up":[{"embeddable":true,"href":"https:\/\/www.cubipod.com\/es\/wp-json\/wp\/v2\/pages\/25"}],"wp:featuredmedia":[{"embeddable":true,"href":"https:\/\/www.cubipod.com\/es\/wp-json\/wp\/v2\/media\/401"}],"wp:attachment":[{"href":"https:\/\/www.cubipod.com\/es\/wp-json\/wp\/v2\/media?parent=91"}],"curies":[{"name":"wp","href":"https:\/\/api.w.org\/{rel}","templated":true}]}}