{"id":1249,"date":"2022-01-24T12:33:43","date_gmt":"2022-01-24T12:33:43","guid":{"rendered":"https:\/\/cubipod.ohla-group.com\/documentation\/manuales\/"},"modified":"2022-04-06T09:39:54","modified_gmt":"2022-04-06T09:39:54","slug":"manuels-2","status":"publish","type":"page","link":"https:\/\/www.cubipod.com\/fr\/documentation\/manuels-2\/","title":{"rendered":"Manuels"},"content":{"rendered":"\n<div class=\"filterBar cl\">\n<span class=\"num\">2 Publications<\/span>\n<\/div>\n<div class=\"results\">\n<div class=\"list-result cl\">                                        \n<div class=\"result \">\n<div class=\"image\">\n<img decoding=\"async\" src=\"https:\/\/www.cubipod.com\/wp-content\/uploads\/sites\/5\/2022\/01\/63-Manual-1.jpg\" alt=\"Icono Manual\">\n<\/div>\n<div class=\"cont\">\n<h4 class=\"title\">Manual CUBIPOD 2016<\/h4>\n<div class=\"wysiwyg\">\n<p>Manual CUBIPOD 2016<\/p>\t\t\t\t\t\t\t\t\t\t\t\t\t\t\t\t\t\t\t\t\t\t\t\t\t\t\t\n<p><a class=\"pdf\" title=\"T\u00e9l\u00e9charger  Manual CUBIPOD 2016 (EN)\" target=\"_blank\" href=\"https:\/\/www.cubipod.com\/manual-cubipod-2016\" rel=\"noopener\">T\u00e9l\u00e9charger publication<\/a><\/p>\n<\/div>\n<\/div>\n<\/div>\n<div class=\"result reset\">\n<div class=\"image\">\n<img decoding=\"async\" src=\"https:\/\/www.cubipod.com\/wp-content\/uploads\/sites\/5\/2022\/01\/63-Manual-1.jpg\" alt=\"Icono Manual\">\n<\/div>\n<div class=\"cont\">\n<h4 class=\"title\">Manual CUBIPOD 2015<\/h4>\n<div class=\"wysiwyg\">\n<p>Manual CUBIPOD 2015<\/p>\t\t\t\t\t\t\t\t\t\t\t\t\t\t\t\t\t\t\t\t\t\t\t\t\t\t\t\n<p><a class=\"pdf\" title=\"T\u00e9l\u00e9charger Manual CUBIPOD 2015 (ES)\" target=\"_blank\" href=\"https:\/\/www.cubipod.com\/manual-del-cubipodo-es\" rel=\"noopener\">T\u00e9l\u00e9charger publication  <\/a><\/p>\n<\/div>\n<\/div>\n<\/div>\n<\/div>\n<\/div>\n","protected":false},"excerpt":{"rendered":"<p>2 Publications Manual CUBIPOD 2016 Manual CUBIPOD 2016 T\u00e9l\u00e9charger publication Manual CUBIPOD 2015 Manual CUBIPOD 2015 T\u00e9l\u00e9charger publication<\/p>\n","protected":false},"author":25,"featured_media":1055,"parent":619,"menu_order":3,"comment_status":"closed","ping_status":"closed","template":"elementor_theme","meta":{"_acf_changed":false,"footnotes":"","_links_to":"","_links_to_target":""},"class_list":["post-1249","page","type-page","status-publish","has-post-thumbnail","hentry"],"acf":[],"_links":{"self":[{"href":"https:\/\/www.cubipod.com\/fr\/wp-json\/wp\/v2\/pages\/1249","targetHints":{"allow":["GET"]}}],"collection":[{"href":"https:\/\/www.cubipod.com\/fr\/wp-json\/wp\/v2\/pages"}],"about":[{"href":"https:\/\/www.cubipod.com\/fr\/wp-json\/wp\/v2\/types\/page"}],"author":[{"embeddable":true,"href":"https:\/\/www.cubipod.com\/fr\/wp-json\/wp\/v2\/users\/25"}],"replies":[{"embeddable":true,"href":"https:\/\/www.cubipod.com\/fr\/wp-json\/wp\/v2\/comments?post=1249"}],"version-history":[{"count":5,"href":"https:\/\/www.cubipod.com\/fr\/wp-json\/wp\/v2\/pages\/1249\/revisions"}],"predecessor-version":[{"id":1607,"href":"https:\/\/www.cubipod.com\/fr\/wp-json\/wp\/v2\/pages\/1249\/revisions\/1607"}],"up":[{"embeddable":true,"href":"https:\/\/www.cubipod.com\/fr\/wp-json\/wp\/v2\/pages\/619"}],"wp:featuredmedia":[{"embeddable":true,"href":"https:\/\/www.cubipod.com\/fr\/wp-json\/wp\/v2\/media\/1055"}],"wp:attachment":[{"href":"https:\/\/www.cubipod.com\/fr\/wp-json\/wp\/v2\/media?parent=1249"}],"curies":[{"name":"wp","href":"https:\/\/api.w.org\/{rel}","templated":true}]}}