{"id":473,"date":"2022-01-05T15:40:53","date_gmt":"2022-01-05T15:40:53","guid":{"rendered":"https:\/\/cubipod.ohla-group.com\/que-es-cubipod\/"},"modified":"2022-01-27T16:25:15","modified_gmt":"2022-01-27T16:25:15","slug":"quest-ce-que-cubipod","status":"publish","type":"page","link":"https:\/\/www.cubipod.com\/fr\/cubipod\/quest-ce-que-cubipod\/","title":{"rendered":"Qu&rsquo;est-ce que Cubipod?"},"content":{"rendered":"\t\t<div data-elementor-type=\"wp-page\" data-elementor-id=\"473\" class=\"elementor elementor-473 elementor-27\" data-elementor-settings=\"{&quot;ha_cmc_init_switcher&quot;:&quot;no&quot;}\" data-elementor-post-type=\"page\">\n\t\t\t\t\t\t<section class=\"elementor-section elementor-top-section elementor-element elementor-element-64c81a9 elementor-section-boxed elementor-section-height-default elementor-section-height-default\" data-id=\"64c81a9\" data-element_type=\"section\" data-settings=\"{&quot;_ha_eqh_enable&quot;:false}\">\n\t\t\t\t\t\t<div class=\"elementor-container elementor-column-gap-default\">\n\t\t\t\t\t<div class=\"elementor-column elementor-col-100 elementor-top-column elementor-element elementor-element-269c04b\" data-id=\"269c04b\" data-element_type=\"column\">\n\t\t\t<div class=\"elementor-widget-wrap elementor-element-populated\">\n\t\t\t\t\t\t<div class=\"elementor-element elementor-element-abed315 elementor-tabs-view-horizontal elementor-widget elementor-widget-tabs\" data-id=\"abed315\" data-element_type=\"widget\" data-widget_type=\"tabs.default\">\n\t\t\t\t<div class=\"elementor-widget-container\">\n\t\t\t\t\t\t\t<div class=\"elementor-tabs\">\n\t\t\t<div class=\"elementor-tabs-wrapper\" role=\"tablist\" >\n\t\t\t\t\t\t\t\t\t<div id=\"elementor-tab-title-1801\" class=\"elementor-tab-title elementor-tab-desktop-title\" aria-selected=\"true\" data-tab=\"1\" role=\"tab\" tabindex=\"0\" aria-controls=\"elementor-tab-content-1801\" aria-expanded=\"false\">Qu'est-ce que Cubipod?<\/div>\n\t\t\t\t\t\t\t\t\t<div id=\"elementor-tab-title-1802\" class=\"elementor-tab-title elementor-tab-desktop-title\" aria-selected=\"false\" data-tab=\"2\" role=\"tab\" tabindex=\"-1\" aria-controls=\"elementor-tab-content-1802\" aria-expanded=\"false\">Avantages<\/div>\n\t\t\t\t\t\t\t\t\t<div id=\"elementor-tab-title-1803\" class=\"elementor-tab-title elementor-tab-desktop-title\" aria-selected=\"false\" data-tab=\"3\" role=\"tab\" tabindex=\"-1\" aria-controls=\"elementor-tab-content-1803\" aria-expanded=\"false\">Motivation <\/div>\n\t\t\t\t\t\t\t\t\t<div id=\"elementor-tab-title-1804\" class=\"elementor-tab-title elementor-tab-desktop-title\" aria-selected=\"false\" data-tab=\"4\" role=\"tab\" tabindex=\"-1\" aria-controls=\"elementor-tab-content-1804\" aria-expanded=\"false\">Id\u00e9e<\/div>\n\t\t\t\t\t\t\t<\/div>\n\t\t\t<div class=\"elementor-tabs-content-wrapper\" role=\"tablist\" aria-orientation=\"vertical\">\n\t\t\t\t\t\t\t\t\t<div class=\"elementor-tab-title elementor-tab-mobile-title\" aria-selected=\"true\" data-tab=\"1\" role=\"tab\" tabindex=\"0\" aria-controls=\"elementor-tab-content-1801\" aria-expanded=\"false\">Qu'est-ce que Cubipod?<\/div>\n\t\t\t\t\t<div id=\"elementor-tab-content-1801\" class=\"elementor-tab-content elementor-clearfix\" data-tab=\"1\" role=\"tabpanel\" aria-labelledby=\"elementor-tab-title-1801\" tabindex=\"0\" hidden=\"false\"><div class=\"content wide\">\n                              <div class=\"wysiwyg text\">\n                              <p align=\"center\"><iframe width=\"640\" height=\"360\" src=\"https:\/\/www.youtube.com\/embed\/IWD4fJVmxsU?rel=0\" frameborder=\"0\" allowfullscreen=\"\"><\/iframe><\/p>\n<p>\u00c9l\u00e9ment pr\u00e9fabriqu\u00e9 en b\u00e9ton de masse utilis\u00e9 dans la construction de carapaces principales de digues \u00e0 talus et pour la protection des berges de rivi\u00e8res. Il s\u2019agit d\u2019un \u00e9l\u00e9ment lourd qui r\u00e9siste essentiellement \u00e0 l\u2019action de la houle par gravit\u00e9 et par friction lat\u00e9rale et qui est dispos\u00e9 sur le talus de fa\u00e7on al\u00e9atoire en une ou deux couches.<\/p>\n<p>La conception de Cubipod lui conf\u00e8re une stabilit\u00e9 hydraulique \u00e9lev\u00e9e, avec des coefficients semblables \u00e0 ceux des \u00e9l\u00e9ments les plus minces de type <i>bulky<\/i>. Ses principaux avantages sont, entre autres, un co\u00fbt de production \u00e9conomique, une grande robustesse structurelle, auxquels s\u2019ajoutent une facilit\u00e9 de fabrication, de stockage et de pose. Par ailleurs, Cubipod poss\u00e8de d\u2019autres atouts&nbsp;: une friction \u00e9lev\u00e9e avec la couche de filtre, la porosit\u00e9 de la carapace est constante tout au long de la vie utile de la structure, un comportement flexible face \u00e0 la houle et \u00e0 d\u2019\u00e9ventuels tassements de terrain, et il n\u2019a pas de limitation de taille ou de profondeur.<\/p>\n<p><\/p>\n                              <\/div>\n                          <\/div><\/div>\n\t\t\t\t\t\t\t\t\t<div class=\"elementor-tab-title elementor-tab-mobile-title\" aria-selected=\"false\" data-tab=\"2\" role=\"tab\" tabindex=\"-1\" aria-controls=\"elementor-tab-content-1802\" aria-expanded=\"false\">Avantages<\/div>\n\t\t\t\t\t<div id=\"elementor-tab-content-1802\" class=\"elementor-tab-content elementor-clearfix\" data-tab=\"2\" role=\"tabpanel\" aria-labelledby=\"elementor-tab-title-1802\" tabindex=\"0\" hidden=\"hidden\"><div class=\"content wide\">\n                              <div class=\"wysiwyg text\">\n                              <p class=\"imgLeft\"><img fetchpriority=\"high\" decoding=\"async\" width=\"210\" height=\"249\" src=\"https:\/\/media.multi.dev.ohla-group.com\/wp-content\/uploads\/sites\/5\/2022\/01\/24155608\/11-Que-es-cubipod-1_210x249_210x249.jpg\" alt=\"11 Que Es Cubipod 1\" title=\"11 Que Es Cubipod 1\"><\/p>\n<div class=\"wysiwyg\">\n<table class=\"datos\">\n<thead>\n<tr><th colspan=\"2\">Avantages de CUBIPOD par rapport aux:<\/th><\/tr>\n<\/thead>\n<tbody>\n<tr>\n<td class=\"fila\"><b>BLOCS CUIQUES (2 COUCHES)<\/b><\/td>\n<td class=\"fila\"><strong>BLOCS <i>BULKY<\/i> (1 COUCHE)<\/strong><\/td>\n<\/tr>\n<tr>\n<td>Solution avec carapace monocouche fiable<\/td>\n<td>Plus grande r\u00e9sistance structurelle<\/td>\n<\/tr>\n<tr>\n<td>Plus grande stabilit\u00e9 hydraulique<\/td>\n<td>Pas de limitation de taille ni de profondeur<\/td>\n<\/tr>\n<tr>\n<td>Run-up et franchissement moins importants<\/td>\n<td>La qualit\u00e9 du b\u00e9ton n&rsquo;est pas critique<\/td>\n<\/tr>\n<tr>\n<td>Pas d&rsquo;accouplement face \u00e0 face<\/td>\n<td>Manipulation efficiente et s\u00fbre au moyen de pinces de levage<\/td>\n<\/tr>\n<tr>\n<td>Friction \u00e9lev\u00e9e avec le filtre<\/td>\n<td>Moules simples avec d\u00e9placement vertical<\/td>\n<\/tr>\n<tr>\n<td>Plus petit enrochement dans la couche-filtre<\/td>\n<td>Ratios de production \u00e9l\u00e9ves (2-3 u\/jour)<\/td>\n<\/tr>\n<tr>\n<td>Plus faible consommation de b\u00e9ton<\/td>\n<td>Parc de stockage en hauteur<\/td>\n<\/tr>\n<tr>\n<td>Faible empreinte \u00e9nerg\u00e9tique et de carbone<\/td>\n<td>Pose al\u00e9atoire ais\u00e9e (8-12 u\/h)<\/td>\n<\/tr>\n<tr>\n<td>Porosit\u00e9 homog\u00e8ne de la carapace<\/td>\n<td>Ne requiert pas de main d&rsquo;ouvre qualifi\u00e9e<\/td>\n<\/tr>\n<\/tbody>\n<\/table>\n<\/div>\n                              <\/div>\n                          <\/div><\/div>\n\t\t\t\t\t\t\t\t\t<div class=\"elementor-tab-title elementor-tab-mobile-title\" aria-selected=\"false\" data-tab=\"3\" role=\"tab\" tabindex=\"-1\" aria-controls=\"elementor-tab-content-1803\" aria-expanded=\"false\">Motivation <\/div>\n\t\t\t\t\t<div id=\"elementor-tab-content-1803\" class=\"elementor-tab-content elementor-clearfix\" data-tab=\"3\" role=\"tabpanel\" aria-labelledby=\"elementor-tab-title-1803\" tabindex=\"0\" hidden=\"hidden\"><div class=\"content wide\">\n    <div class=\"wysiwyg text\">\n    <p><img decoding=\"async\" width=\"740\" height=\"493\" src=\"https:\/\/media.multi.dev.ohla-group.com\/wp-content\/uploads\/sites\/5\/2022\/01\/24153536\/11-que-es-cubipod-motivacion-.jpg\" alt=\"Motivaci\u00f3n\" title=\"Motivaci\u00f3n\"><\/p>\n<p>La disposition al\u00e9atoire de la carapace en deux couches de blocs cubiques est habituelle dans les grandes digues \u00e0 talus construites en Espagne et dans d\u2019autres pays. Les blocs cubiques sont tr\u00e8s robustes et offrent de grands avantages logistiques compar\u00e9s \u00e0 d\u2019autres \u00e9l\u00e9ments plus minces. Toutefois, les blocs cubiques pour les carapaces pr\u00e9sentent certains d\u00e9fauts importants :<\/p>\n<ul>\n<li>\n<p>Ils ont une faible stabilit\u00e9 hydraulique;&nbsp;<\/p>\n<\/li>\n<li>\n<p>Ils ont tendance \u00e0 se disposer face \u00e0 face, ce qui entraine des processus de compactage h\u00e9t\u00e9rog\u00e8nes qui affaiblissent la digue et augmentent le d\u00e9bit de franchissement;<\/p>\n<\/li>\n<li>\n<p>Ils tendent \u00e0 se disposer de sorte qu\u2019une face soit parall\u00e8le au talus, ce qui entraine une faible friction avec la couche inf\u00e9rieure;<\/p>\n<\/li>\n<li>\n<p>Il n\u2019est pas facile de parvenir \u00e0 une disposition initiale qui semble al\u00e9atoire et cela s\u2019av\u00e8re impossible \u00e0 long terme en raison de leur tendance \u00e0 se mettre face \u00e0 face;<\/p>\n<\/li>\n<li>\n<p>Ils ne peuvent \u00eatre plac\u00e9s al\u00e9atoirement en une seule couche en raison de graves effets \u00e0 long terme des changements de porosit\u00e9.<\/p>\n<\/li>\n<\/ul>\n<p>Un nouvel \u00e9l\u00e9ment appel\u00e9 Cubipod a \u00e9t\u00e9 con\u00e7u afin de rem\u00e9dier aux inconv\u00e9nients du bloc cubique traditionnel, tout en conservant ses avantages logistiques.<\/p>\n    <\/div>\n<\/div><\/div>\n\t\t\t\t\t\t\t\t\t<div class=\"elementor-tab-title elementor-tab-mobile-title\" aria-selected=\"false\" data-tab=\"4\" role=\"tab\" tabindex=\"-1\" aria-controls=\"elementor-tab-content-1804\" aria-expanded=\"false\">Id\u00e9e<\/div>\n\t\t\t\t\t<div id=\"elementor-tab-content-1804\" class=\"elementor-tab-content elementor-clearfix\" data-tab=\"4\" role=\"tabpanel\" aria-labelledby=\"elementor-tab-title-1804\" tabindex=\"0\" hidden=\"hidden\"><div class=\"content wide\">\n    <div class=\"wysiwyg text\">\n    <p class=\"title5\"><em><strong>Evolution du Cube au CUBIPOD <\/strong><\/em><\/p>\n<p class=\"centrarTexto\"><img decoding=\"async\" width=\"195\" height=\"292\" src=\"https:\/\/media.multi.dev.ohla-group.com\/wp-content\/uploads\/sites\/5\/2022\/01\/24153834\/11-que-es-cubipod-idea-1-_205x308.jpg\" alt=\"Idea 1\" class=\"centrarTexto\" title=\"Idea 1\">&nbsp;&nbsp; <img loading=\"lazy\" decoding=\"async\" width=\"232\" height=\"292\" src=\"https:\/\/media.multi.dev.ohla-group.com\/wp-content\/uploads\/sites\/5\/2022\/01\/24153857\/11-que-es-cubipod-idea-2-_244x307.jpg\" alt=\"Idea 2\" class=\"centrarTexto\" title=\"Idea 2\"><\/p>\n<p>Cubipod a \u00e9t\u00e9 con\u00e7u pour neutraliser les inconv\u00e9nients du bloc cubique tout en conservant ses atouts. Sa conception cubique pourvues de protub\u00e9rances ou saillies sur ses faces \u00e9vite la disposition face \u00e0 face des pi\u00e8ces et augmente la friction avec la couche inf\u00e9rieure. La forme de pyramide tronqu\u00e9e \u00e0 base carr\u00e9e de ses protub\u00e9rances est id\u00e9ale pour \u00e9viter les flexions et torsions lors des impacts auxquels la pi\u00e8ce peut \u00eatre soumise pendant la construction d\u2019une digue. Par ailleurs, la taille des protub\u00e9rances est semblable aux cavit\u00e9s existant entre les pierres de la couche inf\u00e9rieure sur laquelle il repose, ce qui permet d\u2019augmenter la friction de la carapace avec la sous-couche. Des pinces de levage sont utilis\u00e9es pour manipuler Cubipod et son entreposage ne requiert pas un grand espace \u00e9tant donn\u00e9 que les \u00e9l\u00e9ments sont dot\u00e9s d\u2019un noyau cubique consid\u00e9rable.&nbsp;<\/p>\n    <\/div>\n<\/div><\/div>\n\t\t\t\t\t\t\t<\/div>\n\t\t<\/div>\n\t\t\t\t\t\t<\/div>\n\t\t\t\t<\/div>\n\t\t\t\t\t<\/div>\n\t\t<\/div>\n\t\t\t\t\t<\/div>\n\t\t<\/section>\n\t\t\t\t<\/div>\n\t\t","protected":false},"excerpt":{"rendered":"<p>Qu&rsquo;est-ce que Cubipod? Avantages Motivation Id\u00e9e Qu&rsquo;est-ce que Cubipod? \u00c9l\u00e9ment pr\u00e9fabriqu\u00e9 en b\u00e9ton de masse utilis\u00e9 dans la construction de carapaces principales de digues \u00e0 talus et pour la protection des berges de rivi\u00e8res. Il s\u2019agit d\u2019un \u00e9l\u00e9ment lourd qui [&hellip;]<\/p>\n","protected":false},"author":21,"featured_media":400,"parent":471,"menu_order":1,"comment_status":"closed","ping_status":"closed","template":"","meta":{"_acf_changed":false,"footnotes":"","_links_to":"","_links_to_target":""},"class_list":["post-473","page","type-page","status-publish","has-post-thumbnail","hentry"],"acf":[],"_links":{"self":[{"href":"https:\/\/www.cubipod.com\/fr\/wp-json\/wp\/v2\/pages\/473","targetHints":{"allow":["GET"]}}],"collection":[{"href":"https:\/\/www.cubipod.com\/fr\/wp-json\/wp\/v2\/pages"}],"about":[{"href":"https:\/\/www.cubipod.com\/fr\/wp-json\/wp\/v2\/types\/page"}],"author":[{"embeddable":true,"href":"https:\/\/www.cubipod.com\/fr\/wp-json\/wp\/v2\/users\/21"}],"replies":[{"embeddable":true,"href":"https:\/\/www.cubipod.com\/fr\/wp-json\/wp\/v2\/comments?post=473"}],"version-history":[{"count":6,"href":"https:\/\/www.cubipod.com\/fr\/wp-json\/wp\/v2\/pages\/473\/revisions"}],"predecessor-version":[{"id":1446,"href":"https:\/\/www.cubipod.com\/fr\/wp-json\/wp\/v2\/pages\/473\/revisions\/1446"}],"up":[{"embeddable":true,"href":"https:\/\/www.cubipod.com\/fr\/wp-json\/wp\/v2\/pages\/471"}],"wp:featuredmedia":[{"embeddable":true,"href":"https:\/\/www.cubipod.com\/fr\/wp-json\/wp\/v2\/media\/400"}],"wp:attachment":[{"href":"https:\/\/www.cubipod.com\/fr\/wp-json\/wp\/v2\/media?parent=473"}],"curies":[{"name":"wp","href":"https:\/\/api.w.org\/{rel}","templated":true}]}}