{"id":484,"date":"2022-01-05T15:53:49","date_gmt":"2022-01-05T15:53:49","guid":{"rendered":"https:\/\/cubipod.ohla-group.com\/caracteristicas\/robustez-estructural\/"},"modified":"2022-01-08T16:22:07","modified_gmt":"2022-01-08T16:22:07","slug":"robustesse-structurelle","status":"publish","type":"page","link":"https:\/\/www.cubipod.com\/fr\/cubipod\/caracteristiques\/robustesse-structurelle\/","title":{"rendered":"Robustesse structurelle"},"content":{"rendered":"\n<p>Cubipod est la pi\u00e8ce monocouche la plus robuste du march\u00e9, elle l\u2019est beaucoup plus &nbsp;que les structures de type&nbsp;<em>bulky<\/em>&nbsp;existantes. Gr\u00e2ce \u00e0 sa robustesse structurelle \u00e9lev\u00e9e, les Cubipod peuvent \u00eatre fabriqu\u00e9s de n\u2019importe quelle taille. Ce n\u2019est pas le cas des autres pi\u00e8ces ayant une couche unique qui sont, quant \u00e0 elles, sujettes \u00e0 des restrictions de taille consid\u00e9rables pour leur fabrication sans armature (autour de 20 m<sup>3<\/sup>).<\/p>\n\n\n\n<p>Leur robustesse structurelle a \u00e9t\u00e9 test\u00e9e au moyen d\u2019essais de basculement et de chute. Cubipod peut supporter des hauteurs de chute 50 % sup\u00e9rieures \u00e0 celles des blocs cubiques conventionnels, pouvant supporter des chutes extr\u00eames de 8,5 m et 9,5 m de hauteur.<\/p>\n\n\n\n<div class=\"wp-block-columns is-layout-flex wp-container-core-columns-is-layout-9d6595d7 wp-block-columns-is-layout-flex\">\n<div class=\"wp-block-column is-layout-flow wp-block-column-is-layout-flow\">\n<figure class=\"wp-block-image size-large\"><img fetchpriority=\"high\" decoding=\"async\" width=\"320\" height=\"240\" src=\"https:\/\/www.cubipod.com\/wp-content\/uploads\/sites\/5\/2022\/01\/121-ROBUSTEZ-ESTRUCTURAL-1_320x240_320x240.jpeg\" alt=\"\" class=\"wp-image-39\" srcset=\"https:\/\/www.cubipod.com\/wp-content\/uploads\/sites\/5\/2022\/01\/121-ROBUSTEZ-ESTRUCTURAL-1_320x240_320x240.jpeg 320w, https:\/\/www.cubipod.com\/wp-content\/uploads\/sites\/5\/2022\/01\/121-ROBUSTEZ-ESTRUCTURAL-1_320x240_320x240-300x225.jpeg 300w, https:\/\/www.cubipod.com\/wp-content\/uploads\/sites\/5\/2022\/01\/121-ROBUSTEZ-ESTRUCTURAL-1_320x240_320x240-120x90.jpeg 120w\" sizes=\"(max-width: 320px) 100vw, 320px\" \/><figcaption>Essai chute marteau : cube (h = 1,5 m) (32,5 % perte de poids).<\/figcaption><\/figure>\n<\/div>\n\n\n\n<div class=\"wp-block-column is-layout-flow wp-block-column-is-layout-flow\">\n<figure class=\"wp-block-image size-large\"><img decoding=\"async\" width=\"320\" height=\"240\" src=\"https:\/\/www.cubipod.com\/wp-content\/uploads\/sites\/5\/2022\/01\/121-ROBUSTEZ-ESTRUCTURAL-2_320x240_320x240.jpeg\" alt=\"\" class=\"wp-image-40\" srcset=\"https:\/\/www.cubipod.com\/wp-content\/uploads\/sites\/5\/2022\/01\/121-ROBUSTEZ-ESTRUCTURAL-2_320x240_320x240.jpeg 320w, https:\/\/www.cubipod.com\/wp-content\/uploads\/sites\/5\/2022\/01\/121-ROBUSTEZ-ESTRUCTURAL-2_320x240_320x240-300x225.jpeg 300w, https:\/\/www.cubipod.com\/wp-content\/uploads\/sites\/5\/2022\/01\/121-ROBUSTEZ-ESTRUCTURAL-2_320x240_320x240-120x90.jpeg 120w\" sizes=\"(max-width: 320px) 100vw, 320px\" \/><figcaption>Essai chute marteau : Cubipod (h = 2 m) (0,7 % perte de poids).<\/figcaption><\/figure>\n<\/div>\n\n\n\n<div class=\"wp-block-column is-layout-flow wp-block-column-is-layout-flow\">\n<figure class=\"wp-block-image size-large\"><img decoding=\"async\" width=\"318\" height=\"240\" src=\"https:\/\/www.cubipod.com\/wp-content\/uploads\/sites\/5\/2022\/01\/121-robustez-estructural-3_320x240_318x240.jpeg\" alt=\"\" class=\"wp-image-41\" srcset=\"https:\/\/www.cubipod.com\/wp-content\/uploads\/sites\/5\/2022\/01\/121-robustez-estructural-3_320x240_318x240.jpeg 318w, https:\/\/www.cubipod.com\/wp-content\/uploads\/sites\/5\/2022\/01\/121-robustez-estructural-3_320x240_318x240-300x226.jpeg 300w, https:\/\/www.cubipod.com\/wp-content\/uploads\/sites\/5\/2022\/01\/121-robustez-estructural-3_320x240_318x240-120x91.jpeg 120w\" sizes=\"(max-width: 318px) 100vw, 318px\" \/><figcaption>Essai chute extr\u00eame : Cubipod (h = 8,5 m) (0,8 % perte de poids).<\/figcaption><\/figure>\n<\/div>\n<\/div>\n\n\n\n<p>La r\u00e9sistance structurelle \u00e9lev\u00e9e de Cubipod est due \u00e0 sa g\u00e9om\u00e9trie. Celle-ci favorise de petites fractures des bords qui r\u00e9duisent les acc\u00e9l\u00e9rations du corps central ainsi que les fractures internes qui provoquent la rupture globale de la pi\u00e8ce. Cependant, le risque de rupture de la pi\u00e8ce est tr\u00e8s r\u00e9duit, aussi bien lors de sa manipulation et de sa pose que tout au long de sa vie utile. Contrairement aux pi\u00e8ces de type\u00a0<em>bulky<\/em>, la grande r\u00e9sistance structurelle des Cubipod permet leur empilement sans limitation du nombre de rang\u00e9e.<\/p>\n","protected":false},"excerpt":{"rendered":"<p>Cubipod est la pi\u00e8ce monocouche la plus robuste du march\u00e9, elle l\u2019est beaucoup plus &nbsp;que les structures de type&nbsp;bulky&nbsp;existantes. Gr\u00e2ce \u00e0 sa robustesse structurelle \u00e9lev\u00e9e, les Cubipod peuvent \u00eatre fabriqu\u00e9s de n\u2019importe quelle taille. Ce n\u2019est pas le cas des [&hellip;]<\/p>\n","protected":false},"author":21,"featured_media":0,"parent":480,"menu_order":1,"comment_status":"closed","ping_status":"closed","template":"","meta":{"_acf_changed":false,"footnotes":"","_links_to":"","_links_to_target":""},"class_list":["post-484","page","type-page","status-publish","hentry"],"acf":[],"_links":{"self":[{"href":"https:\/\/www.cubipod.com\/fr\/wp-json\/wp\/v2\/pages\/484","targetHints":{"allow":["GET"]}}],"collection":[{"href":"https:\/\/www.cubipod.com\/fr\/wp-json\/wp\/v2\/pages"}],"about":[{"href":"https:\/\/www.cubipod.com\/fr\/wp-json\/wp\/v2\/types\/page"}],"author":[{"embeddable":true,"href":"https:\/\/www.cubipod.com\/fr\/wp-json\/wp\/v2\/users\/21"}],"replies":[{"embeddable":true,"href":"https:\/\/www.cubipod.com\/fr\/wp-json\/wp\/v2\/comments?post=484"}],"version-history":[{"count":2,"href":"https:\/\/www.cubipod.com\/fr\/wp-json\/wp\/v2\/pages\/484\/revisions"}],"predecessor-version":[{"id":490,"href":"https:\/\/www.cubipod.com\/fr\/wp-json\/wp\/v2\/pages\/484\/revisions\/490"}],"up":[{"embeddable":true,"href":"https:\/\/www.cubipod.com\/fr\/wp-json\/wp\/v2\/pages\/480"}],"wp:attachment":[{"href":"https:\/\/www.cubipod.com\/fr\/wp-json\/wp\/v2\/media?parent=484"}],"curies":[{"name":"wp","href":"https:\/\/api.w.org\/{rel}","templated":true}]}}