{"id":493,"date":"2022-01-05T15:56:53","date_gmt":"2022-01-05T15:56:53","guid":{"rendered":"https:\/\/cubipod.ohla-group.com\/caracteristiques\/estabilidad-hidraulica\/"},"modified":"2022-04-04T13:46:12","modified_gmt":"2022-04-04T13:46:12","slug":"stabilite-hydraulique","status":"publish","type":"page","link":"https:\/\/www.cubipod.com\/fr\/cubipod\/caracteristiques\/stabilite-hydraulique\/","title":{"rendered":"Stabilit\u00e9 hydraulique"},"content":{"rendered":"\n<p>Cubipod est la pi\u00e8ce massive dot\u00e9e de la plus grande stabilit\u00e9 hydraulique du march\u00e9, dont les valeurs de&nbsp;<em>K<sub>D<\/sub><\/em>&nbsp;(coefficient de stabilit\u00e9 de la formule de Hudson) sont largement sup\u00e9rieures \u00e0 celles des pi\u00e8ces massives les plus utilis\u00e9es, telles que le bloc cubique traditionnel ou le bloc Antifer.<\/p>\n\n\n\n<p>Il a une stabilit\u00e9 hydraulique semblable \u00e0 celles des pi\u00e8ces&nbsp;<em>bulky<\/em>&nbsp;(qui r\u00e9sistent principalement \u00e0 la houle par imbrication). Cependant, il a un comportement plus souple et il est dot\u00e9 d\u2019un m\u00e9canisme r\u00e9sistant bas\u00e9 sur la gravit\u00e9 et la friction lat\u00e9rale.<\/p>\n\n\n\n<p>Sa stabilit\u00e9 hydraulique a \u00e9t\u00e9 test\u00e9e dans de nombreux laboratoires europ\u00e9ens d\u2019essais hydrauliques d\u2019ing\u00e9nierie portuaire, suite auxquels ont \u00e9t\u00e9 adopt\u00e9s les coefficients de stabilit\u00e9 suivants (<em>K<sub>D<\/sub><\/em>) :<\/p>\n\n\n\n<div style=\"width: 100%;\">\n<div style=\"float: left; width: 25%;\">\n<p>Carapace 2 couches:<\/p>\n<ul>\n<ul>\n<li>\n<p>Tron\u00e7on courant: <i>K<sub>D<\/sub><\/i> = 28<\/p>\n<\/li>\n<li>\n<p>Musoir: <i>K<sub>D<\/sub><\/i> = 7<\/p>\n<\/li>\n<\/ul>\n<\/ul>\n<p>Carapace 1 couche:<\/p>\n<ul>\n<ul>\n<li>\n<p>Tron\u00e7on courant: <i>K<sub>D<\/sub><\/i> = 12<\/p>\n<\/li>\n<li>\n<p>Musoir: <i>K<sub>D<\/sub><\/i> = 5<\/p>\n<\/li>\n<\/ul>\n<\/ul>\n<\/div>\n<div class=\"wysiwyg\" style=\"float: left; width: 75%;\">\n<table class=\"datos\" style=\"height: 151px; width: 75%; float: right;\">\n<thead>\n<tr><th colspan=\"4\">K<sub>D <\/sub>de dise\u00f1o<\/th><\/tr>\n<\/thead>\n<tbody>\n<tr>\n<td class=\"fila\" style=\"width: 35%;\"><strong>Part<\/strong><\/td>\n<td class=\"fila\" style=\"width: 35%;\"><strong>Unit<\/strong><\/td>\n<td class=\"fila\" style=\"width: 15%;\"><strong><strong>Layers<\/strong><\/strong><\/td>\n<td class=\"fila\" style=\"width: 15%;\"><strong>K<sub>D<\/sub><\/strong><\/td>\n<\/tr>\n<tr>\n<td>Tron\u00e7on courant<br> <br><br> <br>Musoir<br> <br><br><\/td>\n<td>Cubipod<br> <br><br> <br>Cubipod<br> <br><br><\/td>\n<td>2<br>1<br><br> <br>2<br>1<br><br><\/td>\n<td>28.0<br> 12.0<br><br> <br>7.0<br>5.0<br><br><\/td>\n<\/tr>\n<\/tbody>\n<\/table>\n<\/div>\n<\/div>\n<div style=\"clear: both;\"><\/div>\n\n\n\n<p>ll est conseill\u00e9 de construire des carapaces principales avec un talus 3\/2 car son co\u00fbt est bas et son impact environnental faible. Toutefois, comme il s&rsquo;agit de pi\u00e8ces massives et que leurs poids r\u00e9sistent \u00e0 la houle par gravit\u00e9, les blocs Cubipod peuvent \u00eatre pos\u00e9s sur des talus plus raides pour r\u00e9pondre aux besoins de chaque projet.<\/p>\n\n\n\n<div class=\"wp-block-columns is-layout-flex wp-container-core-columns-is-layout-9d6595d7 wp-block-columns-is-layout-flex\">\n<div class=\"wp-block-column is-layout-flow wp-block-column-is-layout-flow\">\n<figure class=\"wp-block-image size-full\"><img fetchpriority=\"high\" decoding=\"async\" width=\"335\" height=\"235\" src=\"https:\/\/www.cubipod.com\/wp-content\/uploads\/sites\/5\/2022\/04\/122-estabilidad-hidraulica-1.jpeg\" alt=\"\" class=\"wp-image-1536\" srcset=\"https:\/\/www.cubipod.com\/wp-content\/uploads\/sites\/5\/2022\/04\/122-estabilidad-hidraulica-1.jpeg 335w, https:\/\/www.cubipod.com\/wp-content\/uploads\/sites\/5\/2022\/04\/122-estabilidad-hidraulica-1-300x210.jpeg 300w, https:\/\/www.cubipod.com\/wp-content\/uploads\/sites\/5\/2022\/04\/122-estabilidad-hidraulica-1-120x84.jpeg 120w\" sizes=\"(max-width: 335px) 100vw, 335px\" \/><\/figure>\n<\/div>\n\n\n\n<div class=\"wp-block-column is-layout-flow wp-block-column-is-layout-flow\">\n<figure class=\"wp-block-image size-full\"><img decoding=\"async\" width=\"335\" height=\"235\" src=\"https:\/\/www.cubipod.com\/wp-content\/uploads\/sites\/5\/2022\/04\/122-estabilidad-hidraulica-1-2.jpeg\" alt=\"\" class=\"wp-image-1535\" srcset=\"https:\/\/www.cubipod.com\/wp-content\/uploads\/sites\/5\/2022\/04\/122-estabilidad-hidraulica-1-2.jpeg 335w, https:\/\/www.cubipod.com\/wp-content\/uploads\/sites\/5\/2022\/04\/122-estabilidad-hidraulica-1-2-300x210.jpeg 300w, https:\/\/www.cubipod.com\/wp-content\/uploads\/sites\/5\/2022\/04\/122-estabilidad-hidraulica-1-2-120x84.jpeg 120w\" sizes=\"(max-width: 335px) 100vw, 335px\" \/><\/figure>\n<\/div>\n<\/div>\n","protected":false},"excerpt":{"rendered":"<p>Cubipod est la pi\u00e8ce massive dot\u00e9e de la plus grande stabilit\u00e9 hydraulique du march\u00e9, dont les valeurs de&nbsp;KD&nbsp;(coefficient de stabilit\u00e9 de la formule de Hudson) sont largement sup\u00e9rieures \u00e0 celles des pi\u00e8ces massives les plus utilis\u00e9es, telles que le bloc [&hellip;]<\/p>\n","protected":false},"author":21,"featured_media":0,"parent":480,"menu_order":2,"comment_status":"closed","ping_status":"closed","template":"","meta":{"_acf_changed":false,"footnotes":"","_links_to":"","_links_to_target":""},"class_list":["post-493","page","type-page","status-publish","hentry"],"acf":[],"_links":{"self":[{"href":"https:\/\/www.cubipod.com\/fr\/wp-json\/wp\/v2\/pages\/493","targetHints":{"allow":["GET"]}}],"collection":[{"href":"https:\/\/www.cubipod.com\/fr\/wp-json\/wp\/v2\/pages"}],"about":[{"href":"https:\/\/www.cubipod.com\/fr\/wp-json\/wp\/v2\/types\/page"}],"author":[{"embeddable":true,"href":"https:\/\/www.cubipod.com\/fr\/wp-json\/wp\/v2\/users\/21"}],"replies":[{"embeddable":true,"href":"https:\/\/www.cubipod.com\/fr\/wp-json\/wp\/v2\/comments?post=493"}],"version-history":[{"count":8,"href":"https:\/\/www.cubipod.com\/fr\/wp-json\/wp\/v2\/pages\/493\/revisions"}],"predecessor-version":[{"id":1546,"href":"https:\/\/www.cubipod.com\/fr\/wp-json\/wp\/v2\/pages\/493\/revisions\/1546"}],"up":[{"embeddable":true,"href":"https:\/\/www.cubipod.com\/fr\/wp-json\/wp\/v2\/pages\/480"}],"wp:attachment":[{"href":"https:\/\/www.cubipod.com\/fr\/wp-json\/wp\/v2\/media?parent=493"}],"curies":[{"name":"wp","href":"https:\/\/api.w.org\/{rel}","templated":true}]}}