{"id":499,"date":"2022-01-05T16:00:53","date_gmt":"2022-01-05T16:00:53","guid":{"rendered":"https:\/\/cubipod.ohla-group.com\/caracteristiques\/remonte-y-rebase\/"},"modified":"2022-03-14T15:08:34","modified_gmt":"2022-03-14T15:08:34","slug":"run-up-et-franchissement","status":"publish","type":"page","link":"https:\/\/www.cubipod.com\/fr\/cubipod\/caracteristiques\/run-up-et-franchissement\/","title":{"rendered":"Run-up et franchissement"},"content":{"rendered":"\n<p>La porosit\u00e9 de la carapace principale et la g\u00e9om\u00e9trie de la pi\u00e8ce de protection ont une importance d\u00e9cisive sur le run-up et le franchissement d\u2019une digue \u00e0 talus. Cubipod offre des carapaces principales homog\u00e8nes dont la porosit\u00e9 reste constante tout au long de la vie utile de la structure. Outre cet aspect, sa porosit\u00e9 \u00e9lev\u00e9e fait que les carapaces des Cubipod pr\u00e9sentent de faibles taux de run-up, qui sont semblables \u00e0 ceux des pi\u00e8ces&nbsp;<em>bulky<\/em>, r\u00e9duisant ainsi l\u2019action des forces sur les murs de couronnement.<\/p>\n\n\n\n<p>Les faibles d\u00e9bits de franchissement permettent au Cubipod de r\u00e9duire significativement la cote de la cr\u00eate de la digue, ce qui entraine une baisse du co\u00fbt associ\u00e9 \u00e0 la carapace principale et au mur de couronnement. De plus, cela entraine une r\u00e9duction directe sur l\u2019impact visuel de la zone o\u00f9 est construite la digue.<\/p>\n\n\n\n<div class=\"wp-block-columns are-vertically-aligned-center is-layout-flex wp-container-core-columns-is-layout-9d6595d7 wp-block-columns-is-layout-flex\">\n<div class=\"wp-block-column is-vertically-aligned-center is-layout-flow wp-block-column-is-layout-flow\">\n<div class=\"wp-block-image\"><figure class=\"alignright size-full\"><img fetchpriority=\"high\" decoding=\"async\" width=\"327\" height=\"245\" src=\"https:\/\/www.cubipod.com\/wp-content\/uploads\/sites\/5\/2022\/03\/123-Remonte_327x245.jpeg\" alt=\"\" class=\"wp-image-1502\" srcset=\"https:\/\/www.cubipod.com\/wp-content\/uploads\/sites\/5\/2022\/03\/123-Remonte_327x245.jpeg 327w, https:\/\/www.cubipod.com\/wp-content\/uploads\/sites\/5\/2022\/03\/123-Remonte_327x245-300x225.jpeg 300w, https:\/\/www.cubipod.com\/wp-content\/uploads\/sites\/5\/2022\/03\/123-Remonte_327x245-120x90.jpeg 120w\" sizes=\"(max-width: 327px) 100vw, 327px\" \/><\/figure><\/div>\n<\/div>\n\n\n\n<div class=\"wp-block-column is-vertically-aligned-center is-layout-flow wp-block-column-is-layout-flow\">\n<div class=\"wp-block-image\"><figure class=\"alignleft size-full\"><img decoding=\"async\" width=\"327\" height=\"245\" src=\"https:\/\/www.cubipod.com\/wp-content\/uploads\/sites\/5\/2022\/01\/123-Rebase_327x245.jpeg\" alt=\"\" class=\"wp-image-49\" srcset=\"https:\/\/www.cubipod.com\/wp-content\/uploads\/sites\/5\/2022\/01\/123-Rebase_327x245.jpeg 327w, https:\/\/www.cubipod.com\/wp-content\/uploads\/sites\/5\/2022\/01\/123-Rebase_327x245-300x225.jpeg 300w, https:\/\/www.cubipod.com\/wp-content\/uploads\/sites\/5\/2022\/01\/123-Rebase_327x245-120x90.jpeg 120w\" sizes=\"(max-width: 327px) 100vw, 327px\" \/><\/figure><\/div>\n\n\n\n<p><\/p>\n<\/div>\n<\/div>\n","protected":false},"excerpt":{"rendered":"<p>La porosit\u00e9 de la carapace principale et la g\u00e9om\u00e9trie de la pi\u00e8ce de protection ont une importance d\u00e9cisive sur le run-up et le franchissement d\u2019une digue \u00e0 talus. Cubipod offre des carapaces principales homog\u00e8nes dont la porosit\u00e9 reste constante tout [&hellip;]<\/p>\n","protected":false},"author":21,"featured_media":0,"parent":480,"menu_order":3,"comment_status":"closed","ping_status":"closed","template":"","meta":{"_acf_changed":false,"footnotes":"","_links_to":"","_links_to_target":""},"class_list":["post-499","page","type-page","status-publish","hentry"],"acf":[],"_links":{"self":[{"href":"https:\/\/www.cubipod.com\/fr\/wp-json\/wp\/v2\/pages\/499","targetHints":{"allow":["GET"]}}],"collection":[{"href":"https:\/\/www.cubipod.com\/fr\/wp-json\/wp\/v2\/pages"}],"about":[{"href":"https:\/\/www.cubipod.com\/fr\/wp-json\/wp\/v2\/types\/page"}],"author":[{"embeddable":true,"href":"https:\/\/www.cubipod.com\/fr\/wp-json\/wp\/v2\/users\/21"}],"replies":[{"embeddable":true,"href":"https:\/\/www.cubipod.com\/fr\/wp-json\/wp\/v2\/comments?post=499"}],"version-history":[{"count":12,"href":"https:\/\/www.cubipod.com\/fr\/wp-json\/wp\/v2\/pages\/499\/revisions"}],"predecessor-version":[{"id":1506,"href":"https:\/\/www.cubipod.com\/fr\/wp-json\/wp\/v2\/pages\/499\/revisions\/1506"}],"up":[{"embeddable":true,"href":"https:\/\/www.cubipod.com\/fr\/wp-json\/wp\/v2\/pages\/480"}],"wp:attachment":[{"href":"https:\/\/www.cubipod.com\/fr\/wp-json\/wp\/v2\/media?parent=499"}],"curies":[{"name":"wp","href":"https:\/\/api.w.org\/{rel}","templated":true}]}}