{"id":503,"date":"2022-01-05T16:02:59","date_gmt":"2022-01-05T16:02:59","guid":{"rendered":"https:\/\/cubipod.ohla-group.com\/caracteristiques\/porosidad-manto\/"},"modified":"2022-01-08T16:35:05","modified_gmt":"2022-01-08T16:35:05","slug":"porosite-de-la-carapace","status":"publish","type":"page","link":"https:\/\/www.cubipod.com\/fr\/cubipod\/caracteristiques\/porosite-de-la-carapace\/","title":{"rendered":"Porosit\u00e9 de la carapace"},"content":{"rendered":"\n<p>L\u2019utilisation de Cubipod rend la porosit\u00e9 des carapaces principales homog\u00e8ne. Cette porosit\u00e9 demeure invariable tout au long de la vie utile de la structure et ce, gr\u00e2ce aux protub\u00e9rances tronco-coniques de ses faces. En effet, elles ne permettent pas aux pi\u00e8ces de s\u2019enrocher face contre face comme cela est le cas avec les autres \u00e9l\u00e9ments de protection cubiques.<\/p>\n\n\n\n<p>Cubipod poss\u00e8de une capacit\u00e9 d\u2019imbrication automatique : il s\u2019adapte aux tassements du terrain et r\u00e9siste aux mouvements produits par les s\u00e9ismes, tout en veillant \u00e0 ce que la porosit\u00e9 de la carapace reste homog\u00e8ne et que les pi\u00e8ces ne se cassent pas.<\/p>\n\n\n\n<div class=\"wp-block-columns is-layout-flex wp-container-core-columns-is-layout-9d6595d7 wp-block-columns-is-layout-flex\">\n<div class=\"wp-block-column is-layout-flow wp-block-column-is-layout-flow\">\n<figure class=\"wp-block-image size-large\"><img fetchpriority=\"high\" decoding=\"async\" width=\"317\" height=\"185\" src=\"https:\/\/www.cubipod.com\/wp-content\/uploads\/sites\/5\/2022\/01\/124-POROSIDAD-DEL-MANTO-1_317x185.jpeg\" alt=\"\" class=\"wp-image-52\" srcset=\"https:\/\/www.cubipod.com\/wp-content\/uploads\/sites\/5\/2022\/01\/124-POROSIDAD-DEL-MANTO-1_317x185.jpeg 317w, https:\/\/www.cubipod.com\/wp-content\/uploads\/sites\/5\/2022\/01\/124-POROSIDAD-DEL-MANTO-1_317x185-300x175.jpeg 300w, https:\/\/www.cubipod.com\/wp-content\/uploads\/sites\/5\/2022\/01\/124-POROSIDAD-DEL-MANTO-1_317x185-120x70.jpeg 120w\" sizes=\"(max-width: 317px) 100vw, 317px\" \/><\/figure>\n<\/div>\n\n\n\n<div class=\"wp-block-column is-layout-flow wp-block-column-is-layout-flow\">\n<figure class=\"wp-block-image size-large\"><img decoding=\"async\" width=\"325\" height=\"187\" src=\"https:\/\/www.cubipod.com\/wp-content\/uploads\/sites\/5\/2022\/01\/124-POROSIDAD-DEL-MANTO-2_325x187.jpeg\" alt=\"\" class=\"wp-image-53\" srcset=\"https:\/\/www.cubipod.com\/wp-content\/uploads\/sites\/5\/2022\/01\/124-POROSIDAD-DEL-MANTO-2_325x187.jpeg 325w, https:\/\/www.cubipod.com\/wp-content\/uploads\/sites\/5\/2022\/01\/124-POROSIDAD-DEL-MANTO-2_325x187-300x173.jpeg 300w, https:\/\/www.cubipod.com\/wp-content\/uploads\/sites\/5\/2022\/01\/124-POROSIDAD-DEL-MANTO-2_325x187-120x69.jpeg 120w\" sizes=\"(max-width: 325px) 100vw, 325px\" \/><\/figure>\n<\/div>\n<\/div>\n","protected":false},"excerpt":{"rendered":"<p>L\u2019utilisation de Cubipod rend la porosit\u00e9 des carapaces principales homog\u00e8ne. Cette porosit\u00e9 demeure invariable tout au long de la vie utile de la structure et ce, gr\u00e2ce aux protub\u00e9rances tronco-coniques de ses faces. En effet, elles ne permettent pas aux [&hellip;]<\/p>\n","protected":false},"author":21,"featured_media":0,"parent":480,"menu_order":4,"comment_status":"closed","ping_status":"closed","template":"","meta":{"_acf_changed":false,"footnotes":"","_links_to":"","_links_to_target":""},"class_list":["post-503","page","type-page","status-publish","hentry"],"acf":[],"_links":{"self":[{"href":"https:\/\/www.cubipod.com\/fr\/wp-json\/wp\/v2\/pages\/503","targetHints":{"allow":["GET"]}}],"collection":[{"href":"https:\/\/www.cubipod.com\/fr\/wp-json\/wp\/v2\/pages"}],"about":[{"href":"https:\/\/www.cubipod.com\/fr\/wp-json\/wp\/v2\/types\/page"}],"author":[{"embeddable":true,"href":"https:\/\/www.cubipod.com\/fr\/wp-json\/wp\/v2\/users\/21"}],"replies":[{"embeddable":true,"href":"https:\/\/www.cubipod.com\/fr\/wp-json\/wp\/v2\/comments?post=503"}],"version-history":[{"count":1,"href":"https:\/\/www.cubipod.com\/fr\/wp-json\/wp\/v2\/pages\/503\/revisions"}],"predecessor-version":[{"id":505,"href":"https:\/\/www.cubipod.com\/fr\/wp-json\/wp\/v2\/pages\/503\/revisions\/505"}],"up":[{"embeddable":true,"href":"https:\/\/www.cubipod.com\/fr\/wp-json\/wp\/v2\/pages\/480"}],"wp:attachment":[{"href":"https:\/\/www.cubipod.com\/fr\/wp-json\/wp\/v2\/media?parent=503"}],"curies":[{"name":"wp","href":"https:\/\/api.w.org\/{rel}","templated":true}]}}