{"id":508,"date":"2022-01-05T16:10:18","date_gmt":"2022-01-05T16:10:18","guid":{"rendered":"https:\/\/cubipod.ohla-group.com\/caracteristiques\/facilidad-constructiva\/"},"modified":"2022-01-08T16:42:40","modified_gmt":"2022-01-08T16:42:40","slug":"facilite-de-construction","status":"publish","type":"page","link":"https:\/\/www.cubipod.com\/fr\/cubipod\/caracteristiques\/facilite-de-construction\/","title":{"rendered":"Facilit\u00e9 de construction"},"content":{"rendered":"\n<p>Cubipod offre une grande facilit\u00e9 de construction:<\/p>\n\n\n\n<figure class=\"wp-block-table\"><table><tbody><tr><td><code><img decoding=\"async\" width=\"226\" height=\"195\" src=\"https:\/\/www.cubipod.com\/wp-content\/uploads\/sites\/5\/2022\/01\/Facilidad-Constructiva-Fabricacion_226x195_226x195_226x195.jpeg\" alt=\"Facilidad Constructiva Fabricacion\"><\/code><\/td><td><strong>Fabrication:\u00a0<\/strong>l\u2019utilisation de moules verticaux signifie moins d\u2019espace n\u00e9cessaire et de meilleurs rendements compar\u00e9 \u00e0 des \u00e9l\u00e9ments utilisant des moules \u00e0 ouverture lat\u00e9rale.<\/td><\/tr><tr><td><img decoding=\"async\" width=\"226\" height=\"216\" src=\"https:\/\/www.cubipod.com\/wp-content\/uploads\/sites\/5\/2022\/01\/Facilidad-Constructiva-Manipulacion_226x216_226x216_226x216.jpeg\" alt=\"Facilidad Constructiva Manipulacion\"><\/td><td><strong>Manipulation:\u00a0<\/strong>l\u2019utilisation de pinces de levage garantit la s\u00e9curit\u00e9, la rapidit\u00e9 et l\u2019efficacit\u00e9 des mouvements.<\/td><\/tr><tr><td><img fetchpriority=\"high\" decoding=\"async\" width=\"226\" height=\"231\" src=\"https:\/\/www.cubipod.com\/wp-content\/uploads\/sites\/5\/2022\/01\/Facilidad-Constructiva-Acopio_226x231_226x231_226x231.jpeg\" alt=\"Facilidad Constructiva Acopio\"><\/td><td><strong>Stockage:\u00a0<\/strong>le stockage est possible de mani\u00e8re compacte dans des zones \u00e0 blocs empil\u00e9s sur diff\u00e9rents niveaux afin de minimiser l\u2019espace n\u00e9cessaire et le nombre de mouvements.<\/td><\/tr><tr><td><img loading=\"lazy\" decoding=\"async\" width=\"226\" height=\"235\" src=\"https:\/\/www.cubipod.com\/wp-content\/uploads\/sites\/5\/2022\/01\/Facilidad-Constructiva-Colocacion_226x235_226x235_226x235.jpeg\" alt=\"Facilidad Constructiva Colocacion\"><\/td><td><strong>Colocaci\u00f3n.<\/strong>\u00a0es totalmente aleatoria. Las piezas no requieren ninguna posici\u00f3n relativa con respecto a las que le rodean. El rendimiento de colocaci\u00f3n es mayor que en el resto de piezas monocapa y no es necesario el empleo de buzos.<\/td><\/tr><tr><td><img loading=\"lazy\" decoding=\"async\" width=\"226\" height=\"222\" src=\"https:\/\/www.cubipod.com\/wp-content\/uploads\/sites\/5\/2022\/01\/Facilidad-Constructiva-Calidad-de-filtros_226x222_226x222_226x222.jpeg\" alt=\"Facilidad Constructiva Calidad De Filtros\"><\/td><td><strong>Qualit\u00e9 des filtres<\/strong>: contrairement aux \u00e9l\u00e9ments\u00a0<em>bulky<\/em>, une finition de haute qualit\u00e9 n\u2019est pas n\u00e9cessaire pour les couches inf\u00e9rieures \u00e9tant donn\u00e9 que Cubipod s\u2019adapte aux irr\u00e9gularit\u00e9s de ces sous-couches.<\/td><\/tr><\/tbody><\/table><\/figure>\n","protected":false},"excerpt":{"rendered":"<p>Cubipod offre une grande facilit\u00e9 de construction: Fabrication:\u00a0l\u2019utilisation de moules verticaux signifie moins d\u2019espace n\u00e9cessaire et de meilleurs rendements compar\u00e9 \u00e0 des \u00e9l\u00e9ments utilisant des moules \u00e0 ouverture lat\u00e9rale. Manipulation:\u00a0l\u2019utilisation de pinces de levage garantit la s\u00e9curit\u00e9, la rapidit\u00e9 et [&hellip;]<\/p>\n","protected":false},"author":21,"featured_media":0,"parent":480,"menu_order":5,"comment_status":"closed","ping_status":"closed","template":"","meta":{"_acf_changed":false,"footnotes":"","_links_to":"","_links_to_target":""},"class_list":["post-508","page","type-page","status-publish","hentry"],"acf":[],"_links":{"self":[{"href":"https:\/\/www.cubipod.com\/fr\/wp-json\/wp\/v2\/pages\/508","targetHints":{"allow":["GET"]}}],"collection":[{"href":"https:\/\/www.cubipod.com\/fr\/wp-json\/wp\/v2\/pages"}],"about":[{"href":"https:\/\/www.cubipod.com\/fr\/wp-json\/wp\/v2\/types\/page"}],"author":[{"embeddable":true,"href":"https:\/\/www.cubipod.com\/fr\/wp-json\/wp\/v2\/users\/21"}],"replies":[{"embeddable":true,"href":"https:\/\/www.cubipod.com\/fr\/wp-json\/wp\/v2\/comments?post=508"}],"version-history":[{"count":1,"href":"https:\/\/www.cubipod.com\/fr\/wp-json\/wp\/v2\/pages\/508\/revisions"}],"predecessor-version":[{"id":512,"href":"https:\/\/www.cubipod.com\/fr\/wp-json\/wp\/v2\/pages\/508\/revisions\/512"}],"up":[{"embeddable":true,"href":"https:\/\/www.cubipod.com\/fr\/wp-json\/wp\/v2\/pages\/480"}],"wp:attachment":[{"href":"https:\/\/www.cubipod.com\/fr\/wp-json\/wp\/v2\/media?parent=508"}],"curies":[{"name":"wp","href":"https:\/\/api.w.org\/{rel}","templated":true}]}}