{"id":514,"date":"2022-01-05T16:12:54","date_gmt":"2022-01-05T16:12:54","guid":{"rendered":"https:\/\/cubipod.ohla-group.com\/caracteristiques\/economia\/"},"modified":"2022-01-08T16:45:32","modified_gmt":"2022-01-08T16:45:32","slug":"economie","status":"publish","type":"page","link":"https:\/\/www.cubipod.com\/fr\/cubipod\/caracteristiques\/economie\/","title":{"rendered":"\u00c9conomie"},"content":{"rendered":"\n<div class=\"wp-block-columns is-layout-flex wp-container-core-columns-is-layout-9d6595d7 wp-block-columns-is-layout-flex\">\n<div class=\"wp-block-column is-layout-flow wp-block-column-is-layout-flow\" style=\"flex-basis:33.33%\">\n<figure class=\"wp-block-image size-large\"><img decoding=\"async\" width=\"223\" height=\"217\" src=\"https:\/\/www.cubipod.com\/wp-content\/uploads\/sites\/5\/2022\/01\/1-2-6-economia_223x217.jpeg\" alt=\"\" class=\"wp-image-63\" srcset=\"https:\/\/www.cubipod.com\/wp-content\/uploads\/sites\/5\/2022\/01\/1-2-6-economia_223x217.jpeg 223w, https:\/\/www.cubipod.com\/wp-content\/uploads\/sites\/5\/2022\/01\/1-2-6-economia_223x217-120x117.jpeg 120w\" sizes=\"(max-width: 223px) 100vw, 223px\" \/><\/figure>\n<\/div>\n\n\n\n<div class=\"wp-block-column is-layout-flow wp-block-column-is-layout-flow\" style=\"flex-basis:66.66%\">\n<p>Utiliser Cubipod est synonyme de gain consid\u00e9rable dans le d\u00e9veloppement du projet pour les raisons suivantes:<\/p>\n\n\n\n<ul class=\"wp-block-list\"><li>Faible consommation de b\u00e9ton due \u00e0 ses coefficients de stabilit\u00e9 \u00e9lev\u00e9s.<\/li><li>Zones de fabrication et de stockage compactes, ce qui r\u00e9duit au maximum le besoin d\u2019espace gr\u00e2ce \u00e0 l\u2019utilisation de moules verticaux et d\u2019entreposage sur 5 niveaux.<\/li><li>Haut rendement de fabrication, d\u2019entreposage et de pose, ce qui se traduit par une r\u00e9duction des d\u00e9lais de construction.<\/li><li>Personnel peu nombreux, ayant un bas niveau de qualification pour les t\u00e2ches de fabrication, d\u2019entreposage et de pose en raison de la standardisation des processus et de l\u2019utilisation des pinces de levage.<\/li><li>Aucun type de maintenance n\u2019est n\u00e9cessaire puisque la porosit\u00e9 de la carapace reste constante tout au long de la vie utile de la digue et il n\u2019existe aucun risque de rupture de pi\u00e8ces.<\/li><li>Aucune finition de qualit\u00e9 des couches-filtre aussi exigeante que dans le cas des pi\u00e8ces&nbsp;<em>bulky&nbsp;<\/em>n\u2019est n\u00e9cessaire.<\/li><\/ul>\n<\/div>\n<\/div>\n","protected":false},"excerpt":{"rendered":"<p>Utiliser Cubipod est synonyme de gain consid\u00e9rable dans le d\u00e9veloppement du projet pour les raisons suivantes: Faible consommation de b\u00e9ton due \u00e0 ses coefficients de stabilit\u00e9 \u00e9lev\u00e9s. Zones de fabrication et de stockage compactes, ce qui r\u00e9duit au maximum le [&hellip;]<\/p>\n","protected":false},"author":21,"featured_media":0,"parent":480,"menu_order":6,"comment_status":"closed","ping_status":"closed","template":"","meta":{"_acf_changed":false,"footnotes":"","_links_to":"","_links_to_target":""},"class_list":["post-514","page","type-page","status-publish","hentry"],"acf":[],"_links":{"self":[{"href":"https:\/\/www.cubipod.com\/fr\/wp-json\/wp\/v2\/pages\/514","targetHints":{"allow":["GET"]}}],"collection":[{"href":"https:\/\/www.cubipod.com\/fr\/wp-json\/wp\/v2\/pages"}],"about":[{"href":"https:\/\/www.cubipod.com\/fr\/wp-json\/wp\/v2\/types\/page"}],"author":[{"embeddable":true,"href":"https:\/\/www.cubipod.com\/fr\/wp-json\/wp\/v2\/users\/21"}],"replies":[{"embeddable":true,"href":"https:\/\/www.cubipod.com\/fr\/wp-json\/wp\/v2\/comments?post=514"}],"version-history":[{"count":1,"href":"https:\/\/www.cubipod.com\/fr\/wp-json\/wp\/v2\/pages\/514\/revisions"}],"predecessor-version":[{"id":516,"href":"https:\/\/www.cubipod.com\/fr\/wp-json\/wp\/v2\/pages\/514\/revisions\/516"}],"up":[{"embeddable":true,"href":"https:\/\/www.cubipod.com\/fr\/wp-json\/wp\/v2\/pages\/480"}],"wp:attachment":[{"href":"https:\/\/www.cubipod.com\/fr\/wp-json\/wp\/v2\/media?parent=514"}],"curies":[{"name":"wp","href":"https:\/\/api.w.org\/{rel}","templated":true}]}}