{"id":518,"date":"2022-01-05T16:14:49","date_gmt":"2022-01-05T16:14:49","guid":{"rendered":"https:\/\/cubipod.ohla-group.com\/caracteristiques\/sostenibilidad\/"},"modified":"2022-01-08T16:47:46","modified_gmt":"2022-01-08T16:47:46","slug":"durabilite","status":"publish","type":"page","link":"https:\/\/www.cubipod.com\/fr\/cubipod\/caracteristiques\/durabilite\/","title":{"rendered":"Durabilit\u00e9"},"content":{"rendered":"\n<p>Cubipod est un \u00e9l\u00e9ment durable utilis\u00e9 pour la construction de carapaces principales de digues \u00e0 talus en raison de sa faible consommation de b\u00e9ton et d\u2019acier pour les moules (moins grand nombre de moules n\u00e9cessaires). Ceci se traduit par une r\u00e9duction de la consommation de ciment, d\u2019agr\u00e9gats, d\u2019\u00e9nergie et de transport, ce qui permet une importante \u00e9conomie d\u2019empreinte \u00e9cologique, \u00e9nerg\u00e9tique et de carbone.<\/p>\n\n\n\n<p>Les espaces entre pi\u00e8ces favorisent l\u2019apparition et le d\u00e9veloppement de la vie marine. En raison du faible franchissement de Cubipod, il est possible de r\u00e9duire la cote de la cr\u00eate des digues, ce qui minimise aussi l\u2019impact visuel de la structure.<\/p>\n\n\n\n<figure class=\"wp-block-embed is-type-video is-provider-youtube wp-block-embed-youtube wp-embed-aspect-16-9 wp-has-aspect-ratio\"><div class=\"wp-block-embed__wrapper\">\n<iframe title=\"Inspecci\u00f3n acuativa Contradique de la Esfinge\" width=\"640\" height=\"360\" src=\"https:\/\/www.youtube.com\/embed\/63Tdl-cC5Y8?feature=oembed\" frameborder=\"0\" allow=\"accelerometer; autoplay; clipboard-write; encrypted-media; gyroscope; picture-in-picture; web-share\" referrerpolicy=\"strict-origin-when-cross-origin\" allowfullscreen><\/iframe>\n<\/div><\/figure>\n","protected":false},"excerpt":{"rendered":"<p>Cubipod est un \u00e9l\u00e9ment durable utilis\u00e9 pour la construction de carapaces principales de digues \u00e0 talus en raison de sa faible consommation de b\u00e9ton et d\u2019acier pour les moules (moins grand nombre de moules n\u00e9cessaires). Ceci se traduit par une [&hellip;]<\/p>\n","protected":false},"author":21,"featured_media":0,"parent":480,"menu_order":7,"comment_status":"closed","ping_status":"closed","template":"","meta":{"_acf_changed":false,"footnotes":"","_links_to":"","_links_to_target":""},"class_list":["post-518","page","type-page","status-publish","hentry"],"acf":[],"_links":{"self":[{"href":"https:\/\/www.cubipod.com\/fr\/wp-json\/wp\/v2\/pages\/518","targetHints":{"allow":["GET"]}}],"collection":[{"href":"https:\/\/www.cubipod.com\/fr\/wp-json\/wp\/v2\/pages"}],"about":[{"href":"https:\/\/www.cubipod.com\/fr\/wp-json\/wp\/v2\/types\/page"}],"author":[{"embeddable":true,"href":"https:\/\/www.cubipod.com\/fr\/wp-json\/wp\/v2\/users\/21"}],"replies":[{"embeddable":true,"href":"https:\/\/www.cubipod.com\/fr\/wp-json\/wp\/v2\/comments?post=518"}],"version-history":[{"count":1,"href":"https:\/\/www.cubipod.com\/fr\/wp-json\/wp\/v2\/pages\/518\/revisions"}],"predecessor-version":[{"id":520,"href":"https:\/\/www.cubipod.com\/fr\/wp-json\/wp\/v2\/pages\/518\/revisions\/520"}],"up":[{"embeddable":true,"href":"https:\/\/www.cubipod.com\/fr\/wp-json\/wp\/v2\/pages\/480"}],"wp:attachment":[{"href":"https:\/\/www.cubipod.com\/fr\/wp-json\/wp\/v2\/media?parent=518"}],"curies":[{"name":"wp","href":"https:\/\/api.w.org\/{rel}","templated":true}]}}