{"id":534,"date":"2022-01-05T16:34:15","date_gmt":"2022-01-05T16:34:15","guid":{"rendered":"https:\/\/cubipod.ohla-group.com\/essais-de-laboratoire\/estabilidad-hidraulica\/"},"modified":"2022-04-04T14:49:21","modified_gmt":"2022-04-04T14:49:21","slug":"stabilite-hydraulique","status":"publish","type":"page","link":"https:\/\/www.cubipod.com\/fr\/cubipod\/essais-de-laboratoire\/stabilite-hydraulique\/","title":{"rendered":"Stabilit\u00e9 hydraulique"},"content":{"rendered":"\n<p>La stabilit\u00e9 hydraulique du Cubipod a \u00e9t\u00e9 test\u00e9e dans de nombreux laboratoires europ\u00e9ens d\u2019essais hydrauliques d\u2019ing\u00e9nierie portuaire tels que :<\/p>\n\n\n\n<p>Universit\u00e9s<\/p>\n\n\n\n<ul class=\"wp-block-list\"><li><p>Laboratoire des ports et c\u00f4tes de l\u2019Universit\u00e9 Polytechnique de Valence (Espagne).<\/p><\/li><li><p>Laboratoire de l\u2019Universit\u00e9 d\u2019Aalborg (Danemark).<\/p><\/li><li><p>Laboratoire des ports de la l\u2019Universit\u00e9 Polytechnique de Madrid (Espagne).<\/p><\/li><li><p>Laboratoire des ports et c\u00f4tes de l\u2019Universit\u00e9 de La Corogne (Espagne).<\/p><\/li><li><p>Institut d\u2019hydraulique environnementale de l\u2019Universit\u00e9 de Cantabrie (Espagne).<\/p><\/li><\/ul>\n\n\n\n<p>Centres de recherche publics:<\/p>\n\n\n\n<ul class=\"wp-block-list\"><li><p>CEDEX : Centre d\u2019\u00e9tudes et d\u2019exp\u00e9rimentation des travaux publics (Espagne).<\/p><\/li><\/ul>\n\n\n\n<p>Centres de recherche priv\u00e9s:<\/p>\n\n\n\n<ul class=\"wp-block-list\"><li><p>Institut d\u2019hydrodynamique appliqu\u00e9e (INHA) : essais de stabilit\u00e9 hydraulique des carapaces monocouche et bicouche de Cubipod.<\/p><\/li><li><p>Institut d\u2019hydrodynamique appliqu\u00e9e (INHA).<\/p><\/li><\/ul>\n\n\n\n<div class=\"wp-block-columns is-layout-flex wp-container-core-columns-is-layout-9d6595d7 wp-block-columns-is-layout-flex\">\n<div class=\"wp-block-column is-layout-flow wp-block-column-is-layout-flow\">\n<figure class=\"wp-block-embed is-type-video is-provider-youtube wp-block-embed-youtube wp-embed-aspect-4-3 wp-has-aspect-ratio\"><div class=\"wp-block-embed__wrapper\">\n<iframe title=\"Ensayo Estabilidad Hidraulica Morro Pleamar\" width=\"640\" height=\"480\" src=\"https:\/\/www.youtube.com\/embed\/QqONdieYabg?feature=oembed\" frameborder=\"0\" allow=\"accelerometer; autoplay; clipboard-write; encrypted-media; gyroscope; picture-in-picture; web-share\" referrerpolicy=\"strict-origin-when-cross-origin\" allowfullscreen><\/iframe>\n<\/div><figcaption>Ensayo estabilidad hidr\u00e1ulica Tp=18s Hs=6.5m<\/figcaption><\/figure>\n<\/div>\n\n\n\n<div class=\"wp-block-column is-layout-flow wp-block-column-is-layout-flow\">\n<figure class=\"wp-block-embed is-type-video is-provider-youtube wp-block-embed-youtube wp-embed-aspect-4-3 wp-has-aspect-ratio\"><div class=\"wp-block-embed__wrapper\">\n<iframe title=\"Ensayo Estabilidad Hidraulica  Quiebro Pleamar\" width=\"640\" height=\"480\" src=\"https:\/\/www.youtube.com\/embed\/3X9Au3ymNqc?feature=oembed\" frameborder=\"0\" allow=\"accelerometer; autoplay; clipboard-write; encrypted-media; gyroscope; picture-in-picture; web-share\" referrerpolicy=\"strict-origin-when-cross-origin\" allowfullscreen><\/iframe>\n<\/div><figcaption>Ensayo estabilidad hidr\u00e1ulica Tp=18s Hs=9.5m<br><\/figcaption><\/figure>\n\n\n\n<p><\/p>\n<\/div>\n<\/div>\n\n\n\n<div class=\"wp-block-columns is-layout-flex wp-container-core-columns-is-layout-9d6595d7 wp-block-columns-is-layout-flex\">\n<div class=\"wp-block-column is-layout-flow wp-block-column-is-layout-flow\">\n<figure class=\"wp-block-embed is-type-video is-provider-youtube wp-block-embed-youtube wp-embed-aspect-4-3 wp-has-aspect-ratio\"><div class=\"wp-block-embed__wrapper\">\n<iframe title=\"Ensayo de rebase manto bicapa\" width=\"640\" height=\"480\" src=\"https:\/\/www.youtube.com\/embed\/rY0j4n88YW8?feature=oembed\" frameborder=\"0\" allow=\"accelerometer; autoplay; clipboard-write; encrypted-media; gyroscope; picture-in-picture; web-share\" referrerpolicy=\"strict-origin-when-cross-origin\" allowfullscreen><\/iframe>\n<\/div><figcaption>Ensayo de rebase manto monocapa<\/figcaption><\/figure>\n<\/div>\n\n\n\n<div class=\"wp-block-column is-layout-flow wp-block-column-is-layout-flow\">\n<figure class=\"wp-block-embed is-type-video is-provider-youtube wp-block-embed-youtube wp-embed-aspect-4-3 wp-has-aspect-ratio\"><div class=\"wp-block-embed__wrapper\">\n<iframe title=\"Ensayo de rebase monocapa\" width=\"640\" height=\"480\" src=\"https:\/\/www.youtube.com\/embed\/t7WBz-ibKes?feature=oembed\" frameborder=\"0\" allow=\"accelerometer; autoplay; clipboard-write; encrypted-media; gyroscope; picture-in-picture; web-share\" referrerpolicy=\"strict-origin-when-cross-origin\" allowfullscreen><\/iframe>\n<\/div><figcaption>Ensayo de rebase manto bicapa<br><\/figcaption><\/figure>\n\n\n\n<p><\/p>\n<\/div>\n<\/div>\n","protected":false},"excerpt":{"rendered":"<p>La stabilit\u00e9 hydraulique du Cubipod a \u00e9t\u00e9 test\u00e9e dans de nombreux laboratoires europ\u00e9ens d\u2019essais hydrauliques d\u2019ing\u00e9nierie portuaire tels que : Universit\u00e9s Laboratoire des ports et c\u00f4tes de l\u2019Universit\u00e9 Polytechnique de Valence (Espagne). Laboratoire de l\u2019Universit\u00e9 d\u2019Aalborg (Danemark). Laboratoire des ports [&hellip;]<\/p>\n","protected":false},"author":21,"featured_media":0,"parent":522,"menu_order":2,"comment_status":"closed","ping_status":"closed","template":"","meta":{"_acf_changed":false,"footnotes":"","_links_to":"","_links_to_target":""},"class_list":["post-534","page","type-page","status-publish","hentry"],"acf":[],"_links":{"self":[{"href":"https:\/\/www.cubipod.com\/fr\/wp-json\/wp\/v2\/pages\/534","targetHints":{"allow":["GET"]}}],"collection":[{"href":"https:\/\/www.cubipod.com\/fr\/wp-json\/wp\/v2\/pages"}],"about":[{"href":"https:\/\/www.cubipod.com\/fr\/wp-json\/wp\/v2\/types\/page"}],"author":[{"embeddable":true,"href":"https:\/\/www.cubipod.com\/fr\/wp-json\/wp\/v2\/users\/21"}],"replies":[{"embeddable":true,"href":"https:\/\/www.cubipod.com\/fr\/wp-json\/wp\/v2\/comments?post=534"}],"version-history":[{"count":2,"href":"https:\/\/www.cubipod.com\/fr\/wp-json\/wp\/v2\/pages\/534\/revisions"}],"predecessor-version":[{"id":1579,"href":"https:\/\/www.cubipod.com\/fr\/wp-json\/wp\/v2\/pages\/534\/revisions\/1579"}],"up":[{"embeddable":true,"href":"https:\/\/www.cubipod.com\/fr\/wp-json\/wp\/v2\/pages\/522"}],"wp:attachment":[{"href":"https:\/\/www.cubipod.com\/fr\/wp-json\/wp\/v2\/media?parent=534"}],"curies":[{"name":"wp","href":"https:\/\/api.w.org\/{rel}","templated":true}]}}