{"id":540,"date":"2022-01-05T16:37:46","date_gmt":"2022-01-05T16:37:46","guid":{"rendered":"https:\/\/cubipod.ohla-group.com\/essais-de-laboratoire\/colocacion-realista-3d\/"},"modified":"2022-01-08T17:08:23","modified_gmt":"2022-01-08T17:08:23","slug":"placement-realiste-3d","status":"publish","type":"page","link":"https:\/\/www.cubipod.com\/fr\/cubipod\/essais-de-laboratoire\/placement-realiste-3d\/","title":{"rendered":"Placement r\u00e9aliste 3D"},"content":{"rendered":"\n<p>Certaines \u00e9tudes and essais de placement r\u00e9aliste 3D ont \u00e9t\u00e9 fait selon des mod\u00e8les, clamps de pression et grues \u00e0 \u00e9chelle r\u00e9duite, selon laquelle ont \u00e9t\u00e9 plac\u00e9s les pi\u00e8ces de une \u00e0 une comme en une digue r\u00e9el. En ces essais ont \u00e9t\u00e9 d\u00e9velopp\u00e9es les mailles de placement du Cubipod \u00e0 employer en diff\u00e9rents talus et secteurs des digues en talus pour garantir une porosit\u00e9 homog\u00e8ne du cape. \u00a0<\/p>\n\n\n\n<div class=\"wp-block-image\"><figure class=\"aligncenter size-large\"><img fetchpriority=\"high\" decoding=\"async\" width=\"500\" height=\"190\" src=\"https:\/\/www.cubipod.com\/wp-content\/uploads\/sites\/5\/2022\/01\/malla-colocacion-comparacion_500x190.png\" alt=\"\" class=\"wp-image-87\" srcset=\"https:\/\/www.cubipod.com\/wp-content\/uploads\/sites\/5\/2022\/01\/malla-colocacion-comparacion_500x190.png 500w, https:\/\/www.cubipod.com\/wp-content\/uploads\/sites\/5\/2022\/01\/malla-colocacion-comparacion_500x190-300x114.png 300w, https:\/\/www.cubipod.com\/wp-content\/uploads\/sites\/5\/2022\/01\/malla-colocacion-comparacion_500x190-120x46.png 120w\" sizes=\"(max-width: 500px) 100vw, 500px\" \/><\/figure><\/div>\n\n\n\n<div class=\"wp-block-image\"><figure class=\"aligncenter size-large\"><img decoding=\"async\" width=\"497\" height=\"320\" src=\"https:\/\/www.cubipod.com\/wp-content\/uploads\/sites\/5\/2022\/01\/colocacion-escala-2_497x320.png\" alt=\"\" class=\"wp-image-88\" srcset=\"https:\/\/www.cubipod.com\/wp-content\/uploads\/sites\/5\/2022\/01\/colocacion-escala-2_497x320.png 497w, https:\/\/www.cubipod.com\/wp-content\/uploads\/sites\/5\/2022\/01\/colocacion-escala-2_497x320-300x193.png 300w, https:\/\/www.cubipod.com\/wp-content\/uploads\/sites\/5\/2022\/01\/colocacion-escala-2_497x320-120x77.png 120w\" sizes=\"(max-width: 497px) 100vw, 497px\" \/><\/figure><\/div>\n\n\n\n<figure class=\"wp-block-embed aligncenter is-type-video is-provider-youtube wp-block-embed-youtube wp-embed-aspect-16-9 wp-has-aspect-ratio\"><div class=\"wp-block-embed__wrapper\">\n<iframe title=\"Colocaci\u00f3n realista 3D\" width=\"640\" height=\"360\" src=\"https:\/\/www.youtube.com\/embed\/l8FT-r0lF6E?feature=oembed\" frameborder=\"0\" allow=\"accelerometer; autoplay; clipboard-write; encrypted-media; gyroscope; picture-in-picture; web-share\" referrerpolicy=\"strict-origin-when-cross-origin\" allowfullscreen><\/iframe>\n<\/div><\/figure>\n\n\n\n<p><\/p>\n","protected":false},"excerpt":{"rendered":"<p>Certaines \u00e9tudes and essais de placement r\u00e9aliste 3D ont \u00e9t\u00e9 fait selon des mod\u00e8les, clamps de pression et grues \u00e0 \u00e9chelle r\u00e9duite, selon laquelle ont \u00e9t\u00e9 plac\u00e9s les pi\u00e8ces de une \u00e0 une comme en une digue r\u00e9el. En ces [&hellip;]<\/p>\n","protected":false},"author":21,"featured_media":0,"parent":522,"menu_order":3,"comment_status":"closed","ping_status":"closed","template":"","meta":{"_acf_changed":false,"footnotes":"","_links_to":"","_links_to_target":""},"class_list":["post-540","page","type-page","status-publish","hentry"],"acf":[],"_links":{"self":[{"href":"https:\/\/www.cubipod.com\/fr\/wp-json\/wp\/v2\/pages\/540","targetHints":{"allow":["GET"]}}],"collection":[{"href":"https:\/\/www.cubipod.com\/fr\/wp-json\/wp\/v2\/pages"}],"about":[{"href":"https:\/\/www.cubipod.com\/fr\/wp-json\/wp\/v2\/types\/page"}],"author":[{"embeddable":true,"href":"https:\/\/www.cubipod.com\/fr\/wp-json\/wp\/v2\/users\/21"}],"replies":[{"embeddable":true,"href":"https:\/\/www.cubipod.com\/fr\/wp-json\/wp\/v2\/comments?post=540"}],"version-history":[{"count":1,"href":"https:\/\/www.cubipod.com\/fr\/wp-json\/wp\/v2\/pages\/540\/revisions"}],"predecessor-version":[{"id":542,"href":"https:\/\/www.cubipod.com\/fr\/wp-json\/wp\/v2\/pages\/540\/revisions\/542"}],"up":[{"embeddable":true,"href":"https:\/\/www.cubipod.com\/fr\/wp-json\/wp\/v2\/pages\/522"}],"wp:attachment":[{"href":"https:\/\/www.cubipod.com\/fr\/wp-json\/wp\/v2\/media?parent=540"}],"curies":[{"name":"wp","href":"https:\/\/api.w.org\/{rel}","templated":true}]}}