{"id":545,"date":"2022-01-05T16:42:03","date_gmt":"2022-01-05T16:42:03","guid":{"rendered":"https:\/\/cubipod.ohla-group.com\/reconocimientos\/"},"modified":"2022-01-19T09:29:46","modified_gmt":"2022-01-19T09:29:46","slug":"recompenses","status":"publish","type":"page","link":"https:\/\/www.cubipod.com\/fr\/cubipod\/recompenses\/","title":{"rendered":"R\u00e9compenses"},"content":{"rendered":"\n<figure class=\"wp-block-table is-style-regular\"><table><tbody><tr><td><img decoding=\"async\" width=\"166\" height=\"163\" src=\"https:\/\/www.cubipod.com\/wp-content\/uploads\/sites\/5\/2022\/01\/medalla-ginebra_170x166.jpeg\" alt=\"Medalla Ginebra\"><\/td><td>M\u00e9daille d\u2019or avec mention d\u2019honneur et prix \u00e0 la meilleure invention espagnoled\u00e9cern\u00e9s lors <br>de la 39<sup>\u00e8me<\/sup>\u00a0\u00e9dition du Salon international des inventions de Gen\u00e8ve.\u00a0<\/td><\/tr><tr><td><img decoding=\"async\" width=\"168\" height=\"112\" src=\"https:\/\/www.cubipod.com\/wp-content\/uploads\/sites\/5\/2022\/01\/cpi-malaga_168x112.jpeg\" alt=\"CPI MALAGA\"><\/td><td>Prix national d\u2019innovation en 2011, dans la cat\u00e9gorie d\u2019achat public innovateur, \u00e0 la premi\u00e8re application r\u00e9elle sur chantier de Cubipod, dans le port de Malaga.<\/td><\/tr><tr><td><img decoding=\"async\" width=\"167\" height=\"115\" src=\"https:\/\/www.cubipod.com\/wp-content\/uploads\/sites\/5\/2022\/01\/garcia-cabrerizo_167x115.jpeg\" alt=\"Garcia Cabrerizo\">\n                <\/td><td>Prix \u00e0 la meilleure invention espagnole de l\u2019Office espagnol des brevets et marques Garcia-Cabrerizo (2011).<\/td><\/tr><\/tbody><\/table><\/figure>\n","protected":false},"excerpt":{"rendered":"<p>M\u00e9daille d\u2019or avec mention d\u2019honneur et prix \u00e0 la meilleure invention espagnoled\u00e9cern\u00e9s lors de la 39\u00e8me\u00a0\u00e9dition du Salon international des inventions de Gen\u00e8ve.\u00a0 Prix national d\u2019innovation en 2011, dans la cat\u00e9gorie d\u2019achat public innovateur, \u00e0 la premi\u00e8re application r\u00e9elle sur [&hellip;]<\/p>\n","protected":false},"author":21,"featured_media":401,"parent":471,"menu_order":4,"comment_status":"closed","ping_status":"closed","template":"","meta":{"_acf_changed":false,"footnotes":"","_links_to":"","_links_to_target":""},"class_list":["post-545","page","type-page","status-publish","has-post-thumbnail","hentry"],"acf":[],"_links":{"self":[{"href":"https:\/\/www.cubipod.com\/fr\/wp-json\/wp\/v2\/pages\/545","targetHints":{"allow":["GET"]}}],"collection":[{"href":"https:\/\/www.cubipod.com\/fr\/wp-json\/wp\/v2\/pages"}],"about":[{"href":"https:\/\/www.cubipod.com\/fr\/wp-json\/wp\/v2\/types\/page"}],"author":[{"embeddable":true,"href":"https:\/\/www.cubipod.com\/fr\/wp-json\/wp\/v2\/users\/21"}],"replies":[{"embeddable":true,"href":"https:\/\/www.cubipod.com\/fr\/wp-json\/wp\/v2\/comments?post=545"}],"version-history":[{"count":3,"href":"https:\/\/www.cubipod.com\/fr\/wp-json\/wp\/v2\/pages\/545\/revisions"}],"predecessor-version":[{"id":993,"href":"https:\/\/www.cubipod.com\/fr\/wp-json\/wp\/v2\/pages\/545\/revisions\/993"}],"up":[{"embeddable":true,"href":"https:\/\/www.cubipod.com\/fr\/wp-json\/wp\/v2\/pages\/471"}],"wp:featuredmedia":[{"embeddable":true,"href":"https:\/\/www.cubipod.com\/fr\/wp-json\/wp\/v2\/media\/401"}],"wp:attachment":[{"href":"https:\/\/www.cubipod.com\/fr\/wp-json\/wp\/v2\/media?parent=545"}],"curies":[{"name":"wp","href":"https:\/\/api.w.org\/{rel}","templated":true}]}}