{"id":555,"date":"2022-01-05T17:07:10","date_gmt":"2022-01-05T17:07:10","guid":{"rendered":"https:\/\/cubipod.ohla-group.com\/services\/quienes-somos\/"},"modified":"2022-01-19T10:59:41","modified_gmt":"2022-01-19T10:59:41","slug":"qui-sommes-nous","status":"publish","type":"page","link":"https:\/\/www.cubipod.com\/fr\/services\/qui-sommes-nous\/","title":{"rendered":"Qui sommes-nous"},"content":{"rendered":"\n<div class=\"wp-block-image\"><figure class=\"alignleft size-medium is-resized\"><img fetchpriority=\"high\" decoding=\"async\" src=\"https:\/\/www.cubipod.com\/wp-content\/uploads\/sites\/5\/2022\/01\/21-Quienes-somos-1-300x276.jpeg\" alt=\"\" class=\"wp-image-804\" width=\"317\" height=\"291\" srcset=\"https:\/\/www.cubipod.com\/wp-content\/uploads\/sites\/5\/2022\/01\/21-Quienes-somos-1-300x276.jpeg 300w, https:\/\/www.cubipod.com\/wp-content\/uploads\/sites\/5\/2022\/01\/21-Quienes-somos-1-1024x941.jpeg 1024w, https:\/\/www.cubipod.com\/wp-content\/uploads\/sites\/5\/2022\/01\/21-Quienes-somos-1-768x706.jpeg 768w, https:\/\/www.cubipod.com\/wp-content\/uploads\/sites\/5\/2022\/01\/21-Quienes-somos-1-120x110.jpeg 120w, https:\/\/www.cubipod.com\/wp-content\/uploads\/sites\/5\/2022\/01\/21-Quienes-somos-1.jpeg 1416w\" sizes=\"(max-width: 317px) 100vw, 317px\" \/><\/figure><\/div>\n\n\n\n<p>SATO (Sociedad An\u00f3nima Trabajos y Obras) est une entreprise de r\u00e9f\u00e9rence en Espagne dans la mise en \u0153uvre d\u2019ouvrages maritimes depuis 1927, avec une trajectoire couronn\u00e9e de succ\u00e8s et une croissance ces derni\u00e8res ann\u00e9es en tant que d\u00e9veloppeur et fournisseur de technologie associ\u00e9e aux activit\u00e9s de construction. L\u2019entreprise est une filiale d\u2019OHLA, groupe de concessions et de construction de plus de 100 ans d\u2019histoire et elle est pr\u00e9sente dans plus de 30 pays des 5 continents.<\/p>\n\n\n\n<p>SATO est depuis 2007, le seul d\u00e9tenteur de licence pour le brevet international Cubipod \u00e0 travers l\u2019Universit\u00e9 Polytechnique de Valencia (UPV), institution avec laquelle il a depuis constitu\u00e9 une alliance strat\u00e9gique pour le d\u00e9veloppement et l\u2019implantation de cette technologie. L\u2019entreprise est aussi titulaire du brevet international pour les moules utilis\u00e9s pour leur construction, ainsi que de l\u2019ensemble des marques associ\u00e9es.<\/p>\n\n\n\n<p>Cubipod est le fruit de l\u2019excellence en mati\u00e8re de recherche de l\u2019UPV et de l\u2019exp\u00e9rience de SATO et d\u2019OHLA dans la construction de plus de 30 km de digues de carapace, 30 km de quais et 20 millions de m<sup>3<\/sup>\u00a0de b\u00e9ton pour caissons, blocs et superstructures de ports<\/p>\n","protected":false},"excerpt":{"rendered":"<p>SATO (Sociedad An\u00f3nima Trabajos y Obras) est une entreprise de r\u00e9f\u00e9rence en Espagne dans la mise en \u0153uvre d\u2019ouvrages maritimes depuis 1927, avec une trajectoire couronn\u00e9e de succ\u00e8s et une croissance ces derni\u00e8res ann\u00e9es en tant que d\u00e9veloppeur et fournisseur [&hellip;]<\/p>\n","protected":false},"author":21,"featured_media":0,"parent":551,"menu_order":1,"comment_status":"closed","ping_status":"closed","template":"","meta":{"_acf_changed":false,"footnotes":"","_links_to":"","_links_to_target":""},"class_list":["post-555","page","type-page","status-publish","hentry"],"acf":[],"_links":{"self":[{"href":"https:\/\/www.cubipod.com\/fr\/wp-json\/wp\/v2\/pages\/555","targetHints":{"allow":["GET"]}}],"collection":[{"href":"https:\/\/www.cubipod.com\/fr\/wp-json\/wp\/v2\/pages"}],"about":[{"href":"https:\/\/www.cubipod.com\/fr\/wp-json\/wp\/v2\/types\/page"}],"author":[{"embeddable":true,"href":"https:\/\/www.cubipod.com\/fr\/wp-json\/wp\/v2\/users\/21"}],"replies":[{"embeddable":true,"href":"https:\/\/www.cubipod.com\/fr\/wp-json\/wp\/v2\/comments?post=555"}],"version-history":[{"count":3,"href":"https:\/\/www.cubipod.com\/fr\/wp-json\/wp\/v2\/pages\/555\/revisions"}],"predecessor-version":[{"id":1013,"href":"https:\/\/www.cubipod.com\/fr\/wp-json\/wp\/v2\/pages\/555\/revisions\/1013"}],"up":[{"embeddable":true,"href":"https:\/\/www.cubipod.com\/fr\/wp-json\/wp\/v2\/pages\/551"}],"wp:attachment":[{"href":"https:\/\/www.cubipod.com\/fr\/wp-json\/wp\/v2\/media?parent=555"}],"curies":[{"name":"wp","href":"https:\/\/api.w.org\/{rel}","templated":true}]}}