{"id":563,"date":"2022-01-05T17:13:05","date_gmt":"2022-01-05T17:13:05","guid":{"rendered":"https:\/\/cubipod.ohla-group.com\/services\/assistance-tecnique\/pre-diseno\/"},"modified":"2022-01-08T17:43:28","modified_gmt":"2022-01-08T17:43:28","slug":"pre-conception","status":"publish","type":"page","link":"https:\/\/www.cubipod.com\/fr\/services\/assistance-tecnique\/pre-conception\/","title":{"rendered":"Pr\u00e9-Conception"},"content":{"rendered":"\n<p>L\u2019assistance technique de SATO d\u00e9bute d\u00e8s les premi\u00e8res phases d\u2019un projet, par une collaboration portant sur des questions relatives \u00e0 l\u2019\u00e9laboration d\u2019alternatives et au d\u00e9veloppement de la solution Cubipod propos\u00e9e, en vue d\u2019unir les efforts pour optimiser un projet d\u00e9termin\u00e9 dans la mesure du possible.<\/p>\n","protected":false},"excerpt":{"rendered":"<p>L\u2019assistance technique de SATO d\u00e9bute d\u00e8s les premi\u00e8res phases d\u2019un projet, par une collaboration portant sur des questions relatives \u00e0 l\u2019\u00e9laboration d\u2019alternatives et au d\u00e9veloppement de la solution Cubipod propos\u00e9e, en vue d\u2019unir les efforts pour optimiser un projet d\u00e9termin\u00e9 [&hellip;]<\/p>\n","protected":false},"author":21,"featured_media":110,"parent":559,"menu_order":1,"comment_status":"closed","ping_status":"closed","template":"","meta":{"_acf_changed":false,"footnotes":"","_links_to":"","_links_to_target":""},"class_list":["post-563","page","type-page","status-publish","has-post-thumbnail","hentry"],"acf":[],"_links":{"self":[{"href":"https:\/\/www.cubipod.com\/fr\/wp-json\/wp\/v2\/pages\/563","targetHints":{"allow":["GET"]}}],"collection":[{"href":"https:\/\/www.cubipod.com\/fr\/wp-json\/wp\/v2\/pages"}],"about":[{"href":"https:\/\/www.cubipod.com\/fr\/wp-json\/wp\/v2\/types\/page"}],"author":[{"embeddable":true,"href":"https:\/\/www.cubipod.com\/fr\/wp-json\/wp\/v2\/users\/21"}],"replies":[{"embeddable":true,"href":"https:\/\/www.cubipod.com\/fr\/wp-json\/wp\/v2\/comments?post=563"}],"version-history":[{"count":2,"href":"https:\/\/www.cubipod.com\/fr\/wp-json\/wp\/v2\/pages\/563\/revisions"}],"predecessor-version":[{"id":566,"href":"https:\/\/www.cubipod.com\/fr\/wp-json\/wp\/v2\/pages\/563\/revisions\/566"}],"up":[{"embeddable":true,"href":"https:\/\/www.cubipod.com\/fr\/wp-json\/wp\/v2\/pages\/559"}],"wp:featuredmedia":[{"embeddable":true,"href":"https:\/\/www.cubipod.com\/fr\/wp-json\/wp\/v2\/media\/110"}],"wp:attachment":[{"href":"https:\/\/www.cubipod.com\/fr\/wp-json\/wp\/v2\/media?parent=563"}],"curies":[{"name":"wp","href":"https:\/\/api.w.org\/{rel}","templated":true}]}}