{"id":568,"date":"2022-01-05T17:14:20","date_gmt":"2022-01-05T17:14:20","guid":{"rendered":"https:\/\/cubipod.ohla-group.com\/services\/assistance-tecnique\/asistencia-a-ensayos\/"},"modified":"2022-01-08T17:48:44","modified_gmt":"2022-01-08T17:48:44","slug":"assistance-lors-des-essais","status":"publish","type":"page","link":"https:\/\/www.cubipod.com\/fr\/services\/assistance-tecnique\/assistance-lors-des-essais\/","title":{"rendered":"Assistance Lors Des Essais"},"content":{"rendered":"\n<p>Dans la plupart des projets de travaux maritimes, il est n\u00e9cessaire de r\u00e9aliser des essais en laboratoire \u00e0 \u00e9chelle pour confirmer ou optimiser les solutions propos\u00e9es. L\u2019\u00e9quipe technique de SATO offre une assistance en mati\u00e8re de pr\u00e9paration, d\u2019\u00e9laboration et d\u2019analyse des essais \u00e0 \u00e9chelle r\u00e9duite utilisant Cubipod comme leur carapace principale. Pour ce faire, elle b\u00e9n\u00e9ficie d\u2019\u00e9troites relations avec divers laboratoires sp\u00e9cialis\u00e9s dans ce type d\u2019essais.<\/p>\n","protected":false},"excerpt":{"rendered":"<p>Dans la plupart des projets de travaux maritimes, il est n\u00e9cessaire de r\u00e9aliser des essais en laboratoire \u00e0 \u00e9chelle pour confirmer ou optimiser les solutions propos\u00e9es. L\u2019\u00e9quipe technique de SATO offre une assistance en mati\u00e8re de pr\u00e9paration, d\u2019\u00e9laboration et d\u2019analyse [&hellip;]<\/p>\n","protected":false},"author":21,"featured_media":113,"parent":559,"menu_order":2,"comment_status":"closed","ping_status":"closed","template":"","meta":{"_acf_changed":false,"footnotes":"","_links_to":"","_links_to_target":""},"class_list":["post-568","page","type-page","status-publish","has-post-thumbnail","hentry"],"acf":[],"_links":{"self":[{"href":"https:\/\/www.cubipod.com\/fr\/wp-json\/wp\/v2\/pages\/568","targetHints":{"allow":["GET"]}}],"collection":[{"href":"https:\/\/www.cubipod.com\/fr\/wp-json\/wp\/v2\/pages"}],"about":[{"href":"https:\/\/www.cubipod.com\/fr\/wp-json\/wp\/v2\/types\/page"}],"author":[{"embeddable":true,"href":"https:\/\/www.cubipod.com\/fr\/wp-json\/wp\/v2\/users\/21"}],"replies":[{"embeddable":true,"href":"https:\/\/www.cubipod.com\/fr\/wp-json\/wp\/v2\/comments?post=568"}],"version-history":[{"count":1,"href":"https:\/\/www.cubipod.com\/fr\/wp-json\/wp\/v2\/pages\/568\/revisions"}],"predecessor-version":[{"id":570,"href":"https:\/\/www.cubipod.com\/fr\/wp-json\/wp\/v2\/pages\/568\/revisions\/570"}],"up":[{"embeddable":true,"href":"https:\/\/www.cubipod.com\/fr\/wp-json\/wp\/v2\/pages\/559"}],"wp:featuredmedia":[{"embeddable":true,"href":"https:\/\/www.cubipod.com\/fr\/wp-json\/wp\/v2\/media\/113"}],"wp:attachment":[{"href":"https:\/\/www.cubipod.com\/fr\/wp-json\/wp\/v2\/media?parent=568"}],"curies":[{"name":"wp","href":"https:\/\/api.w.org\/{rel}","templated":true}]}}