{"id":572,"date":"2022-01-05T17:16:36","date_gmt":"2022-01-05T17:16:36","guid":{"rendered":"https:\/\/cubipod.ohla-group.com\/services\/assistance-tecnique\/planificacion-obra\/"},"modified":"2022-01-18T15:58:35","modified_gmt":"2022-01-18T15:58:35","slug":"planification-des-travaux","status":"publish","type":"page","link":"https:\/\/www.cubipod.com\/fr\/services\/assistance-tecnique\/planification-des-travaux\/","title":{"rendered":"Planification des Travaux"},"content":{"rendered":"\n<div class=\"wp-block-columns is-layout-flex wp-container-core-columns-is-layout-9d6595d7 wp-block-columns-is-layout-flex\">\n<div class=\"wp-block-column is-layout-flow wp-block-column-is-layout-flow\">\n<figure class=\"wp-block-image size-large\"><img fetchpriority=\"high\" decoding=\"async\" width=\"744\" height=\"444\" src=\"https:\/\/www.cubipod.com\/wp-content\/uploads\/sites\/5\/2022\/01\/4-3-acopio-5.jpeg\" alt=\"\" class=\"wp-image-431\" srcset=\"https:\/\/www.cubipod.com\/wp-content\/uploads\/sites\/5\/2022\/01\/4-3-acopio-5.jpeg 744w, https:\/\/www.cubipod.com\/wp-content\/uploads\/sites\/5\/2022\/01\/4-3-acopio-5-300x179.jpeg 300w, https:\/\/www.cubipod.com\/wp-content\/uploads\/sites\/5\/2022\/01\/4-3-acopio-5-120x72.jpeg 120w\" sizes=\"(max-width: 744px) 100vw, 744px\" \/><\/figure>\n<\/div>\n\n\n\n<div class=\"wp-block-column is-layout-flow wp-block-column-is-layout-flow\">\n<figure class=\"wp-block-image size-large\"><img decoding=\"async\" width=\"744\" height=\"444\" src=\"https:\/\/www.cubipod.com\/wp-content\/uploads\/sites\/5\/2022\/01\/4-3-acopio-4.jpeg\" alt=\"\" class=\"wp-image-430\" srcset=\"https:\/\/www.cubipod.com\/wp-content\/uploads\/sites\/5\/2022\/01\/4-3-acopio-4.jpeg 744w, https:\/\/www.cubipod.com\/wp-content\/uploads\/sites\/5\/2022\/01\/4-3-acopio-4-300x179.jpeg 300w, https:\/\/www.cubipod.com\/wp-content\/uploads\/sites\/5\/2022\/01\/4-3-acopio-4-120x72.jpeg 120w\" sizes=\"(max-width: 744px) 100vw, 744px\" \/><\/figure>\n<\/div>\n<\/div>\n\n\n\n<p>Quel que soit le projet de construction, la planification pr\u00e9alable est un aspect fondamental d\u2019un chantier. Avant son d\u00e9marrage, l\u2019\u00e9quipe technique de SATO prodigue des conseils \u00e0 l\u2019\u00e9quipe du chantier sur les proc\u00e9d\u00e9s de fabrication, le stockage et la pose des Cubipod. La collaboration se fait au niveau de la conception de la production des blocs et de la zone de stockage, des m\u00e9thodes de manipulation et le transport, ainsi que de la d\u00e9finition du b\u00e9ton \u00e0 employer au cours de la fabrication.<\/p>\n\n\n\n<p>SATO pr\u00e9pare aussi \u00e0 l\u2019\u00e9laboration des plans des moules et des pinces de manipulation des Cubipod, ainsi que les maillages de pose de ceux-ci sur le talus.<\/p>\n","protected":false},"excerpt":{"rendered":"<p>Quel que soit le projet de construction, la planification pr\u00e9alable est un aspect fondamental d\u2019un chantier. Avant son d\u00e9marrage, l\u2019\u00e9quipe technique de SATO prodigue des conseils \u00e0 l\u2019\u00e9quipe du chantier sur les proc\u00e9d\u00e9s de fabrication, le stockage et la pose [&hellip;]<\/p>\n","protected":false},"author":21,"featured_media":0,"parent":559,"menu_order":3,"comment_status":"closed","ping_status":"closed","template":"","meta":{"_acf_changed":false,"footnotes":"","_links_to":"","_links_to_target":""},"class_list":["post-572","page","type-page","status-publish","hentry"],"acf":[],"_links":{"self":[{"href":"https:\/\/www.cubipod.com\/fr\/wp-json\/wp\/v2\/pages\/572","targetHints":{"allow":["GET"]}}],"collection":[{"href":"https:\/\/www.cubipod.com\/fr\/wp-json\/wp\/v2\/pages"}],"about":[{"href":"https:\/\/www.cubipod.com\/fr\/wp-json\/wp\/v2\/types\/page"}],"author":[{"embeddable":true,"href":"https:\/\/www.cubipod.com\/fr\/wp-json\/wp\/v2\/users\/21"}],"replies":[{"embeddable":true,"href":"https:\/\/www.cubipod.com\/fr\/wp-json\/wp\/v2\/comments?post=572"}],"version-history":[{"count":3,"href":"https:\/\/www.cubipod.com\/fr\/wp-json\/wp\/v2\/pages\/572\/revisions"}],"predecessor-version":[{"id":955,"href":"https:\/\/www.cubipod.com\/fr\/wp-json\/wp\/v2\/pages\/572\/revisions\/955"}],"up":[{"embeddable":true,"href":"https:\/\/www.cubipod.com\/fr\/wp-json\/wp\/v2\/pages\/559"}],"wp:attachment":[{"href":"https:\/\/www.cubipod.com\/fr\/wp-json\/wp\/v2\/media?parent=572"}],"curies":[{"name":"wp","href":"https:\/\/api.w.org\/{rel}","templated":true}]}}