{"id":576,"date":"2022-01-05T17:18:39","date_gmt":"2022-01-05T17:18:39","guid":{"rendered":"https:\/\/cubipod.ohla-group.com\/services\/assistance-tecnique\/construccion\/"},"modified":"2022-01-08T17:56:13","modified_gmt":"2022-01-08T17:56:13","slug":"construction","status":"publish","type":"page","link":"https:\/\/www.cubipod.com\/fr\/services\/assistance-tecnique\/construction\/","title":{"rendered":"Construction"},"content":{"rendered":"\n<p>Lors de la construction d\u2019une digue de Cubipod, l\u2019\u00e9quipe technique de SATO offre son aide sur le chantier pour tout ce qui fait r\u00e9f\u00e9rence \u00e0 la fabrication, au stockage et \u00e0 la pose de ceux-ci. Des visites p\u00e9riodiques sur les sites par des techniciens de SATO sont d\u2019ailleurs pr\u00e9vues ainsi qu\u2019une communication directe avec eux pour r\u00e9soudre tout type de doute survenant pendant la construction.<\/p>\n","protected":false},"excerpt":{"rendered":"<p>Lors de la construction d\u2019une digue de Cubipod, l\u2019\u00e9quipe technique de SATO offre son aide sur le chantier pour tout ce qui fait r\u00e9f\u00e9rence \u00e0 la fabrication, au stockage et \u00e0 la pose de ceux-ci. Des visites p\u00e9riodiques sur les [&hellip;]<\/p>\n","protected":false},"author":21,"featured_media":122,"parent":559,"menu_order":4,"comment_status":"closed","ping_status":"closed","template":"","meta":{"_acf_changed":false,"footnotes":"","_links_to":"","_links_to_target":""},"class_list":["post-576","page","type-page","status-publish","has-post-thumbnail","hentry"],"acf":[],"_links":{"self":[{"href":"https:\/\/www.cubipod.com\/fr\/wp-json\/wp\/v2\/pages\/576","targetHints":{"allow":["GET"]}}],"collection":[{"href":"https:\/\/www.cubipod.com\/fr\/wp-json\/wp\/v2\/pages"}],"about":[{"href":"https:\/\/www.cubipod.com\/fr\/wp-json\/wp\/v2\/types\/page"}],"author":[{"embeddable":true,"href":"https:\/\/www.cubipod.com\/fr\/wp-json\/wp\/v2\/users\/21"}],"replies":[{"embeddable":true,"href":"https:\/\/www.cubipod.com\/fr\/wp-json\/wp\/v2\/comments?post=576"}],"version-history":[{"count":1,"href":"https:\/\/www.cubipod.com\/fr\/wp-json\/wp\/v2\/pages\/576\/revisions"}],"predecessor-version":[{"id":579,"href":"https:\/\/www.cubipod.com\/fr\/wp-json\/wp\/v2\/pages\/576\/revisions\/579"}],"up":[{"embeddable":true,"href":"https:\/\/www.cubipod.com\/fr\/wp-json\/wp\/v2\/pages\/559"}],"wp:featuredmedia":[{"embeddable":true,"href":"https:\/\/www.cubipod.com\/fr\/wp-json\/wp\/v2\/media\/122"}],"wp:attachment":[{"href":"https:\/\/www.cubipod.com\/fr\/wp-json\/wp\/v2\/media?parent=576"}],"curies":[{"name":"wp","href":"https:\/\/api.w.org\/{rel}","templated":true}]}}