{"id":596,"date":"2022-01-05T17:47:33","date_gmt":"2022-01-05T17:47:33","guid":{"rendered":"https:\/\/cubipod.ohla-group.com\/conception\/fuerzas-sobre-el-espaldon\/"},"modified":"2022-01-08T18:17:20","modified_gmt":"2022-01-08T18:17:20","slug":"forces-sur-le-mur-de-couronnement","status":"publish","type":"page","link":"https:\/\/www.cubipod.com\/fr\/conception\/forces-sur-le-mur-de-couronnement\/","title":{"rendered":"Forces sur le Mur de Couronnement"},"content":{"rendered":"\n<p>L\u2019\u00e9quation suivante est utilis\u00e9e lors de la conception du mur de couronnement d\u2019une digue de Cubipod. Elle est obtenue \u00e0 partir d\u2019essais sp\u00e9cifiques de laboratoire men\u00e9s \u00e0 bien pour estimer la force horizontale maximale (<strong>Fh<\/strong>) et la force verticale (sous-pressions) correspondant \u00e0 la houle qui a g\u00e9n\u00e9r\u00e9 la force horizontale maximale(<strong>Fv<\/strong>(<strong>Fh<\/strong>)). Ces actions, bien que s\u00e9par\u00e9es dans le temps, se produisent en m\u00eame temps (pour plus de s\u00e9curit\u00e9).\u00a0<\/p>\n\n\n\n<div class=\"math centrarTexto\" style=\"font-size: 1.3em;\"><em>Fh<\/em> = \u03c1<sub>w<\/sub> * g * h<sub>f<\/sub><sup>2<\/sup> * 0.5 * <span class=\"parentesis\">(<\/span> -1.25 + 1.80 *\n<div class=\"fraction\"><span class=\"fup\"> \u03b3<sub>f<\/sub> * R<sub>u<\/sub> <\/span> <span class=\"bar\"><\/span> <span class=\"fdn\"> R<sub>c<\/sub> <\/span><\/div>\n+ 0.82 * <span class=\"parentesis\">(<\/span>\n<div class=\"fraction\"><span class=\"fup\"> R<sub>c<\/sub> &#8211; A<sub>c<\/sub> <\/span> <span class=\"bar\"><\/span> <span class=\"fdn\"> h<sub>f<\/sub> <\/span><\/div>\n<span class=\"parentesis\">)<\/span> + 0.16 * \u221a <span solid=\"\"> L<sub>01<\/sub> \/ B<sub>a<\/sub> <\/span> <span class=\"parentesis\">)<\/span> <sup>2<\/sup><\/div>\n\n\n\n<div class=\"math centrarTexto\" style=\"font-size: 1.3em;\"><em> F<sub>v<\/sub> (F<sub>h<\/sub>) <\/em> = \u03c1<sub>w<\/sub> * g * h<sub>f<\/sub> * B<sub>e<\/sub> * 0.5 * <span class=\"parentesis\">(<\/span> -0.6 + 0.40 *\n<div class=\"fraction\"><span class=\"fup\"> \u03b3<sub>f<\/sub> * R<sub>u<\/sub> <\/span> <span class=\"bar\"><\/span> <span class=\"fdn\"> R<sub>c<\/sub> <\/span><\/div>\n+ 0.27 * <span class=\"parentesis\">(<\/span>\n<div class=\"fraction\"><span class=\"fup\"> R<sub>c<\/sub> &#8211; A<sub>c<\/sub> <\/span> <span class=\"bar\"><\/span> <span class=\"fdn\"> h<sub>f<\/sub> <\/span><\/div>\n<span class=\"parentesis\">)<\/span> + 0.16 * \u221a <span solid=\"\"> L<sub>01<\/sub> \/ B<sub>a<\/sub> <\/span> &#8211; 1.03 *\n<div class=\"fraction\"><span class=\"fup\"> w<sub>c<\/sub> <\/span> <span class=\"bar\"><\/span> <span class=\"fdn\"> h<sub>f<\/sub> <\/span><\/div>\n<span class=\"parentesis\">)<\/span> <sup>2<\/sup><\/div>\n\n\n\n<div class=\"math centrarTexto\" style=\"font-size: 1.3em;\">2.48H<sub>s<\/sub> &gt; R<sub>u<\/sub> = R<sub>u0.1%<\/sub> = <span class=\"parentesis\">{<\/span>\n<div class=\"fraction\"><span class=\"fup\"> 1.12 H<sub>s<\/sub> \u03be<sub>m<\/sub> &nbsp; &nbsp;&nbsp;&nbsp; &nbsp;&nbsp;&nbsp;\u03be<sub>m<\/sub> &lt;=1.5 <\/span> <span> 1.34 H<sub>s<\/sub> \u03be<sub>m<\/sub><sup>0.55<\/sup>&nbsp;&nbsp; \u03be<sub>m<\/sub> &gt;1.5 <\/span><\/div>\ncon \u03be<sub>m<\/sub> = tan \u03b1 \/ \u221a <span solid=\"\"> H<sub>s<\/sub> \/ L<sub>01<\/sub> <\/span><\/div>\n\n\n\n<p>O\u00f9&nbsp;<strong><em>R<sub>c<\/sub><\/em>&nbsp;<\/strong>est le revanche de la cr\u00eate de la structure,&nbsp;<strong><em>A<sub>c<\/sub><\/em>&nbsp;<\/strong>le franc-bord de la berme sup\u00e9rieure de la carapace,&nbsp;<strong><em>\u03b3<sub>f<\/sub><\/em>&nbsp;<\/strong>est le facteur de rugosit\u00e9 (0,46 pour les Cubipod monocouche et 0,44 pour les Cubipod bicouche),&nbsp;<strong><em>B<sub>a<\/sub><\/em>&nbsp;<\/strong>est la largeur de la berme sup\u00e9rieure,&nbsp;<strong><em>H<sub>s<\/sub><\/em>&nbsp;&nbsp;<\/strong>la hauteur significative de la houle au pied de la digue,&nbsp;<strong><em>tan<\/em><\/strong><strong><em>\u03b1<\/em><\/strong>&nbsp;est la pente du talus,&nbsp;<strong><em>w<sub>c<\/sub><\/em>&nbsp;<\/strong>la cote de la fondation du mur de couronnement,&nbsp;<strong><em>B<sub>e<\/sub><\/em>&nbsp;<\/strong>est la largeur de la base du mur de couronnement,&nbsp;<strong><em>h<sub>f<\/sub><\/em>&nbsp;<\/strong>la hauteur du mur de couronnement,&nbsp;<strong><em>\u03c1<sub>w<\/sub><\/em><\/strong>&nbsp;la densit\u00e9 de l\u2019eau de mer (en kg\/m<sup>3<\/sup>&nbsp;pour N\/m et dimensions en m\u00e8tres),&nbsp;<strong><em>g<\/em>&nbsp;<\/strong>l\u2019acc\u00e9l\u00e9ration de la gravit\u00e9 et&nbsp;<strong>L<\/strong><sub><strong>01<\/strong>&nbsp;<\/sub>= (gT<sub>01<\/sub><sup>2<\/sup>\/2\u03c0)\u00b7tanh (2\u03c0h<sub>s<\/sub>\/L<sub>01<\/sub>)<\/p>\n\n\n\n<p>Les de validit\u00e9 des variables utilis\u00e9es dans les \u00e9quations pr\u00e9c\u00e9dentes son:<\/p>\n\n\n\n<ul class=\"wp-block-list\"><li>0.30 &lt; Y<sub>f<\/sub>(R<sub>u<\/sub>\/R<sub>c<\/sub>) &lt; 0.96,<\/li><li>0.066 &lt; (R<sub>c<\/sub>-A<sub>c<\/sub>)\/hf &lt; 0.589,<\/li><li>0.0127 &lt; w<sub>c<\/sub>&nbsp;\/ h<sub>f<\/sub>&nbsp;&lt; 0.266<\/li><li>3.13 &lt; (L<sub>01<\/sub>\/B<sub>a<\/sub>)<sup>0.5<\/sup>&nbsp;&lt; 6.59<\/li><\/ul>\n\n\n\n<p>Concernant des carapaces pour lesquelles sont utilis\u00e9s des cubes bicouche traditionnels, la carapace du Cubipod r\u00e9duit significativement les forces exerc\u00e9es sur le mur de couronnement, diminuant ainsi le poids de ce dernier pour r\u00e9sister au glissement (probl\u00e8me le plus courant).<\/p>\n\n\n\n<p>O\u00f9&nbsp;<em>R<sub>c<\/sub><\/em>&nbsp;est le revanche de la cr\u00eate de la structure,&nbsp;<em>A<sub>c<\/sub><\/em>&nbsp;le franc-bord de la berme sup\u00e9rieure de la carapace,&nbsp;<em>\u03b3<sub>f<\/sub><\/em>&nbsp;est le facteur de rugosit\u00e9 (0,46 pour les Cubipod monocouche et 0,44 pour les Cubipod bicouche),&nbsp;<em>B<sub>a<\/sub><\/em>&nbsp;est la largeur de la berme sup\u00e9rieure,&nbsp;<em>H<sub>s<\/sub><\/em>&nbsp;&nbsp;la hauteur significative de la houle au pied de la digue,&nbsp;<em>tan<\/em><em>\u03b1<\/em>&nbsp;est la pente du talus,&nbsp;<em>w<sub>c<\/sub><\/em>&nbsp;la cote de la fondation du mur de couronnement,&nbsp;<em>B<sub>e<\/sub><\/em>&nbsp;est la largeur de la base du mur de couronnement,&nbsp;<em>h<sub>f<\/sub><\/em>&nbsp;la hauteur du mur de couronnement,&nbsp;<em>\u03c1<sub>w<\/sub><\/em>&nbsp;la densit\u00e9 de l\u2019eau de mer (en kg\/m<sup>3<\/sup>&nbsp;pour N\/m et dimensions en m\u00e8tres),&nbsp;<em>g<\/em>&nbsp;l\u2019acc\u00e9l\u00e9ration de la gravit\u00e9 et L<sub>01&nbsp;<\/sub>= (gT<sub>01<\/sub><sup>2<\/sup>\/2\u03c0)\u00b7tanh (2\u03c0h<sub>s<\/sub>\/L<sub>01<\/sub>)<\/p>\n\n\n\n<p>Les rangs de validit\u00e9 des variables utilis\u00e9es dans les \u00e9quations pr\u00e9c\u00e9dentes sont :&nbsp;<\/p>\n","protected":false},"excerpt":{"rendered":"<p>L\u2019\u00e9quation suivante est utilis\u00e9e lors de la conception du mur de couronnement d\u2019une digue de Cubipod. Elle est obtenue \u00e0 partir d\u2019essais sp\u00e9cifiques de laboratoire men\u00e9s \u00e0 bien pour estimer la force horizontale maximale (Fh) et la force verticale (sous-pressions) [&hellip;]<\/p>\n","protected":false},"author":21,"featured_media":202,"parent":582,"menu_order":3,"comment_status":"closed","ping_status":"closed","template":"","meta":{"_acf_changed":false,"footnotes":"","_links_to":"","_links_to_target":""},"class_list":["post-596","page","type-page","status-publish","has-post-thumbnail","hentry"],"acf":[],"_links":{"self":[{"href":"https:\/\/www.cubipod.com\/fr\/wp-json\/wp\/v2\/pages\/596","targetHints":{"allow":["GET"]}}],"collection":[{"href":"https:\/\/www.cubipod.com\/fr\/wp-json\/wp\/v2\/pages"}],"about":[{"href":"https:\/\/www.cubipod.com\/fr\/wp-json\/wp\/v2\/types\/page"}],"author":[{"embeddable":true,"href":"https:\/\/www.cubipod.com\/fr\/wp-json\/wp\/v2\/users\/21"}],"replies":[{"embeddable":true,"href":"https:\/\/www.cubipod.com\/fr\/wp-json\/wp\/v2\/comments?post=596"}],"version-history":[{"count":1,"href":"https:\/\/www.cubipod.com\/fr\/wp-json\/wp\/v2\/pages\/596\/revisions"}],"predecessor-version":[{"id":600,"href":"https:\/\/www.cubipod.com\/fr\/wp-json\/wp\/v2\/pages\/596\/revisions\/600"}],"up":[{"embeddable":true,"href":"https:\/\/www.cubipod.com\/fr\/wp-json\/wp\/v2\/pages\/582"}],"wp:featuredmedia":[{"embeddable":true,"href":"https:\/\/www.cubipod.com\/fr\/wp-json\/wp\/v2\/media\/202"}],"wp:attachment":[{"href":"https:\/\/www.cubipod.com\/fr\/wp-json\/wp\/v2\/media?parent=596"}],"curies":[{"name":"wp","href":"https:\/\/api.w.org\/{rel}","templated":true}]}}