{"id":604,"date":"2022-01-08T18:28:22","date_gmt":"2022-01-08T18:28:22","guid":{"rendered":"https:\/\/cubipod.ohla-group.com\/?page_id=604"},"modified":"2022-01-19T18:01:14","modified_gmt":"2022-01-19T18:01:14","slug":"calculatrice-de-cubipod","status":"publish","type":"page","link":"https:\/\/www.cubipod.com\/fr\/conception\/calculatrice-de-cubipod\/","title":{"rendered":"Calculatrice de Cubipod"},"content":{"rendered":"\n<p>Application qui permet d\u2019avoir une orientation de la conception pr\u00e9liminaire de la dimension des pi\u00e8ces de la carapace d\u2019une digue \u00e0 talus. L\u2019objectif est de donner une approximation de la dimension des pi\u00e8ces recommand\u00e9e pour les conditions de conception d\u00e9finies par l\u2019utilisateur.<\/p>\n","protected":false},"excerpt":{"rendered":"<p>Application qui permet d\u2019avoir une orientation de la conception pr\u00e9liminaire de la dimension des pi\u00e8ces de la carapace d\u2019une digue \u00e0 talus. L\u2019objectif est de donner une approximation de la dimension des pi\u00e8ces recommand\u00e9e pour les conditions de conception d\u00e9finies [&hellip;]<\/p>\n","protected":false},"author":21,"featured_media":211,"parent":582,"menu_order":4,"comment_status":"closed","ping_status":"closed","template":"page-calculadora.php","meta":{"_acf_changed":false,"footnotes":"","_links_to":"","_links_to_target":""},"class_list":["post-604","page","type-page","status-publish","has-post-thumbnail","hentry"],"acf":[],"_links":{"self":[{"href":"https:\/\/www.cubipod.com\/fr\/wp-json\/wp\/v2\/pages\/604","targetHints":{"allow":["GET"]}}],"collection":[{"href":"https:\/\/www.cubipod.com\/fr\/wp-json\/wp\/v2\/pages"}],"about":[{"href":"https:\/\/www.cubipod.com\/fr\/wp-json\/wp\/v2\/types\/page"}],"author":[{"embeddable":true,"href":"https:\/\/www.cubipod.com\/fr\/wp-json\/wp\/v2\/users\/21"}],"replies":[{"embeddable":true,"href":"https:\/\/www.cubipod.com\/fr\/wp-json\/wp\/v2\/comments?post=604"}],"version-history":[{"count":1,"href":"https:\/\/www.cubipod.com\/fr\/wp-json\/wp\/v2\/pages\/604\/revisions"}],"predecessor-version":[{"id":605,"href":"https:\/\/www.cubipod.com\/fr\/wp-json\/wp\/v2\/pages\/604\/revisions\/605"}],"up":[{"embeddable":true,"href":"https:\/\/www.cubipod.com\/fr\/wp-json\/wp\/v2\/pages\/582"}],"wp:featuredmedia":[{"embeddable":true,"href":"https:\/\/www.cubipod.com\/fr\/wp-json\/wp\/v2\/media\/211"}],"wp:attachment":[{"href":"https:\/\/www.cubipod.com\/fr\/wp-json\/wp\/v2\/media?parent=604"}],"curies":[{"name":"wp","href":"https:\/\/api.w.org\/{rel}","templated":true}]}}