{"id":611,"date":"2022-01-08T10:30:22","date_gmt":"2022-01-08T10:30:22","guid":{"rendered":"https:\/\/cubipod.ohla-group.com\/accesibilidad\/"},"modified":"2022-01-08T18:34:43","modified_gmt":"2022-01-08T18:34:43","slug":"accessibilite","status":"publish","type":"page","link":"https:\/\/www.cubipod.com\/fr\/accessibilite\/","title":{"rendered":"Accessibilit\u00e9"},"content":{"rendered":"\n<p>El portal de Cubipod est\u00e1 desarrollado sobre un gestor de contenidos que permite la creaci\u00f3n y gesti\u00f3n de sitios web accesibles.<\/p>\n\n\n\n<p>Compatibilidad con est\u00e1ndares<\/p>\n\n\n\n<p>Este sitio web ha sido dise\u00f1ado y programado siguiendo las directrices de la iniciativa WAI (Web Accessibility Initiative,&nbsp;<a href=\"http:\/\/www.w3.org\/wai\" target=\"_blank\" rel=\"noreferrer noopener\">www.w3.org\/wai<\/a>), que marca unos est\u00e1ndares internacionales en la creaci\u00f3n de contenidos webs accesibles a todo el mundo.<\/p>\n\n\n\n<div class=\"wp-block-columns is-layout-flex wp-container-core-columns-is-layout-9d6595d7 wp-block-columns-is-layout-flex\">\n<div class=\"wp-block-column is-layout-flow wp-block-column-is-layout-flow\">\n<figure class=\"wp-block-image size-large\"><img decoding=\"async\" width=\"88\" height=\"31\" src=\"https:\/\/www.cubipod.com\/wp-content\/uploads\/sites\/5\/2022\/01\/w3c_xhtml.gif\" alt=\"\" class=\"wp-image-407\"\/><\/figure>\n<\/div>\n\n\n\n<div class=\"wp-block-column is-layout-flow wp-block-column-is-layout-flow\">\n<figure class=\"wp-block-image size-large\"><img decoding=\"async\" width=\"88\" height=\"31\" src=\"https:\/\/www.cubipod.com\/wp-content\/uploads\/sites\/5\/2022\/01\/w3c_css.gif\" alt=\"\" class=\"wp-image-408\"\/><\/figure>\n<\/div>\n\n\n\n<div class=\"wp-block-column is-layout-flow wp-block-column-is-layout-flow\">\n<figure class=\"wp-block-image size-large\"><img decoding=\"async\" width=\"88\" height=\"31\" src=\"https:\/\/www.cubipod.com\/wp-content\/uploads\/sites\/5\/2022\/01\/w3c_WAI-AA.gif\" alt=\"\" class=\"wp-image-409\"\/><\/figure>\n<\/div>\n\n\n\n<div class=\"wp-block-column is-layout-flow wp-block-column-is-layout-flow\">\n<figure class=\"wp-block-image size-large\"><img loading=\"lazy\" decoding=\"async\" width=\"60\" height=\"31\" src=\"https:\/\/www.cubipod.com\/wp-content\/uploads\/sites\/5\/2022\/01\/taw3_AA.png\" alt=\"\" class=\"wp-image-410\"\/><\/figure>\n<\/div>\n<\/div>\n\n\n\n<p>Pautas de accesibilidad<\/p>\n\n\n\n<p>Se han tomado diversas medidas para hacer el sitio web m\u00e1s accesible, entre ellas:<\/p>\n\n\n\n<ul class=\"wp-block-list\"><li>Orden l\u00f3gico de presentaci\u00f3n de los elementos en pantalla.<\/li><li>Sistema de navegaci\u00f3n simplificado, no se utilizan men\u00fas flotantes.<\/li><li>Texto descriptivo de las im\u00e1genes.<\/li><li>Acceso mediante teclado a las opciones principales.<\/li><\/ul>\n\n\n\n<p>Atajos de teclado<\/p>\n\n\n\n<p>En&nbsp;<strong>www.cubipod.com<\/strong>&nbsp;est\u00e1n disponibles las siguientes teclas de acceso:<\/p>\n\n\n\n<ul class=\"wp-block-list\"><li>Inicio: Alt + I<\/li><li>Imprimir: Alt + P<\/li><li>Mapa Web: Alt + M<\/li><li>Contacto: Alt + C<\/li><\/ul>\n\n\n\n<p>Enlaces<\/p>\n\n\n\n<p>Cuando es posible, los enlaces se escriben de forma que tengan sentido fuera de contexto.<\/p>\n\n\n\n<p>Descargas de aplicaciones y complementos<\/p>\n\n\n\n<p>Para visualizar el contenido en pdf, visite el siguiente sitio&nbsp;<a href=\"http:\/\/www.adobe.com\/products\/acrobat\/readstep2.html?ogn=EN_US-gntray_dl_get_reader\" target=\"_blank\" rel=\"noreferrer noopener\">web<\/a>&nbsp;y proceda con la descarga de Adobe Acrobat 8.0.<\/p>\n\n\n\n<p>Para visualizar el contenido en flash, visite el siguiente&nbsp;<a href=\"http:\/\/www.adobe.com\/shockwave\/download\/download.cgi?P1_Prod_Version=ShockwaveFlash&amp;ogn=EN_US-gntray_dl_getflashplayer\" target=\"_blank\" rel=\"noreferrer noopener\">web site<\/a>&nbsp;y proceda con la descarga de Flash Player 9.0.<\/p>\n\n\n\n<p>Para visualizar el contenido en Media Player, visite el siguiente&nbsp;<a href=\"http:\/\/www.microsoft.com\/windows\/windowsmedia\/player\/plugins.aspx\" target=\"_blank\" rel=\"noreferrer noopener\">web site<\/a>&nbsp;y proceda con la descarga de Windows Media.<\/p>\n\n\n\n<p>Excepciones<\/p>\n\n\n\n<ul class=\"wp-block-list\"><li>PDFs: Los documentos en formato pdf pueden presentar problemas de accesibilidad. SATO se compromete a proporcionar cualquiera de estos documentos en formato accesible a quien lo solicite mediante correo electr\u00f3nico a&nbsp;<a href=\"https:\/\/www.cubipod.com\/info@cubipod.com\">info@cubipod.com<\/a>&nbsp;o mediante una llamada telef\u00f3nica al Servicio de Normativa y Sistemas de Informaci\u00f3n 91 348 43 81. Los documentos en formato pdf accesible estar\u00e1n disponibles en la web en breve.<\/li><\/ul>\n\n\n\n<p>Si encuentra alg\u00fan tipo de dificultad relacionada con problemas de accesibilidad o usabilidad, puede comunicarla a la siguiente direcci\u00f3n de correo electr\u00f3nico&nbsp;<a href=\"https:\/\/www.cubipod.com\/info@cubipod.com\">info@cubipod.com<\/a>&nbsp;y nuestro equipo de mantenimiento web atender\u00e1 su solicitud\/sugerencia a la mayor brevedad posible.<\/p>\n","protected":false},"excerpt":{"rendered":"<p>El portal de Cubipod est\u00e1 desarrollado sobre un gestor de contenidos que permite la creaci\u00f3n y gesti\u00f3n de sitios web accesibles. Compatibilidad con est\u00e1ndares Este sitio web ha sido dise\u00f1ado y programado siguiendo las directrices de la iniciativa WAI (Web [&hellip;]<\/p>\n","protected":false},"author":21,"featured_media":0,"parent":0,"menu_order":0,"comment_status":"closed","ping_status":"closed","template":"","meta":{"_acf_changed":false,"footnotes":"","_links_to":"","_links_to_target":""},"class_list":["post-611","page","type-page","status-publish","hentry"],"acf":[],"_links":{"self":[{"href":"https:\/\/www.cubipod.com\/fr\/wp-json\/wp\/v2\/pages\/611","targetHints":{"allow":["GET"]}}],"collection":[{"href":"https:\/\/www.cubipod.com\/fr\/wp-json\/wp\/v2\/pages"}],"about":[{"href":"https:\/\/www.cubipod.com\/fr\/wp-json\/wp\/v2\/types\/page"}],"author":[{"embeddable":true,"href":"https:\/\/www.cubipod.com\/fr\/wp-json\/wp\/v2\/users\/21"}],"replies":[{"embeddable":true,"href":"https:\/\/www.cubipod.com\/fr\/wp-json\/wp\/v2\/comments?post=611"}],"version-history":[{"count":1,"href":"https:\/\/www.cubipod.com\/fr\/wp-json\/wp\/v2\/pages\/611\/revisions"}],"predecessor-version":[{"id":613,"href":"https:\/\/www.cubipod.com\/fr\/wp-json\/wp\/v2\/pages\/611\/revisions\/613"}],"wp:attachment":[{"href":"https:\/\/www.cubipod.com\/fr\/wp-json\/wp\/v2\/media?parent=611"}],"curies":[{"name":"wp","href":"https:\/\/api.w.org\/{rel}","templated":true}]}}