{"id":615,"date":"2022-01-08T10:31:30","date_gmt":"2022-01-08T10:31:30","guid":{"rendered":"https:\/\/cubipod.ohla-group.com\/politica-de-cookies\/"},"modified":"2022-01-27T16:08:35","modified_gmt":"2022-01-27T16:08:35","slug":"politique-de-cookies","status":"publish","type":"page","link":"https:\/\/www.cubipod.com\/fr\/politique-de-cookies\/","title":{"rendered":"Politique de cookies"},"content":{"rendered":"\n<p class=\"tit4\">Cookies<\/p>\n\n\n\n<p>Con el nombre de \u00ab\u00a0Ley de cookies\u00a0\u00bb es como se conoce al punto tercero del art\u00edculo 4 del Real Decreto-ley 13\/2012, de 30 de marzo que fue publicado en el \u00abBolet\u00edn Oficial del Estado\u00bb el pasado s\u00e1bado 31 de marzo de 2012 y entr\u00f3 en vigor al d\u00eda siguiente. La Ley de cookies, transposici\u00f3n de la Directiva 2009\/136\/CE, del Parlamento Europeo y del Consejo, de 25 de noviembre de 2009, se integra en la LSSI (Ley 34\/2002, de 11 de julio, de servicios de la sociedad de la informaci\u00f3n y de comercio electr\u00f3nico) modificando el punto segundo de su art\u00edculo 22.<\/p>\n\n\n\n<p>Esta Web puede utilizar cookies u otros sistemas invisibles habituales. Una cookie es un fichero que se descarga en su ordenador al acceder a determinadas p\u00e1ginas web. Las cookies permiten a una p\u00e1gina web, entre otras cosas, almacenar y recuperar informaci\u00f3n sobre los h\u00e1bitos de navegaci\u00f3n de un usuario o de su equipo y, dependiendo de la informaci\u00f3n que contengan y de la forma en que utilice su equipo, pueden utilizarse para reconocer al usuario.<\/p>\n\n\n\n<p>Con la navegaci\u00f3n por el Sitio Web, el usuario manifiesta la aceptaci\u00f3n a la recogida y tratamiento de tal informaci\u00f3n.<\/p>\n\n\n\n<p class=\"tit4\">\u00bfQu\u00e9 tipos de cookies utiliza esta p\u00e1gina web?<\/p>\n\n\n\n<p>En concreto, nuestra p\u00e1gina web utiliza Google Analytics, un servicio de anal\u00edtica web desarrollada por Google, que presta un servicio de medici\u00f3n y an\u00e1lisis de la navegaci\u00f3n. Google puede utilizar los datos para mejorar sus servicios y ofrecer servicios a otras empresas. El usuario puede encontrar m\u00e1s informaci\u00f3n al respecto y sobre c\u00f3mo inhabilitar el uso de estas cookies en el siguiente enlace:&nbsp;<a href=\"http:\/\/www.google.es\/intl\/es\/analytics\/privacyoverview.html\" target=\"_blank\" rel=\"noreferrer noopener\">http:\/\/www.google.es\/intl\/es\/analytics\/privacyoverview.html<\/a>&nbsp;La informaci\u00f3n que genera la cookie acerca de su uso del website (incluyendo su direcci\u00f3n IP) ser\u00e1 directamente transmitida y archivada por Google en los servidores de Estados Unidos. Google podr\u00e1 transmitir dicha informaci\u00f3n a terceros cuando as\u00ed se lo requiera la legislaci\u00f3n, o cuando dichos terceros procesen la informaci\u00f3n por cuenta de Google.<\/p>\n\n\n\n<p>Puede rechazar el tratamiento de los datos o la informaci\u00f3n no aceptando el uso de cookies mediante la selecci\u00f3n de la configuraci\u00f3n apropiada de su navegador. Sin embargo, si no acepta la navegaci\u00f3n con cookies la funcionalidad de este website puede verse afectada. Al utilizar este website consiente el tratamiento de informaci\u00f3n acerca de Usted por Google en la forma y para los fines arriba indicados.<\/p>\n\n\n\n<p class=\"tit4\">Revocaci\u00f3n y eliminaci\u00f3n de cookies<\/p>\n\n\n\n<p>En los enlaces que se detallan a continuaci\u00f3n encontrar\u00e1 m\u00e1s informaci\u00f3n sobre qu\u00e9 cookies tiene instaladas, c\u00f3mo permitir su instalaci\u00f3n, bloquearlas o eliminarlas de su equipo, seg\u00fan el navegador que utilice:<\/p>\n\n\n\n<p>Explorer:&nbsp;<a href=\"http:\/\/windows.microsoft.com\/es-es\/windows7\/how-to-manage-cookies-in-internet-explorer-9\" target=\"_blank\" rel=\"noreferrer noopener\">http:\/\/windows.microsoft.com\/es-es\/windows7\/how-to-manage-cookies-in-internet-explorer-9<\/a>&nbsp;<\/p>\n\n\n\n<p>Firefox:&nbsp;<a href=\"http:\/\/support.mozilla.org\/es\/products\/firefox\/cookies\" target=\"_blank\" rel=\"noreferrer noopener\">http:\/\/support.mozilla.org\/es\/products\/firefox\/cookies<\/a>&nbsp;<\/p>\n\n\n\n<p>Chrome:&nbsp;<a href=\"http:\/\/support.google.com\/chrome\/bin\/answer.py?hl=es&amp;answer=95647\" target=\"_blank\" rel=\"noreferrer noopener\">http:\/\/support.google.com\/chrome\/bin\/answer.py?hl=es&amp;answer=95647<\/a>&nbsp;<\/p>\n\n\n\n<p>Safari:&nbsp;<a href=\"http:\/\/support.apple.com\/kb\/ph5042\" target=\"_blank\" rel=\"noreferrer noopener\">http:\/\/support.apple.com\/kb\/ph5042<\/a><\/p>\n","protected":false},"excerpt":{"rendered":"<p>Cookies Con el nombre de \u00ab\u00a0Ley de cookies\u00a0\u00bb es como se conoce al punto tercero del art\u00edculo 4 del Real Decreto-ley 13\/2012, de 30 de marzo que fue publicado en el \u00abBolet\u00edn Oficial del Estado\u00bb el pasado s\u00e1bado 31 de [&hellip;]<\/p>\n","protected":false},"author":21,"featured_media":0,"parent":0,"menu_order":0,"comment_status":"closed","ping_status":"closed","template":"page-full.php","meta":{"_acf_changed":false,"footnotes":"","_links_to":"","_links_to_target":""},"class_list":["post-615","page","type-page","status-publish","hentry"],"acf":[],"_links":{"self":[{"href":"https:\/\/www.cubipod.com\/fr\/wp-json\/wp\/v2\/pages\/615","targetHints":{"allow":["GET"]}}],"collection":[{"href":"https:\/\/www.cubipod.com\/fr\/wp-json\/wp\/v2\/pages"}],"about":[{"href":"https:\/\/www.cubipod.com\/fr\/wp-json\/wp\/v2\/types\/page"}],"author":[{"embeddable":true,"href":"https:\/\/www.cubipod.com\/fr\/wp-json\/wp\/v2\/users\/21"}],"replies":[{"embeddable":true,"href":"https:\/\/www.cubipod.com\/fr\/wp-json\/wp\/v2\/comments?post=615"}],"version-history":[{"count":3,"href":"https:\/\/www.cubipod.com\/fr\/wp-json\/wp\/v2\/pages\/615\/revisions"}],"predecessor-version":[{"id":1431,"href":"https:\/\/www.cubipod.com\/fr\/wp-json\/wp\/v2\/pages\/615\/revisions\/1431"}],"wp:attachment":[{"href":"https:\/\/www.cubipod.com\/fr\/wp-json\/wp\/v2\/media?parent=615"}],"curies":[{"name":"wp","href":"https:\/\/api.w.org\/{rel}","templated":true}]}}