{"id":627,"date":"2022-01-07T19:52:21","date_gmt":"2022-01-07T19:52:21","guid":{"rendered":"https:\/\/cubipod.ohla-group.com\/mooc-upv-manual-cubipod\/"},"modified":"2022-01-18T12:15:57","modified_gmt":"2022-01-18T12:15:57","slug":"mooc-upv-manuel-cubipod","status":"publish","type":"page","link":"https:\/\/www.cubipod.com\/fr\/mooc-upv-manuel-cubipod\/","title":{"rendered":"MOOC UPV &#8211; Manuel Cubipod"},"content":{"rendered":"\n<p>Apprenez comment les brise-lames sont con\u00e7us afin d&rsquo;\u00e9tudier la viabilit\u00e9 des projets o\u00f9 des travaux maritimes sont inclus, notamment avec des armures Cubipod.<\/p>\n","protected":false},"excerpt":{"rendered":"<p>Apprenez comment les brise-lames sont con\u00e7us afin d&rsquo;\u00e9tudier la viabilit\u00e9 des projets o\u00f9 des travaux maritimes sont inclus, notamment avec des armures Cubipod.<\/p>\n","protected":false},"author":21,"featured_media":395,"parent":0,"menu_order":0,"comment_status":"closed","ping_status":"closed","template":"","meta":{"_acf_changed":false,"footnotes":"","_links_to":"","_links_to_target":""},"class_list":["post-627","page","type-page","status-publish","has-post-thumbnail","hentry"],"acf":[],"_links":{"self":[{"href":"https:\/\/www.cubipod.com\/fr\/wp-json\/wp\/v2\/pages\/627","targetHints":{"allow":["GET"]}}],"collection":[{"href":"https:\/\/www.cubipod.com\/fr\/wp-json\/wp\/v2\/pages"}],"about":[{"href":"https:\/\/www.cubipod.com\/fr\/wp-json\/wp\/v2\/types\/page"}],"author":[{"embeddable":true,"href":"https:\/\/www.cubipod.com\/fr\/wp-json\/wp\/v2\/users\/21"}],"replies":[{"embeddable":true,"href":"https:\/\/www.cubipod.com\/fr\/wp-json\/wp\/v2\/comments?post=627"}],"version-history":[{"count":2,"href":"https:\/\/www.cubipod.com\/fr\/wp-json\/wp\/v2\/pages\/627\/revisions"}],"predecessor-version":[{"id":632,"href":"https:\/\/www.cubipod.com\/fr\/wp-json\/wp\/v2\/pages\/627\/revisions\/632"}],"wp:featuredmedia":[{"embeddable":true,"href":"https:\/\/www.cubipod.com\/fr\/wp-json\/wp\/v2\/media\/395"}],"wp:attachment":[{"href":"https:\/\/www.cubipod.com\/fr\/wp-json\/wp\/v2\/media?parent=627"}],"curies":[{"name":"wp","href":"https:\/\/api.w.org\/{rel}","templated":true}]}}