{"id":638,"date":"2022-01-05T17:57:51","date_gmt":"2022-01-05T17:57:51","guid":{"rendered":"https:\/\/cubipod.ohla-group.com\/construction\/encofrados\/"},"modified":"2022-01-08T18:54:25","modified_gmt":"2022-01-08T18:54:25","slug":"moules","status":"publish","type":"page","link":"https:\/\/www.cubipod.com\/fr\/construction\/moules\/","title":{"rendered":"Moules"},"content":{"rendered":"\n<p>Les moules pour la fabrication des Cubipod b\u00e9n\u00e9ficient d\u2019un brevet international d\u00e9pos\u00e9 par SATO et ils ont \u00e9t\u00e9 con\u00e7us afin d\u2019optimiser leur rendement. Ils sont de type \u00ab&nbsp;moule \u00e0 flan&nbsp;\u00bb comme ceux employ\u00e9s dans la fabrication des blocs cubiques. Le d\u00e9moulage peut se faire verticalement 6 ou 8 heures apr\u00e8s le coulage (d\u2019un \u00e0 trois coulages\/jour).<\/p>\n\n\n\n<p>Les moules sont fabriqu\u00e9s avec une l\u00e9g\u00e8re conicit\u00e9 et avec les ar\u00eates chanfrein\u00e9es afin de faciliter le d\u00e9moulage des pi\u00e8ces.&nbsp;<\/p>\n\n\n\n<p>Ces moules exigent moins d\u2019espace et sont moins sensibles aux d\u00e9chets du chantier et aux irr\u00e9gularit\u00e9s du terrain que les moules \u00e0 ouverture lat\u00e9rale des pi\u00e8ces&nbsp;<em>bulky<\/em>. Les moules des Cubipod ont \u00e9t\u00e9 con\u00e7us pour accroitre la performance de fabrication, ce qui se traduit par une r\u00e9duction en terme de co\u00fbts et d\u2019espace.<\/p>\n","protected":false},"excerpt":{"rendered":"<p>Les moules pour la fabrication des Cubipod b\u00e9n\u00e9ficient d\u2019un brevet international d\u00e9pos\u00e9 par SATO et ils ont \u00e9t\u00e9 con\u00e7us afin d\u2019optimiser leur rendement. Ils sont de type \u00ab&nbsp;moule \u00e0 flan&nbsp;\u00bb comme ceux employ\u00e9s dans la fabrication des blocs cubiques. Le [&hellip;]<\/p>\n","protected":false},"author":21,"featured_media":216,"parent":634,"menu_order":1,"comment_status":"closed","ping_status":"closed","template":"","meta":{"_acf_changed":false,"footnotes":"","_links_to":"","_links_to_target":""},"class_list":["post-638","page","type-page","status-publish","has-post-thumbnail","hentry"],"acf":[],"_links":{"self":[{"href":"https:\/\/www.cubipod.com\/fr\/wp-json\/wp\/v2\/pages\/638","targetHints":{"allow":["GET"]}}],"collection":[{"href":"https:\/\/www.cubipod.com\/fr\/wp-json\/wp\/v2\/pages"}],"about":[{"href":"https:\/\/www.cubipod.com\/fr\/wp-json\/wp\/v2\/types\/page"}],"author":[{"embeddable":true,"href":"https:\/\/www.cubipod.com\/fr\/wp-json\/wp\/v2\/users\/21"}],"replies":[{"embeddable":true,"href":"https:\/\/www.cubipod.com\/fr\/wp-json\/wp\/v2\/comments?post=638"}],"version-history":[{"count":1,"href":"https:\/\/www.cubipod.com\/fr\/wp-json\/wp\/v2\/pages\/638\/revisions"}],"predecessor-version":[{"id":640,"href":"https:\/\/www.cubipod.com\/fr\/wp-json\/wp\/v2\/pages\/638\/revisions\/640"}],"up":[{"embeddable":true,"href":"https:\/\/www.cubipod.com\/fr\/wp-json\/wp\/v2\/pages\/634"}],"wp:featuredmedia":[{"embeddable":true,"href":"https:\/\/www.cubipod.com\/fr\/wp-json\/wp\/v2\/media\/216"}],"wp:attachment":[{"href":"https:\/\/www.cubipod.com\/fr\/wp-json\/wp\/v2\/media?parent=638"}],"curies":[{"name":"wp","href":"https:\/\/api.w.org\/{rel}","templated":true}]}}