{"id":642,"date":"2022-01-05T17:59:23","date_gmt":"2022-01-05T17:59:23","guid":{"rendered":"https:\/\/cubipod.ohla-group.com\/construction\/fabricacion\/"},"modified":"2022-01-25T13:06:58","modified_gmt":"2022-01-25T13:06:58","slug":"fabrication","status":"publish","type":"page","link":"https:\/\/www.cubipod.com\/fr\/construction\/fabrication\/","title":{"rendered":"Fabrication"},"content":{"rendered":"\n<p>La fabrication des Cubipod au moyen de moules verticaux est tr\u00e8s simple et son rendement est optimal (entre 1 \u00e0 3 coulages\/jour). Ce type de coffrage permet de travailler avec des lignes de production plus compactes ; l\u2019espace est ainsi optimis\u00e9, le nombre de moules est r\u00e9duit et il n\u2019est pas n\u00e9cessaire de fabriquer de grandes dalles de nivellement comme pour les moules \u00e0 ouverture lat\u00e9rale, ce qui minimise les co\u00fbts et simplifie les processus.<\/p>\n\n\n\n<p>Pour fabriquer les Cubipod, il suffit de pr\u00e9voir une voie sur\u00e9lev\u00e9e de b\u00e9tonnage o\u00f9 passent les camions malaxeurs qui versent directement le b\u00e9ton dans les coffrages situ\u00e9s sur leurs flancs. Apr\u00e8s la vibration et le temps de prise pertinent du b\u00e9ton, le d\u00e9moulage sera r\u00e9alis\u00e9 \u00e0 l\u2019aide de pinces sp\u00e9cifiques qui hissent le moule sup\u00e9rieur et dont la manipulation est tr\u00e8s simple et s\u00fbre.&nbsp;<\/p>\n\n\n\n<p>\u00c9tant donn\u00e9 que Cubipod est une pi\u00e8ce lourde, la qualit\u00e9 du b\u00e9ton ne doit pas \u00eatre aussi \u00e9lev\u00e9e que celle des pi\u00e8ces&nbsp;<em>slender<\/em>&nbsp;et&nbsp;<em>bulky.&nbsp;<\/em>Des b\u00e9tons de plus faible r\u00e9sistance peuvent donc \u00eatre employ\u00e9s.<\/p>\n\n\n\n<p>Compar\u00e9 \u00e0 la fabrication des pi\u00e8ces&nbsp;<em>bulky<\/em>&nbsp;(1pi\u00e8ce\/jour\/moule), celle du Cubipod requiert moins de la moiti\u00e9 de moules et une zone de production plus petite.<\/p>\n","protected":false},"excerpt":{"rendered":"<p>La fabrication des Cubipod au moyen de moules verticaux est tr\u00e8s simple et son rendement est optimal (entre 1 \u00e0 3 coulages\/jour). Ce type de coffrage permet de travailler avec des lignes de production plus compactes ; l\u2019espace est ainsi [&hellip;]<\/p>\n","protected":false},"author":21,"featured_media":220,"parent":634,"menu_order":2,"comment_status":"closed","ping_status":"closed","template":"","meta":{"_acf_changed":false,"footnotes":"","_links_to":"","_links_to_target":""},"class_list":["post-642","page","type-page","status-publish","has-post-thumbnail","hentry"],"acf":[],"_links":{"self":[{"href":"https:\/\/www.cubipod.com\/fr\/wp-json\/wp\/v2\/pages\/642","targetHints":{"allow":["GET"]}}],"collection":[{"href":"https:\/\/www.cubipod.com\/fr\/wp-json\/wp\/v2\/pages"}],"about":[{"href":"https:\/\/www.cubipod.com\/fr\/wp-json\/wp\/v2\/types\/page"}],"author":[{"embeddable":true,"href":"https:\/\/www.cubipod.com\/fr\/wp-json\/wp\/v2\/users\/21"}],"replies":[{"embeddable":true,"href":"https:\/\/www.cubipod.com\/fr\/wp-json\/wp\/v2\/comments?post=642"}],"version-history":[{"count":1,"href":"https:\/\/www.cubipod.com\/fr\/wp-json\/wp\/v2\/pages\/642\/revisions"}],"predecessor-version":[{"id":645,"href":"https:\/\/www.cubipod.com\/fr\/wp-json\/wp\/v2\/pages\/642\/revisions\/645"}],"up":[{"embeddable":true,"href":"https:\/\/www.cubipod.com\/fr\/wp-json\/wp\/v2\/pages\/634"}],"wp:featuredmedia":[{"embeddable":true,"href":"https:\/\/www.cubipod.com\/fr\/wp-json\/wp\/v2\/media\/220"}],"wp:attachment":[{"href":"https:\/\/www.cubipod.com\/fr\/wp-json\/wp\/v2\/media?parent=642"}],"curies":[{"name":"wp","href":"https:\/\/api.w.org\/{rel}","templated":true}]}}